{"id":864,"date":"2020-11-27T14:39:00","date_gmt":"2020-11-27T13:39:00","guid":{"rendered":"https:\/\/jacekplacek.com.pl\/?post_type=product&#038;p=864"},"modified":"2025-11-18T18:27:16","modified_gmt":"2025-11-18T17:27:16","slug":"%d0%ba%d1%83%d0%b1-%d0%bc%d0%b0%d1%80%d1%87%d0%b5%d0%bb%d0%bb%d0%be","status":"publish","type":"product","link":"https:\/\/jacekplacek.com.pl\/uk\/%d0%b7%d0%b1%d0%b5%d1%80%d1%96%d0%b3%d0%b0%d1%82%d0%b8\/torty_i_desery\/%d1%82%d0%be%d1%80%d1%82-%d0%ba%d1%83%d0%b1%d0%b8%d0%ba%d0%b8\/%d0%ba%d1%83%d0%b1-%d0%bc%d0%b0%d1%80%d1%87%d0%b5%d0%bb%d0%bb%d0%be\/","title":{"rendered":"\u041a\u0443\u0431 \u041c\u0430\u0440\u0447\u0435\u043b\u043b\u043e"},"content":{"rendered":"<p><strong>\u041a\u0430\u043a\u0430\u043e-\u0431\u0456\u0441\u043a\u0432\u0456\u0442, \u0432\u0438\u0448\u043d\u0435\u0432\u0438\u0439 \u043f\u0443\u043d\u0448 \u0456 \u0448\u043e\u043a\u043e\u043b\u0430\u0434\u043d\u043e-\u043c\u0430\u0441\u043b\u044f\u043d\u0438\u0439 \u043a\u0440\u0435\u043c \u0437 \u0432\u0438\u0448\u043d\u0435\u044e.<\/strong><\/p>\n<p>\u041d\u0435\u0445\u0430\u0439 \u043d\u0430\u0448\u0456 \u043a\u0443\u0431\u0438\u043a\u0438 \u0434\u043b\u044f \u0442\u043e\u0440\u0442\u0430 \u043f\u0456\u0434\u0441\u043e\u043b\u043e\u0434\u044f\u0442\u044c \u0432\u0430\u0448\u0435 \u0436\u0438\u0442\u0442\u044f \u0442\u0430 \u0443\u0440\u0456\u0437\u043d\u043e\u043c\u0430\u043d\u0456\u0442\u043d\u044f\u0442\u044c \u0434\u0435\u0441\u0435\u0440\u0442\u043d\u0435 \u043c\u0435\u043d\u044e!<\/p>","protected":false},"excerpt":{"rendered":"<p><span data-sheets-root=\"1\">Dwie warstwy kakaowego biszkoptu nas\u0105czonego ponczem wi\u015bniowym, prze\u0142o\u017cone ma\u015blanym kremem czekoladowym z dodatkiem soczystych wi\u015bni.<\/span><\/p>","protected":false},"featured_media":3713,"comment_status":"closed","ping_status":"closed","template":"","meta":{"content-type":""},"product_brand":[],"product_cat":[268],"product_tag":[444,64,446,445,449,269,273,208],"class_list":{"0":"post-864","1":"product","2":"type-product","3":"status-publish","4":"has-post-thumbnail","6":"product_cat-kostki-tortowe","7":"product_tag-cukiernia-jacek-placek","8":"product_tag-czekolada","9":"product_tag-jacek-placek-gdansk","10":"product_tag-jacek-placek-gowino","11":"product_tag-jacek-placek-sopot","12":"product_tag-kostka-tortowa","13":"product_tag-mercello","14":"product_tag-wisnie","16":"entry","17":"has-media","19":"first","20":"instock","21":"shipping-taxable","22":"product-type-variable","23":"has-default-attributes","24":"has-product-nav","25":"col","26":"span_1_of_4","27":"owp-content-center","28":"owp-thumbs-layout-horizontal","29":"owp-btn-normal","30":"owp-tabs-layout-horizontal"},"acf":[],"_links":{"self":[{"href":"https:\/\/jacekplacek.com.pl\/uk\/wp-json\/wp\/v2\/product\/864","targetHints":{"allow":["GET"]}}],"collection":[{"href":"https:\/\/jacekplacek.com.pl\/uk\/wp-json\/wp\/v2\/product"}],"about":[{"href":"https:\/\/jacekplacek.com.pl\/uk\/wp-json\/wp\/v2\/types\/product"}],"replies":[{"embeddable":true,"href":"https:\/\/jacekplacek.com.pl\/uk\/wp-json\/wp\/v2\/comments?post=864"}],"wp:featuredmedia":[{"embeddable":true,"href":"https:\/\/jacekplacek.com.pl\/uk\/wp-json\/wp\/v2\/media\/3713"}],"wp:attachment":[{"href":"https:\/\/jacekplacek.com.pl\/uk\/wp-json\/wp\/v2\/media?parent=864"}],"wp:term":[{"taxonomy":"product_brand","embeddable":true,"href":"https:\/\/jacekplacek.com.pl\/uk\/wp-json\/wp\/v2\/product_brand?post=864"},{"taxonomy":"product_cat","embeddable":true,"href":"https:\/\/jacekplacek.com.pl\/uk\/wp-json\/wp\/v2\/product_cat?post=864"},{"taxonomy":"product_tag","embeddable":true,"href":"https:\/\/jacekplacek.com.pl\/uk\/wp-json\/wp\/v2\/product_tag?post=864"}],"curies":[{"name":"wp","href":"https:\/\/api.w.org\/{rel}","templated":true}]}}