{"id":775,"date":"2020-11-27T13:28:54","date_gmt":"2020-11-27T12:28:54","guid":{"rendered":"https:\/\/jacekplacek.com.pl\/?post_type=product&#038;p=775"},"modified":"2025-11-18T18:30:05","modified_gmt":"2025-11-18T17:30:05","slug":"%d0%b1%d1%96%d1%81%d0%ba%d0%b2%d1%96%d1%82-%d0%b7-%d1%84%d1%80%d1%83%d0%ba%d1%82%d0%b0%d0%bc%d0%b8-%d0%b6%d0%b5%d0%bb%d0%b5-2","status":"publish","type":"product","link":"https:\/\/jacekplacek.com.pl\/uk\/%d0%b7%d0%b1%d0%b5%d1%80%d1%96%d0%b3%d0%b0%d1%82%d0%b8\/%d0%ba%d1%80%d0%b5%d0%bc-%d0%ba%d0%be%d1%80%d0%b6%d1%96\/%d0%ba%d0%be%d1%80%d0%b6%d1%96-%d0%b7-%d0%b2%d0%b5%d1%80%d1%88%d0%ba%d0%be%d0%b2%d0%b8%d0%bc-%d0%ba%d1%80%d0%b5%d0%bc%d0%be%d0%bc\/%d0%b1%d1%96%d1%81%d0%ba%d0%b2%d1%96%d1%82-%d0%b7-%d1%84%d1%80%d1%83%d0%ba%d1%82%d0%b0%d0%bc%d0%b8-%d0%b6%d0%b5%d0%bb%d0%b5-2\/","title":{"rendered":"\u0411\u0456\u0441\u043a\u0432\u0456\u0442 \u0437 \u0444\u0440\u0443\u043a\u0442\u0430\u043c\u0438 \u0456 \u0436\u0435\u043b\u0435"},"content":{"rendered":"<p>\u0411\u0456\u0441\u043a\u0432\u0456\u0442\u043d\u0438\u0439 \u043a\u043e\u0440\u0436 \u043f\u0440\u043e\u0448\u0430\u0440\u043e\u0432\u0430\u043d\u0438\u0439 \u0432\u0435\u0440\u0448\u043a\u043e\u0432\u0438\u043c \u043a\u0440\u0435\u043c\u043e\u043c, \u0437\u0430\u043b\u0438\u0442\u0438\u0439 \u0444\u0440\u0443\u043a\u0442\u043e\u0432\u0438\u043c \u0436\u0435\u043b\u0435.<\/p>\n<p>&nbsp;<\/p>\n<h3><\/h3>\n<p>&nbsp;<\/p>","protected":false},"excerpt":{"rendered":"<p><span data-sheets-root=\"1\">Biszkopt prze\u0142o\u017cony kremem \u015bmietanowym, wyko\u0144czony owocami i galaretk\u0105. Lekkie i efektowne ciasto na rodzinne spotkania.<\/span><\/p>","protected":false},"featured_media":13336,"comment_status":"closed","ping_status":"closed","template":"","meta":{"content-type":""},"product_brand":[],"product_cat":[80],"product_tag":[203,444,137,446,445,449,484,220],"class_list":{"0":"post-775","1":"product","2":"type-product","3":"status-publish","4":"has-post-thumbnail","6":"product_cat-ciasta-z-kremem-smietanowym","7":"product_tag-biszkopt","8":"product_tag-cukiernia-jacek-placek","9":"product_tag-galaretka","10":"product_tag-jacek-placek-gdansk","11":"product_tag-jacek-placek-gowino","12":"product_tag-jacek-placek-sopot","13":"product_tag-krem-smietanowy","14":"product_tag-owoce","16":"entry","17":"has-media","19":"first","20":"instock","21":"shipping-taxable","22":"product-type-variable","23":"has-default-attributes","24":"has-product-nav","25":"col","26":"span_1_of_4","27":"owp-content-center","28":"owp-thumbs-layout-horizontal","29":"owp-btn-normal","30":"owp-tabs-layout-horizontal"},"acf":[],"_links":{"self":[{"href":"https:\/\/jacekplacek.com.pl\/uk\/wp-json\/wp\/v2\/product\/775","targetHints":{"allow":["GET"]}}],"collection":[{"href":"https:\/\/jacekplacek.com.pl\/uk\/wp-json\/wp\/v2\/product"}],"about":[{"href":"https:\/\/jacekplacek.com.pl\/uk\/wp-json\/wp\/v2\/types\/product"}],"replies":[{"embeddable":true,"href":"https:\/\/jacekplacek.com.pl\/uk\/wp-json\/wp\/v2\/comments?post=775"}],"wp:featuredmedia":[{"embeddable":true,"href":"https:\/\/jacekplacek.com.pl\/uk\/wp-json\/wp\/v2\/media\/13336"}],"wp:attachment":[{"href":"https:\/\/jacekplacek.com.pl\/uk\/wp-json\/wp\/v2\/media?parent=775"}],"wp:term":[{"taxonomy":"product_brand","embeddable":true,"href":"https:\/\/jacekplacek.com.pl\/uk\/wp-json\/wp\/v2\/product_brand?post=775"},{"taxonomy":"product_cat","embeddable":true,"href":"https:\/\/jacekplacek.com.pl\/uk\/wp-json\/wp\/v2\/product_cat?post=775"},{"taxonomy":"product_tag","embeddable":true,"href":"https:\/\/jacekplacek.com.pl\/uk\/wp-json\/wp\/v2\/product_tag?post=775"}],"curies":[{"name":"wp","href":"https:\/\/api.w.org\/{rel}","templated":true}]}}