{"id":6908,"date":"2022-06-23T09:21:33","date_gmt":"2022-06-23T07:21:33","guid":{"rendered":"https:\/\/jacekplacek.com.pl\/?post_type=product&#038;p=6908"},"modified":"2025-11-18T18:27:31","modified_gmt":"2025-11-18T17:27:31","slug":"%d1%85%d0%be%d0%bb%d0%be%d0%b4%d0%bd%d0%b8%d0%b9-%d1%81%d0%b8%d1%80%d0%bd%d0%b8%d0%ba-%d0%b7-%d0%b1%d0%b5%d1%80%d0%b5%d0%b7%d0%be%d0%b2%d0%b8%d0%bc-%d1%86%d1%83%d0%ba%d1%80%d0%be%d0%bc","status":"publish","type":"product","link":"https:\/\/jacekplacek.com.pl\/uk\/%d0%b7%d0%b1%d0%b5%d1%80%d1%96%d0%b3%d0%b0%d1%82%d0%b8\/%d1%81%d0%b8%d1%80%d0%bd%d0%b8%d0%ba%d0%b8-%d0%b2%d1%81%d0%b5\/%d1%85%d0%be%d0%bb%d0%be%d0%b4%d0%bd%d1%96-%d1%81%d0%b8%d1%80%d0%bd%d0%b8%d0%ba%d0%b8\/%d1%85%d0%be%d0%bb%d0%be%d0%b4%d0%bd%d0%b8%d0%b9-%d1%81%d0%b8%d1%80%d0%bd%d0%b8%d0%ba-%d0%b7-%d0%b1%d0%b5%d1%80%d0%b5%d0%b7%d0%be%d0%b2%d0%b8%d0%bc-%d1%86%d1%83%d0%ba%d1%80%d0%be%d0%bc\/","title":{"rendered":"\u041c\u0430\u043b\u0438\u043d\u043e\u0432\u0438\u0439 \u043f\u0438\u0440\u0456\u0433 \u0437 \u0431\u0435\u0440\u0435\u0437\u043e\u0432\u0438\u043c \u0446\u0443\u043a\u0440\u043e\u043c - \u043a\u0441\u0438\u043b\u0456\u0442"},"content":{"rendered":"<p><span style=\"font-size: 16px;\">\u0412\u0438 \u043b\u044e\u0431\u0438\u0442\u0435 \u043a\u0440\u0435\u043c\u043e\u0432\u0456 \u043e\u0445\u043e\u043b\u043e\u0434\u0436\u0435\u043d\u0456 \u0434\u0435\u0441\u0435\u0440\u0442\u0438 \u0442\u0430 \u0444\u0456\u0440\u043c\u043e\u0432\u0443 \u0442\u0435\u043a\u0441\u0442\u0443\u0440\u0443 \u043f\u0456\u043d\u0438? \u0422\u0435\u043f\u0435\u0440 \u0432\u0438 \u043c\u043e\u0436\u0435\u0442\u0435 \u043d\u0430\u0441\u043e\u043b\u043e\u0434\u0438\u0442\u0438\u0441\u044f \u0444\u0440\u0443\u043a\u0442\u043e\u0432\u043e-\u0432\u0435\u0440\u0448\u043a\u043e\u0432\u0438\u043c \u0441\u043c\u0430\u043a\u043e\u043c \u0445\u043e\u043b\u043e\u0434\u043d\u043e\u0433\u043e \u0447\u0456\u0437\u043a\u0435\u0439\u043a\u0443, \u044f\u043a\u0438\u0439 \u043d\u0435 \u043c\u0456\u0441\u0442\u0438\u0442\u044c \u0442\u0440\u0430\u0434\u0438\u0446\u0456\u0439\u043d\u043e\u0433\u043e \u0446\u0443\u043a\u0440\u0443. \u041c\u0438 \u0439\u043e\u0433\u043e \u0437\u0430\u043c\u0456\u043d\u0438\u043b\u0438 <strong>cukrem brzozowym &#8211; ksylitolem, kt\u00f3ry<\/strong>\u00a0ma bardzo<strong> niski indeks glikemiczny.<\/strong><\/span><\/p>\n<p><span style=\"font-weight: 400;\">(\u0417\u0430\u0432\u043e\u0434 \u0432\u0438\u043a\u043e\u0440\u0438\u0441\u0442\u043e\u0432\u0443\u0454: \u0431\u043e\u0440\u043e\u0448\u043d\u043e, \u044f\u0439\u0446\u044f, \u0433\u043e\u0440\u0456\u0445\u0438, \u043a\u0443\u043d\u0436\u0443\u0442 \u0456 \u043c\u043e\u043b\u043e\u043a\u043e. \u0422\u043e\u043c\u0443 \u043a\u043e\u0436\u0435\u043d \u043f\u0440\u043e\u0434\u0443\u043a\u0442 \u043c\u043e\u0436\u0435 \u043c\u0456\u0441\u0442\u0438\u0442\u0438 \u0441\u043b\u0456\u0434\u0438 \u0437\u0430\u0437\u043d\u0430\u0447\u0435\u043d\u0438\u0445 \u0430\u043b\u0435\u0440\u0433\u0435\u043d\u0456\u0432, \u043d\u0430\u0432\u0456\u0442\u044c \u044f\u043a\u0449\u043e \u0432\u043e\u043d\u0438 \u043d\u0435 \u0432\u043a\u0430\u0437\u0430\u043d\u0456 \u0432 \u043e\u043f\u0438\u0441\u0456 \u0442\u0430 \u0441\u043f\u0438\u0441\u043a\u0443 \u0456\u043d\u0433\u0440\u0435\u0434\u0456\u0454\u043d\u0442\u0456\u0432.)<\/span><\/p>","protected":false},"excerpt":{"rendered":"<p><span style=\"font-weight: 400;\">Sernik na zimno z cukrem brzozowym &#8211; sp\u00f3d z ciasteczek orkiszowych z ksylitolem, masa serowa z mascarpone i malinami udekorowana warstw\u0105 \u017celki malinowej.<\/span><\/p>","protected":false},"featured_media":11449,"comment_status":"closed","ping_status":"closed","template":"","meta":{"content-type":""},"product_brand":[],"product_cat":[76,534],"product_tag":[551,444,553,552,446,445,449,539,198,135],"class_list":{"0":"post-6908","1":"product","2":"type-product","3":"status-publish","4":"has-post-thumbnail","6":"product_cat-serniki-na-zimno","7":"product_cat-ciasta-weganskie-i-keto","8":"product_tag-cukier-brzozowy","9":"product_tag-cukiernia-jacek-placek","10":"product_tag-dla-cukrzykow","11":"product_tag-dla-diabetykow","12":"product_tag-jacek-placek-gdansk","13":"product_tag-jacek-placek-gowino","14":"product_tag-jacek-placek-sopot","15":"product_tag-ksylitol","16":"product_tag-malinowa-poezja","17":"product_tag-sernik-na-zimno","19":"entry","20":"has-media","22":"first","23":"instock","24":"shipping-taxable","25":"product-type-variable","26":"has-product-nav","27":"col","28":"span_1_of_4","29":"owp-content-center","30":"owp-thumbs-layout-horizontal","31":"owp-btn-normal","32":"owp-tabs-layout-horizontal"},"acf":[],"_links":{"self":[{"href":"https:\/\/jacekplacek.com.pl\/uk\/wp-json\/wp\/v2\/product\/6908","targetHints":{"allow":["GET"]}}],"collection":[{"href":"https:\/\/jacekplacek.com.pl\/uk\/wp-json\/wp\/v2\/product"}],"about":[{"href":"https:\/\/jacekplacek.com.pl\/uk\/wp-json\/wp\/v2\/types\/product"}],"replies":[{"embeddable":true,"href":"https:\/\/jacekplacek.com.pl\/uk\/wp-json\/wp\/v2\/comments?post=6908"}],"wp:featuredmedia":[{"embeddable":true,"href":"https:\/\/jacekplacek.com.pl\/uk\/wp-json\/wp\/v2\/media\/11449"}],"wp:attachment":[{"href":"https:\/\/jacekplacek.com.pl\/uk\/wp-json\/wp\/v2\/media?parent=6908"}],"wp:term":[{"taxonomy":"product_brand","embeddable":true,"href":"https:\/\/jacekplacek.com.pl\/uk\/wp-json\/wp\/v2\/product_brand?post=6908"},{"taxonomy":"product_cat","embeddable":true,"href":"https:\/\/jacekplacek.com.pl\/uk\/wp-json\/wp\/v2\/product_cat?post=6908"},{"taxonomy":"product_tag","embeddable":true,"href":"https:\/\/jacekplacek.com.pl\/uk\/wp-json\/wp\/v2\/product_tag?post=6908"}],"curies":[{"name":"wp","href":"https:\/\/api.w.org\/{rel}","templated":true}]}}