{"id":4516,"date":"2022-02-08T14:13:15","date_gmt":"2022-02-08T13:13:15","guid":{"rendered":"https:\/\/jacekplacek.com.pl\/?post_type=product&#038;p=4516"},"modified":"2025-11-18T18:27:21","modified_gmt":"2025-11-18T17:27:21","slug":"mini-serniczek-cynamonowy","status":"publish","type":"product","link":"https:\/\/jacekplacek.com.pl\/uk\/%d0%b7%d0%b1%d0%b5%d1%80%d1%96%d0%b3%d0%b0%d1%82%d0%b8\/torty_i_desery\/%d0%ba%d0%b0%d1%84%d0%b5-%d0%bc%d1%96%d0%bd%d1%96-%d0%b4%d0%b5%d1%81%d0%b5%d1%80%d1%82%d0%b8\/mini-serniczek-cynamonowy\/","title":{"rendered":"\u0427\u0456\u0437\u043a\u0435\u0439\u043a \u043c\u0456\u043d\u0456 \u0437 \u043a\u043e\u0440\u0438\u0446\u0435\u044e 3 \u0448\u0442"},"content":{"rendered":"<p><strong>Rarytas dla wielbi\u0105cych zimowe korzenne smaki \u2013 mini serniczek cynamonowy na zimno! Masa serowa z najlepszej \u015bmietanki krem\u00f3wki i prawdziwego mas\u0142a, na spodzie delikatne, cynamonowe ciasteczka, wierzch posypany cynamonem.<\/strong><\/p>\n<p>\u0414\u0456\u0430\u043c\u0435\u0442\u0440 7,5 \u0441\u043c, \u0432\u0438\u0441\u043e\u0442\u0430 4 \u0441\u043c.<\/p>\n<p>\u041f\u0440\u043e\u0434\u0443\u043a\u0442 \u0434\u043e\u0441\u0442\u0443\u043f\u043d\u0438\u0439 \u0443 <strong>3 \u0448\u0442. \u0432 \u0437\u0431\u0456\u0440\u043d\u0456\u0439 \u0443\u043f\u0430\u043a\u043e\u0432\u0446\u0456 (1 \u0448\u0442. \u0431\u043b. 140 \u0433).<\/strong><\/p>","protected":false},"excerpt":{"rendered":"<p><span data-sheets-root=\"1\">\u041e\u0441\u043d\u043e\u0432\u0430 \u0437 \u043f\u0456\u0441\u043e\u0447\u043d\u043e\u0433\u043e \u0442\u0456\u0441\u0442\u0430 \u0437 \u043a\u043e\u0440\u0438\u0446\u0435\u044e, \u043a\u0440\u0435\u043c\u043e\u0432\u043e-\u0441\u0438\u0440\u043d\u043e\u044e \u043d\u0430\u0447\u0438\u043d\u043a\u043e\u044e \u0442\u0430 \u043f\u043e\u0441\u0438\u043f\u043a\u043e\u044e \u043a\u043e\u0440\u0438\u0446\u0435\u044e.<\/span><\/p>\n<p>\u041f\u0440\u043e\u0434\u0443\u043a\u0442 \u0434\u043e\u0441\u0442\u0443\u043f\u043d\u0438\u0439 \u0443\u00a0<strong>3 \u0448\u0442. \u0432 \u0437\u0431\u0456\u0440\u043d\u0456\u0439 \u0443\u043f\u0430\u043a\u043e\u0432\u0446\u0456 (1 \u0448\u0442. \u0431\u043b. 140 \u0433).<\/strong><\/p>","protected":false},"featured_media":11338,"comment_status":"closed","ping_status":"closed","template":"","meta":{"content-type":""},"product_brand":[],"product_cat":[723],"product_tag":[444,442,446,445,449,441,200,135],"class_list":{"0":"post-4516","1":"product","2":"type-product","3":"status-publish","4":"has-post-thumbnail","6":"product_cat-mini-desery-do-kawiarni","7":"product_tag-cukiernia-jacek-placek","8":"product_tag-deser-jednoporcjowy","9":"product_tag-jacek-placek-gdansk","10":"product_tag-jacek-placek-gowino","11":"product_tag-jacek-placek-sopot","12":"product_tag-mini-sernik","13":"product_tag-sernik-cynamonowy","14":"product_tag-sernik-na-zimno","16":"entry","17":"has-media","19":"first","20":"instock","21":"shipping-taxable","22":"product-type-simple","23":"has-product-nav","24":"col","25":"span_1_of_4","26":"owp-content-center","27":"owp-thumbs-layout-horizontal","28":"owp-btn-normal","29":"owp-tabs-layout-horizontal"},"acf":[],"_links":{"self":[{"href":"https:\/\/jacekplacek.com.pl\/uk\/wp-json\/wp\/v2\/product\/4516","targetHints":{"allow":["GET"]}}],"collection":[{"href":"https:\/\/jacekplacek.com.pl\/uk\/wp-json\/wp\/v2\/product"}],"about":[{"href":"https:\/\/jacekplacek.com.pl\/uk\/wp-json\/wp\/v2\/types\/product"}],"replies":[{"embeddable":true,"href":"https:\/\/jacekplacek.com.pl\/uk\/wp-json\/wp\/v2\/comments?post=4516"}],"wp:featuredmedia":[{"embeddable":true,"href":"https:\/\/jacekplacek.com.pl\/uk\/wp-json\/wp\/v2\/media\/11338"}],"wp:attachment":[{"href":"https:\/\/jacekplacek.com.pl\/uk\/wp-json\/wp\/v2\/media?parent=4516"}],"wp:term":[{"taxonomy":"product_brand","embeddable":true,"href":"https:\/\/jacekplacek.com.pl\/uk\/wp-json\/wp\/v2\/product_brand?post=4516"},{"taxonomy":"product_cat","embeddable":true,"href":"https:\/\/jacekplacek.com.pl\/uk\/wp-json\/wp\/v2\/product_cat?post=4516"},{"taxonomy":"product_tag","embeddable":true,"href":"https:\/\/jacekplacek.com.pl\/uk\/wp-json\/wp\/v2\/product_tag?post=4516"}],"curies":[{"name":"wp","href":"https:\/\/api.w.org\/{rel}","templated":true}]}}