{"id":416,"date":"2020-11-25T11:20:11","date_gmt":"2020-11-25T10:20:11","guid":{"rendered":"https:\/\/jacekplacek.com.pl\/?post_type=product&#038;p=416"},"modified":"2025-11-18T18:28:52","modified_gmt":"2025-11-18T17:28:52","slug":"sernik-cytrynowy","status":"publish","type":"product","link":"https:\/\/jacekplacek.com.pl\/uk\/%d0%b7%d0%b1%d0%b5%d1%80%d1%96%d0%b3%d0%b0%d1%82%d0%b8\/%d1%81%d0%b8%d1%80%d0%bd%d0%b8%d0%ba%d0%b8-%d0%b2%d1%81%d0%b5\/%d1%81%d0%b8%d1%80%d0%bd%d0%b8%d0%ba%d0%b8\/sernik-cytrynowy\/","title":{"rendered":"\u041b\u0438\u043c\u043e\u043d\u043d\u0438\u0439 \u0447\u0456\u0437\u043a\u0435\u0439\u043a"},"content":{"rendered":"<p><strong>Odmiana sernika, w kt\u00f3rej barwa smakowa uzupe\u0142niona jest o cytryny.<\/strong><\/p>\n<p>Sp\u00f3d z ciemnej kruszonki, na niej masa sernikowa z sk\u00f3rk\u0105 i sokiem z cytryn, a wszystko polane czekoladow\u0105 polew\u0105.<\/p>\n<p>\u0404 \u0439 \u0456\u043d\u0448\u0456 \u0432\u0438\u0434\u0438 \u0441\u0438\u0440\u043d\u0438\u043a\u0456\u0432\u00a0<strong><a href=\"https:\/\/jacekplacek.com.pl\/uk\/%d0%ba%d0%b0%d1%82%d0%b5%d0%b3%d0%be%d1%80%d1%96%d1%8f+%d0%bf%d1%80%d0%be%d0%b4%d1%83%d0%ba%d1%82%d1%83\/%d1%81%d0%b8%d1%80%d0%bd%d0%b8%d0%ba%d0%b8-%d0%b2%d1%81%d0%b5\/\" target=\"_blank\" rel=\"noopener\">\u0442\u0443\u0442.<\/a><\/strong><\/p>","protected":false},"excerpt":{"rendered":"<p><span data-sheets-root=\"1\">Kakaowy, kruchy sp\u00f3d, puszysta masa serowa z sokiem z cytryny i czekoladowa polewa. Wywa\u017cone smaki cytryny i czekolady.<\/span><\/p>","protected":false},"featured_media":2862,"comment_status":"closed","ping_status":"closed","template":"","meta":{"content-type":""},"product_brand":[],"product_cat":[60],"product_tag":[421,444,186,446,445,449,72,61,184,185],"class_list":{"0":"post-416","1":"product","2":"type-product","3":"status-publish","4":"has-post-thumbnail","6":"product_cat-serniki","7":"product_tag-ciasta-swiateczne","8":"product_tag-cukiernia-jacek-placek","9":"product_tag-cytrynowy","10":"product_tag-jacek-placek-gdansk","11":"product_tag-jacek-placek-gowino","12":"product_tag-jacek-placek-sopot","13":"product_tag-polewa-czekoladowa","14":"product_tag-sernik","15":"product_tag-sernik-cytrynowy","16":"product_tag-sernik-z-czekolada","18":"entry","19":"has-media","21":"first","22":"instock","23":"shipping-taxable","24":"product-type-variable","25":"has-default-attributes","26":"has-product-nav","27":"col","28":"span_1_of_4","29":"owp-content-center","30":"owp-thumbs-layout-horizontal","31":"owp-btn-normal","32":"owp-tabs-layout-horizontal"},"acf":[],"_links":{"self":[{"href":"https:\/\/jacekplacek.com.pl\/uk\/wp-json\/wp\/v2\/product\/416","targetHints":{"allow":["GET"]}}],"collection":[{"href":"https:\/\/jacekplacek.com.pl\/uk\/wp-json\/wp\/v2\/product"}],"about":[{"href":"https:\/\/jacekplacek.com.pl\/uk\/wp-json\/wp\/v2\/types\/product"}],"replies":[{"embeddable":true,"href":"https:\/\/jacekplacek.com.pl\/uk\/wp-json\/wp\/v2\/comments?post=416"}],"wp:featuredmedia":[{"embeddable":true,"href":"https:\/\/jacekplacek.com.pl\/uk\/wp-json\/wp\/v2\/media\/2862"}],"wp:attachment":[{"href":"https:\/\/jacekplacek.com.pl\/uk\/wp-json\/wp\/v2\/media?parent=416"}],"wp:term":[{"taxonomy":"product_brand","embeddable":true,"href":"https:\/\/jacekplacek.com.pl\/uk\/wp-json\/wp\/v2\/product_brand?post=416"},{"taxonomy":"product_cat","embeddable":true,"href":"https:\/\/jacekplacek.com.pl\/uk\/wp-json\/wp\/v2\/product_cat?post=416"},{"taxonomy":"product_tag","embeddable":true,"href":"https:\/\/jacekplacek.com.pl\/uk\/wp-json\/wp\/v2\/product_tag?post=416"}],"curies":[{"name":"wp","href":"https:\/\/api.w.org\/{rel}","templated":true}]}}