{"id":389,"date":"2020-11-17T11:15:14","date_gmt":"2020-11-17T10:15:14","guid":{"rendered":"https:\/\/jacekplacek.com.pl\/?post_type=product&#038;p=389"},"modified":"2025-11-18T18:28:52","modified_gmt":"2025-11-18T17:28:52","slug":"%d1%86%d0%b8%d0%b3%d0%b0%d0%bd%d0%ba%d0%b0-%d1%87%d1%96%d0%b7%d0%ba%d0%b5%d0%b9%d0%ba","status":"publish","type":"product","link":"https:\/\/jacekplacek.com.pl\/uk\/%d0%b7%d0%b1%d0%b5%d1%80%d1%96%d0%b3%d0%b0%d1%82%d0%b8\/%d1%81%d0%b8%d1%80%d0%bd%d0%b8%d0%ba%d0%b8-%d0%b2%d1%81%d0%b5\/%d1%81%d0%b8%d1%80%d0%bd%d0%b8%d0%ba%d0%b8\/%d1%86%d0%b8%d0%b3%d0%b0%d0%bd%d0%ba%d0%b0-%d1%87%d1%96%d0%b7%d0%ba%d0%b5%d0%b9%d0%ba\/","title":{"rendered":"\u0426\u0438\u0433\u0430\u043d\u0441\u044c\u043a\u0438\u0439 \u0447\u0456\u0437\u043a\u0435\u0439\u043a"},"content":{"rendered":"<p><strong>\u0426\u0438\u0433\u0430\u043d\u0441\u044c\u043a\u0438\u0439 \u0441\u0438\u0440\u043d\u0438\u043a \u2013 \u0432\u0430\u0440\u0456\u0430\u043d\u0442, \u0432 \u044f\u043a\u043e\u043c\u0443 \u043d\u0435\u043c\u0430\u0454 \u0440\u043e\u0434\u0437\u0438\u043d\u043e\u043a. \u0421\u043c\u0430\u043a \u0441\u0438\u0440\u043d\u043e\u0457 \u043c\u0430\u0441\u0438 \u0437\u0431\u0430\u0433\u0430\u0447\u0435\u043d\u0438\u0439 \u043a\u0430\u043a\u0430\u043e-\u043a\u0440\u0430\u043c\u0431\u043b\u043e\u043c \u0456 \u043e\u0441\u043d\u043e\u0432\u043e\u044e \u0437 \u043b\u0435\u0433\u043a\u043e\u0433\u043e \u043f\u0456\u0441\u043e\u0447\u043d\u043e\u0433\u043e \u0442\u0456\u0441\u0442\u0430.<\/strong><\/p>\n<p>\u0404 \u0439 \u0456\u043d\u0448\u0456 \u0432\u0438\u0434\u0438 \u0441\u0438\u0440\u043d\u0438\u043a\u0456\u0432\u00a0<strong><a href=\"https:\/\/jacekplacek.com.pl\/uk\/%d0%ba%d0%b0%d1%82%d0%b5%d0%b3%d0%be%d1%80%d1%96%d1%8f+%d0%bf%d1%80%d0%be%d0%b4%d1%83%d0%ba%d1%82%d1%83\/%d1%81%d0%b8%d1%80%d0%bd%d0%b8%d0%ba%d0%b8-%d0%b2%d1%81%d0%b5\/\" target=\"_blank\" rel=\"noopener\">\u0442\u0443\u0442.<\/a><\/strong><\/p>","protected":false},"excerpt":{"rendered":"<p>Sernik na jasnym, kruchym cie\u015bcie z aksamitn\u0105 mas\u0105 twarogu homogenizowanego i kakaow\u0105 kruszonk\u0105. Sernik bez rodzynek!<\/p>","protected":false},"featured_media":3292,"comment_status":"closed","ping_status":"closed","template":"","meta":{"content-type":""},"product_brand":[],"product_cat":[60],"product_tag":[421,444,64,446,445,449,183,61,182],"class_list":{"0":"post-389","1":"product","2":"type-product","3":"status-publish","4":"has-post-thumbnail","6":"product_cat-serniki","7":"product_tag-ciasta-swiateczne","8":"product_tag-cukiernia-jacek-placek","9":"product_tag-czekolada","10":"product_tag-jacek-placek-gdansk","11":"product_tag-jacek-placek-gowino","12":"product_tag-jacek-placek-sopot","13":"product_tag-kruszonka","14":"product_tag-sernik","15":"product_tag-sernik-cyganski","17":"entry","18":"has-media","20":"first","21":"instock","22":"shipping-taxable","23":"product-type-variable","24":"has-default-attributes","25":"has-product-nav","26":"col","27":"span_1_of_4","28":"owp-content-center","29":"owp-thumbs-layout-horizontal","30":"owp-btn-normal","31":"owp-tabs-layout-horizontal"},"acf":[],"_links":{"self":[{"href":"https:\/\/jacekplacek.com.pl\/uk\/wp-json\/wp\/v2\/product\/389","targetHints":{"allow":["GET"]}}],"collection":[{"href":"https:\/\/jacekplacek.com.pl\/uk\/wp-json\/wp\/v2\/product"}],"about":[{"href":"https:\/\/jacekplacek.com.pl\/uk\/wp-json\/wp\/v2\/types\/product"}],"replies":[{"embeddable":true,"href":"https:\/\/jacekplacek.com.pl\/uk\/wp-json\/wp\/v2\/comments?post=389"}],"wp:featuredmedia":[{"embeddable":true,"href":"https:\/\/jacekplacek.com.pl\/uk\/wp-json\/wp\/v2\/media\/3292"}],"wp:attachment":[{"href":"https:\/\/jacekplacek.com.pl\/uk\/wp-json\/wp\/v2\/media?parent=389"}],"wp:term":[{"taxonomy":"product_brand","embeddable":true,"href":"https:\/\/jacekplacek.com.pl\/uk\/wp-json\/wp\/v2\/product_brand?post=389"},{"taxonomy":"product_cat","embeddable":true,"href":"https:\/\/jacekplacek.com.pl\/uk\/wp-json\/wp\/v2\/product_cat?post=389"},{"taxonomy":"product_tag","embeddable":true,"href":"https:\/\/jacekplacek.com.pl\/uk\/wp-json\/wp\/v2\/product_tag?post=389"}],"curies":[{"name":"wp","href":"https:\/\/api.w.org\/{rel}","templated":true}]}}