{"id":184,"date":"2020-09-03T12:49:07","date_gmt":"2020-09-03T10:49:07","guid":{"rendered":"https:\/\/jacekplacek.com.pl\/?post_type=product&#038;p=184"},"modified":"2025-11-18T18:27:22","modified_gmt":"2025-11-18T17:27:22","slug":"paszteciki-mysliwskie-kopia-2","status":"publish","type":"product","link":"https:\/\/jacekplacek.com.pl\/uk\/%d0%b7%d0%b1%d0%b5%d1%80%d1%96%d0%b3%d0%b0%d1%82%d0%b8\/pierogi-i-paszteciki\/%d0%bf%d0%b8%d1%80%d1%96%d0%b6%d0%ba%d0%b8\/paszteciki-mysliwskie-kopia-2\/","title":{"rendered":"\u041c\u0456\u043d\u0456 \u043c\u0438\u0441\u043b\u0438\u0432\u0441\u044c\u043a\u0456 \u043a\u043e\u0442\u043b\u0435\u0442\u0438"},"content":{"rendered":"<p>\u0412\u0430\u0436\u043a\u043e \u0443\u044f\u0432\u0438\u0442\u0438 \u0441\u043e\u0431\u0456 \u0441\u0443\u0447\u0430\u0441\u043d\u0438\u0439 \u0441\u0432\u0456\u0442 \u0431\u0435\u0437 \u043b\u0438\u0441\u0442\u043a\u043e\u0432\u043e\u0433\u043e \u0442\u0456\u0441\u0442\u0430 \u2013 \u0449\u043e \u043f\u0430\u0440\u0438\u0436\u0430\u043d\u0438\u043d \u0440\u043e\u0431\u0438\u0432 \u0431\u0438 \u0431\u0435\u0437 \u0441\u0432\u043e\u0433\u043e \u043a\u0430\u0432\u043e\u0432\u043e\u0433\u043e \u043a\u0440\u0443\u0430\u0441\u0430\u043d\u0443, \u043d\u0435 \u043a\u0430\u0436\u0443\u0447\u0438 \u0432\u0436\u0435 \u043f\u0440\u043e \u043f\u0430\u043f\u0441\u044c\u043a\u0456 \u043a\u0440\u0435\u043c\u043e\u0432\u0456 \u0442\u043e\u0440\u0442\u0438... \u041f\u043e\u043b\u044f\u043a\u0438 \u0436 \u043b\u044e\u0431\u043b\u044f\u0442\u044c \u043f\u0456\u043a\u0430\u043d\u0442\u043d\u0456 \u043b\u0438\u0441\u0442\u043a\u043e\u0432\u0456 \u0437\u0430\u043a\u0443\u0441\u043a\u0438, \u0431\u0430\u0436\u0430\u043d\u043e \u0437 \u0447\u0438\u0441\u0442\u0438\u043c \u0431\u043e\u0440\u0449\u0435\u043c.<\/p>\n<p>\u0412 \u0443\u043f\u0430\u043a\u043e\u0432\u0446\u0456 1 \u043a\u0433 \u0431\u043b\u0438\u0437\u044c\u043a\u043e 40 \u0448\u0442.<\/p>\n<p><span style=\"font-weight: 400;\">\u041d\u0430\u0448\u0430 \u043a\u043e\u043d\u0434\u0438\u0442\u0435\u0440\u0441\u044c\u043a\u0430 \u0442\u0430\u043a\u043e\u0436 \u0432\u0438\u043a\u043e\u0440\u0438\u0441\u0442\u043e\u0432\u0443\u0454 \u0446\u0435 \u043b\u0438\u0441\u0442\u043e\u0432\u0435 \u0442\u0456\u0441\u0442\u043e \u0434\u043b\u044f \u043f\u0440\u0438\u0433\u043e\u0442\u0443\u0432\u0430\u043d\u043d\u044f \u043a\u043e\u0442\u043b\u0435\u0442 \u0437 \u043d\u0430\u0447\u0438\u043d\u043a\u043e\u044e \u0437\u0456 \u0448\u043f\u0438\u043d\u0430\u0442\u0443, \u0444\u0435\u0442\u0438, \u043a\u0430\u043f\u0443\u0441\u0442\u0438 \u0442\u0430 \u0433\u0440\u0438\u0431\u0456\u0432 - \u0432\u0438 \u043c\u043e\u0436\u0435\u0442\u0435 \u0457\u0445 \u0437\u043d\u0430\u0439\u0442\u0438<strong><a href=\"https:\/\/jacekplacek.com.pl\/uk\/%d0%ba%d0%b0%d1%82%d0%b5%d0%b3%d0%be%d1%80%d1%96%d1%8f+%d0%bf%d1%80%d0%be%d0%b4%d1%83%d0%ba%d1%82%d1%83\/%d0%b7%d0%b0%d0%ba%d1%83%d1%81%d0%ba%d0%b8-%d0%b2%d0%b0%d1%80%d0%b5%d0%bd%d0%b8%d0%ba%d0%b8-2\/%d0%bf%d0%b8%d1%80%d1%96%d0%b6%d0%ba%d0%b8\/\" target=\"_blank\" rel=\"noopener\"> \u0442\u0443\u0442\u2026<\/a><\/strong><\/span><\/p>\n<p>&nbsp;<\/p>\n<p>&nbsp;<\/p>\n<p>&nbsp;<\/p>","protected":false},"excerpt":{"rendered":"<p>Smakowita przek\u0105ska z mi\u0119sem, kapust\u0105 i grzybami &#8211; na cie\u015bcie francuskim zrobionym wy\u0142\u0105cznie na ma\u015ble. W opakowaniu 1 kg znajduje si\u0119 ok. 40 sztuk pasztecik\u00f3w.<\/p>","protected":false},"featured_media":278,"comment_status":"closed","ping_status":"closed","template":"","meta":{"content-type":""},"product_brand":[],"product_cat":[37],"product_tag":[42,444,41,446,445,449,40,39,50,38,43],"class_list":{"0":"post-184","1":"product","2":"type-product","3":"status-publish","4":"has-post-thumbnail","6":"product_cat-paszteciki","7":"product_tag-ciasto-francuskie","8":"product_tag-cukiernia-jacek-placek","9":"product_tag-grzyby","10":"product_tag-jacek-placek-gdansk","11":"product_tag-jacek-placek-gowino","12":"product_tag-jacek-placek-sopot","13":"product_tag-kapusta","14":"product_tag-mieso","15":"product_tag-mini-paszteciki","16":"product_tag-paszteciki","17":"product_tag-przekaska","19":"entry","20":"has-media","22":"first","23":"instock","24":"shipping-taxable","25":"product-type-variable","26":"has-default-attributes","27":"has-product-nav","28":"col","29":"span_1_of_4","30":"owp-content-center","31":"owp-thumbs-layout-horizontal","32":"owp-btn-normal","33":"owp-tabs-layout-horizontal"},"acf":[],"_links":{"self":[{"href":"https:\/\/jacekplacek.com.pl\/uk\/wp-json\/wp\/v2\/product\/184","targetHints":{"allow":["GET"]}}],"collection":[{"href":"https:\/\/jacekplacek.com.pl\/uk\/wp-json\/wp\/v2\/product"}],"about":[{"href":"https:\/\/jacekplacek.com.pl\/uk\/wp-json\/wp\/v2\/types\/product"}],"replies":[{"embeddable":true,"href":"https:\/\/jacekplacek.com.pl\/uk\/wp-json\/wp\/v2\/comments?post=184"}],"wp:featuredmedia":[{"embeddable":true,"href":"https:\/\/jacekplacek.com.pl\/uk\/wp-json\/wp\/v2\/media\/278"}],"wp:attachment":[{"href":"https:\/\/jacekplacek.com.pl\/uk\/wp-json\/wp\/v2\/media?parent=184"}],"wp:term":[{"taxonomy":"product_brand","embeddable":true,"href":"https:\/\/jacekplacek.com.pl\/uk\/wp-json\/wp\/v2\/product_brand?post=184"},{"taxonomy":"product_cat","embeddable":true,"href":"https:\/\/jacekplacek.com.pl\/uk\/wp-json\/wp\/v2\/product_cat?post=184"},{"taxonomy":"product_tag","embeddable":true,"href":"https:\/\/jacekplacek.com.pl\/uk\/wp-json\/wp\/v2\/product_tag?post=184"}],"curies":[{"name":"wp","href":"https:\/\/api.w.org\/{rel}","templated":true}]}}