{"id":14575,"date":"2024-11-14T15:12:02","date_gmt":"2024-11-14T14:12:02","guid":{"rendered":"https:\/\/jacekplacek.com.pl\/?post_type=product&#038;p=14575"},"modified":"2025-11-18T18:31:21","modified_gmt":"2025-11-18T17:31:21","slug":"piernik-z-wisniami","status":"publish","type":"product","link":"https:\/\/jacekplacek.com.pl\/uk\/%d0%b7%d0%b1%d0%b5%d1%80%d1%96%d0%b3%d0%b0%d1%82%d0%b8\/babki-i-makowce\/piernik-z-wisniami\/","title":{"rendered":"\u041f\u0440\u044f\u043d\u0438\u043a\u0438 \u0437 \u0432\u0438\u0448\u043d\u044f\u043c\u0438"},"content":{"rendered":"<p>Poznaj smak \u015bwi\u0105t z wyj\u0105tkowym <strong>Piernikiem z Wi\u015bni\u0105<\/strong>! Ten aromatyczny wypiek \u0142\u0105czy w sobie klasyczne przyprawy korzenne z intensywnym, lekko kwaskowym smakiem wi\u015bni, tworz\u0105c niepowtarzaln\u0105 kompozycj\u0119, kt\u00f3ra zachwyci podniebienia wszystkich mi\u0142o\u015bnik\u00f3w s\u0142odko\u015bci. Nasz piernik z wi\u015bni\u0105 to idealny wyb\u00f3r dla tych, kt\u00f3rzy szukaj\u0105 klasyki w nowej, od\u015bwie\u017conej ods\u0142onie. Wi\u015bnie dodaj\u0105 ciastu wilgoci, co sprawia, \u017ce piernik jest delikatny i rozp\u0142ywa si\u0119 w ustach. <strong>Idealny na \u015bwi\u0105teczny st\u00f3\u0142 i na prezent<\/strong> \u2013 pi\u0119knie prezentuje si\u0119 na stole, a jego smak na d\u0142ugo zapadnie w pami\u0119ci go\u015bci.<\/p>\n<p>&nbsp;<\/p>\n<p>&nbsp;<\/p>","protected":false},"excerpt":{"rendered":"<p><strong>Piernik z Wi\u015bni\u0105<\/strong> to prawdziwa \u015bwi\u0105teczna przyjemno\u015b\u0107 \u2013 dodatek soczystych wi\u015bni prze\u0142amuje s\u0142odycz ciasta i dodaje mu wyj\u0105tkowego, owocowego akcentu, kt\u00f3ry \u015bwietnie kontrastuje z g\u0142\u0119bokim smakiem przypraw.<\/p>","protected":false},"featured_media":14731,"comment_status":"closed","ping_status":"closed","template":"","meta":{"content-type":""},"product_brand":[],"product_cat":[907,81],"product_tag":[845,444,446,445,449,95,435],"class_list":{"0":"post-14575","1":"product","2":"type-product","3":"status-publish","4":"has-post-thumbnail","6":"product_cat-ciasta-swiateczne","7":"product_cat-babki-i-makowce","8":"product_tag-ciasto-dyniowe","9":"product_tag-cukiernia-jacek-placek","10":"product_tag-jacek-placek-gdansk","11":"product_tag-jacek-placek-gowino","12":"product_tag-jacek-placek-sopot","13":"product_tag-piernik","14":"product_tag-piernik-z-dynia","16":"entry","17":"has-media","19":"first","20":"instock","21":"shipping-taxable","22":"product-type-variable","23":"has-default-attributes","24":"has-product-nav","25":"col","26":"span_1_of_4","27":"owp-content-center","28":"owp-thumbs-layout-horizontal","29":"owp-btn-normal","30":"owp-tabs-layout-horizontal"},"acf":[],"_links":{"self":[{"href":"https:\/\/jacekplacek.com.pl\/uk\/wp-json\/wp\/v2\/product\/14575","targetHints":{"allow":["GET"]}}],"collection":[{"href":"https:\/\/jacekplacek.com.pl\/uk\/wp-json\/wp\/v2\/product"}],"about":[{"href":"https:\/\/jacekplacek.com.pl\/uk\/wp-json\/wp\/v2\/types\/product"}],"replies":[{"embeddable":true,"href":"https:\/\/jacekplacek.com.pl\/uk\/wp-json\/wp\/v2\/comments?post=14575"}],"wp:featuredmedia":[{"embeddable":true,"href":"https:\/\/jacekplacek.com.pl\/uk\/wp-json\/wp\/v2\/media\/14731"}],"wp:attachment":[{"href":"https:\/\/jacekplacek.com.pl\/uk\/wp-json\/wp\/v2\/media?parent=14575"}],"wp:term":[{"taxonomy":"product_brand","embeddable":true,"href":"https:\/\/jacekplacek.com.pl\/uk\/wp-json\/wp\/v2\/product_brand?post=14575"},{"taxonomy":"product_cat","embeddable":true,"href":"https:\/\/jacekplacek.com.pl\/uk\/wp-json\/wp\/v2\/product_cat?post=14575"},{"taxonomy":"product_tag","embeddable":true,"href":"https:\/\/jacekplacek.com.pl\/uk\/wp-json\/wp\/v2\/product_tag?post=14575"}],"curies":[{"name":"wp","href":"https:\/\/api.w.org\/{rel}","templated":true}]}}