{"id":11066,"date":"2023-10-26T14:02:41","date_gmt":"2023-10-26T12:02:41","guid":{"rendered":"https:\/\/jacekplacek.com.pl\/?post_type=product&#038;p=11066"},"modified":"2025-11-18T18:31:00","modified_gmt":"2025-11-18T17:31:00","slug":"%d0%ba%d0%be%d1%80%d0%be%d0%bb%d1%96%d0%b2%d1%81%d1%8c%d0%ba%d0%b8%d0%b9-%d1%82%d0%be%d1%80%d1%82","status":"publish","type":"product","link":"https:\/\/jacekplacek.com.pl\/uk\/%d0%b7%d0%b1%d0%b5%d1%80%d1%96%d0%b3%d0%b0%d1%82%d0%b8\/torty_i_desery\/%d1%82%d0%be%d1%80%d1%82%d0%b8-2\/%d0%ba%d0%be%d1%80%d0%be%d0%bb%d1%96%d0%b2%d1%81%d1%8c%d0%ba%d0%b8%d0%b9-%d1%82%d0%be%d1%80%d1%82\/","title":{"rendered":"\u043a\u043e\u0440\u043e\u043b\u0456\u0432\u0441\u044c\u043a\u0438\u0439 \u0442\u043e\u0440\u0442"},"content":{"rendered":"<p><strong>\u041f\u0440\u0435\u0434\u0441\u0442\u0430\u0432\u043b\u044f\u0454\u043c\u043e \u041a\u043e\u0440\u043e\u043b\u0456\u0432\u0441\u044c\u043a\u0438\u0439 \u0442\u043e\u0440\u0442 - \u0443\u043d\u0456\u043a\u0430\u043b\u044c\u043d\u0435 \u043f\u043e\u0454\u0434\u043d\u0430\u043d\u043d\u044f \u0441\u043c\u0430\u043a\u0456\u0432, \u044f\u043a\u0435 \u0440\u0430\u0434\u0443\u0454 \u0441\u043c\u0430\u043a. <\/strong><\/p>\n<p><span style=\"font-weight: 400;\">\u041d\u0430\u0448 \u0440\u0435\u0446\u0435\u043f\u0442 \u0437\u0430\u0441\u043d\u043e\u0432\u0430\u043d\u0438\u0439 \u043d\u0430 \u043d\u0430\u0441\u0438\u0447\u0435\u043d\u043e\u043c\u0443 \u0441\u043c\u0430\u043a\u0443 \u0448\u043e\u043a\u043e\u043b\u0430\u0434\u043d\u043e\u0433\u043e \u0442\u043e\u0440\u0442\u0430 \u0437 \u0434\u043e\u0434\u0430\u0432\u0430\u043d\u043d\u044f\u043c \u0433\u043e\u0440\u0456\u0445\u0456\u0432, \u044f\u043a\u0456 \u043d\u0430\u0434\u0430\u044e\u0442\u044c \u0439\u043e\u043c\u0443 \u043d\u0435\u043f\u043e\u0432\u0442\u043e\u0440\u043d\u043e\u0433\u043e \u0445\u0430\u0440\u0430\u043a\u0442\u0435\u0440\u0443. \u0422\u043e\u0440\u0442 \u043f\u043e\u043b\u0438\u0442\u0438\u0439 \u0448\u043e\u043a\u043e\u043b\u0430\u0434\u043d\u0438\u043c \u043a\u0440\u0435\u043c\u043e\u043c, \u0437\u0430\u043b\u0438\u0442\u0438\u0439 \u0441\u043b\u0438\u0432\u043e\u0432\u0438\u043c \u0434\u0436\u0435\u043c\u043e\u043c \u0456 \u043b\u0438\u043c\u043e\u043d\u043d\u043e-\u043c\u0430\u0441\u043b\u044f\u043d\u0438\u043c \u043a\u0440\u0435\u043c\u043e\u043c, \u0449\u043e \u043d\u0430\u0434\u0430\u0454 \u0439\u043e\u043c\u0443 \u043b\u0435\u0433\u043a\u043e\u0441\u0442\u0456 \u0442\u0430 \u0441\u0432\u0456\u0436\u043e\u0441\u0442\u0456. \u0429\u043e\u0431 \u0434\u043e\u0434\u0430\u0442\u0438 \u0449\u0435 \u0431\u0456\u043b\u044c\u0448\u0435 \u0441\u043c\u0430\u043a\u043e\u0432\u0438\u0445 \u0441\u044e\u0440\u043f\u0440\u0438\u0437\u0456\u0432, \u043c\u0438 \u0437\u0431\u0430\u0433\u0430\u0447\u0443\u0454\u043c\u043e \u043d\u0430\u0448 \u043f\u0438\u0440\u0456\u0433 \u0445\u0440\u0443\u0441\u0442\u043a\u043e\u044e \u0445\u0430\u043b\u0432\u043e\u044e.\u00a0<\/span><\/p>\n<p><strong>\u0426\u0435 \u043f\u0440\u0438\u0454\u043c\u043d\u0438\u0439 \u0434\u043e\u0441\u0432\u0456\u0434, \u0456 \u0439\u043e\u0433\u043e \u043c\u043e\u0436\u043d\u0430 \u043d\u0430\u0437\u0432\u0430\u0442\u0438 \u043a\u043e\u0440\u043e\u043b\u0456\u0432\u0441\u044c\u043a\u0438\u043c. \u041f\u0440\u0438\u0445\u043e\u0434\u044c\u0442\u0435 \u0456 \u043f\u0435\u0440\u0435\u043a\u043e\u043d\u0430\u0439\u0442\u0435\u0441\u044f, \u0447\u043e\u043c\u0443 \u043a\u043e\u0440\u043e\u043b\u0456\u0432\u0441\u044c\u043a\u0438\u0439 \u0442\u043e\u0440\u0442 \u0454 \u043d\u0430\u0448\u0438\u043c \u0431\u0435\u0437\u0437\u0430\u043f\u0435\u0440\u0435\u0447\u043d\u0438\u043c \u0445\u0456\u0442\u043e\u043c!<\/strong><\/p>\n<p><span style=\"font-weight: 400;\">\u0420\u0435\u043a\u043e\u043c\u0435\u043d\u0434\u0443\u0454\u043c\u043e \u0437\u0430\u043c\u043e\u0432\u0438\u0442\u0438 \u0442\u043e\u0440\u0442 \u0443 \u0432\u0438\u0433\u043b\u044f\u0434\u0456 \u043f\u043e\u0434\u0430\u0440\u0443\u043d\u043a\u0430, \u0437 \u043e\u0431\u0440\u0430\u043d\u0446\u0435\u043c <\/span><b>\u0412\u0456\u0442\u0430\u043b\u044c\u043d\u0430 \u043b\u0438\u0441\u0442\u0456\u0432\u043a\u0430<\/b><span style=\"font-weight: 400;\"> \u0456 \u0432\u0456\u0434\u043f\u043e\u0432\u0456\u0434\u043d\u0456\u0441\u0442\u044c <\/span><b>\u0441\u0432\u0456\u0447\u043a\u0438<\/b><span style=\"font-weight: 400;\">.<\/span><\/p>","protected":false},"excerpt":{"rendered":"<p><span data-sheets-root=\"1\">Bogate w smaku czekoladowe ciasto z powid\u0142ami \u015bliwkowymi, kremem cytrynowym i czekoladowym, a kawa\u0142kami cha\u0142wy.<\/span><\/p>","protected":false},"featured_media":10969,"comment_status":"closed","ping_status":"closed","template":"","meta":{"content-type":""},"product_brand":[],"product_cat":[123],"product_tag":[747,166,176,309,730,733,731,746,732,734],"class_list":{"0":"post-11066","1":"product","2":"type-product","3":"status-publish","4":"has-post-thumbnail","6":"product_cat-torty","7":"product_tag-luksusowy-tort","8":"product_tag-tort","9":"product_tag-tort-czekoladowy","10":"product_tag-tort-krolewski","11":"product_tag-tort-na-urodziny","12":"product_tag-tort-naturalny","13":"product_tag-tort-urodzinowy","14":"product_tag-tort-z-czekolada-jadalne-zloto","15":"product_tag-torty-naturalne","16":"product_tag-zdrowy-sklad","18":"entry","19":"has-media","21":"first","22":"instock","23":"shipping-taxable","24":"product-type-variable","25":"has-default-attributes","26":"has-product-nav","27":"col","28":"span_1_of_4","29":"owp-content-center","30":"owp-thumbs-layout-horizontal","31":"owp-btn-normal","32":"owp-tabs-layout-horizontal"},"acf":[],"_links":{"self":[{"href":"https:\/\/jacekplacek.com.pl\/uk\/wp-json\/wp\/v2\/product\/11066","targetHints":{"allow":["GET"]}}],"collection":[{"href":"https:\/\/jacekplacek.com.pl\/uk\/wp-json\/wp\/v2\/product"}],"about":[{"href":"https:\/\/jacekplacek.com.pl\/uk\/wp-json\/wp\/v2\/types\/product"}],"replies":[{"embeddable":true,"href":"https:\/\/jacekplacek.com.pl\/uk\/wp-json\/wp\/v2\/comments?post=11066"}],"wp:featuredmedia":[{"embeddable":true,"href":"https:\/\/jacekplacek.com.pl\/uk\/wp-json\/wp\/v2\/media\/10969"}],"wp:attachment":[{"href":"https:\/\/jacekplacek.com.pl\/uk\/wp-json\/wp\/v2\/media?parent=11066"}],"wp:term":[{"taxonomy":"product_brand","embeddable":true,"href":"https:\/\/jacekplacek.com.pl\/uk\/wp-json\/wp\/v2\/product_brand?post=11066"},{"taxonomy":"product_cat","embeddable":true,"href":"https:\/\/jacekplacek.com.pl\/uk\/wp-json\/wp\/v2\/product_cat?post=11066"},{"taxonomy":"product_tag","embeddable":true,"href":"https:\/\/jacekplacek.com.pl\/uk\/wp-json\/wp\/v2\/product_tag?post=11066"}],"curies":[{"name":"wp","href":"https:\/\/api.w.org\/{rel}","templated":true}]}}