{"id":11059,"date":"2023-10-26T14:02:34","date_gmt":"2023-10-26T12:02:34","guid":{"rendered":"https:\/\/jacekplacek.com.pl\/?post_type=product&#038;p=11059"},"modified":"2025-11-18T18:31:00","modified_gmt":"2025-11-18T17:31:00","slug":"%d1%82%d0%be%d1%80%d1%82-%d0%b7-%d0%b1%d1%96%d0%bb%d0%b8%d0%bc-%d1%88%d0%be%d0%ba%d0%be%d0%bb%d0%b0%d0%b4%d0%be%d0%bc-%d1%82%d0%b0-%d0%bc%d0%b0%d0%bb%d0%b8%d0%bd%d0%be%d1%8e","status":"publish","type":"product","link":"https:\/\/jacekplacek.com.pl\/uk\/%d0%b7%d0%b1%d0%b5%d1%80%d1%96%d0%b3%d0%b0%d1%82%d0%b8\/torty_i_desery\/%d1%82%d0%be%d1%80%d1%82%d0%b8-2\/%d1%82%d0%be%d1%80%d1%82-%d0%b7-%d0%b1%d1%96%d0%bb%d0%b8%d0%bc-%d1%88%d0%be%d0%ba%d0%be%d0%bb%d0%b0%d0%b4%d0%be%d0%bc-%d1%82%d0%b0-%d0%bc%d0%b0%d0%bb%d0%b8%d0%bd%d0%be%d1%8e\/","title":{"rendered":"\u0422\u043e\u0440\u0442 \u0437 \u0431\u0456\u043b\u0438\u043c \u0448\u043e\u043a\u043e\u043b\u0430\u0434\u043e\u043c \u0456 \u043c\u0430\u043b\u0438\u043d\u043e\u044e"},"content":{"rendered":"<p><strong>\u041d\u0430\u0441\u043e\u043b\u043e\u0434\u0430 \u0434\u043b\u044f \u043f\u043e\u0447\u0443\u0442\u0442\u0456\u0432 \u2013 \u043d\u0430\u0448 \u0442\u043e\u0440\u0442 \u0437 \u0431\u0456\u043b\u0438\u043c \u0448\u043e\u043a\u043e\u043b\u0430\u0434\u043e\u043c \u0456 \u043c\u0430\u043b\u0438\u043d\u043e\u044e! <\/strong><\/p>\n<p><span style=\"font-weight: 400;\">\u0426\u0435 \u043d\u0456\u0436\u043d\u0438\u0439 \u043a\u0440\u0435\u043c-\u043c\u0443\u0441, \u044f\u043a\u0438\u0439 \u043f\u043e\u0454\u0434\u043d\u0443\u0454 \u0432\u0435\u0440\u0448\u043a\u043e\u0432\u0438\u0439 \u0431\u0456\u043b\u0438\u0439 \u0448\u043e\u043a\u043e\u043b\u0430\u0434 \u0456\u0437 \u0441\u043e\u043a\u043e\u0432\u0438\u0442\u043e\u044e \u043c\u0430\u043b\u0438\u043d\u043e\u044e. \u0426\u0435 \u043f\u043e\u0454\u0434\u043d\u0430\u043d\u043d\u044f \u0441\u043c\u0430\u043a\u0456\u0432, \u044f\u043a\u0435 \u043f\u043e\u0440\u0430\u0434\u0443\u0454 \u044f\u043a \u043b\u0430\u0441\u0443\u043d\u0456\u0432, \u0442\u0430\u043a \u0456 \u043b\u044e\u0431\u0438\u0442\u0435\u043b\u0456\u0432 \u0444\u0440\u0443\u043a\u0442\u0456\u0432. \u0429\u0438\u0440\u043e \u0437\u0430\u043f\u0440\u043e\u0448\u0443\u0454\u043c\u043e \u043d\u0430\u0441\u043e\u043b\u043e\u0434\u0438\u0442\u0438\u0441\u044f \u0441\u043c\u0430\u043a\u043e\u043c \u0442\u043e\u0440\u0442\u0430 \u0437 \u0431\u0456\u043b\u0438\u043c \u0448\u043e\u043a\u043e\u043b\u0430\u0434\u043e\u043c \u0442\u0430 \u043c\u0430\u043b\u0438\u043d\u043e\u044e.<\/span><\/p>\n<p><span style=\"font-weight: 400;\">\u0420\u0435\u043a\u043e\u043c\u0435\u043d\u0434\u0443\u0454\u043c\u043e \u0437\u0430\u043c\u043e\u0432\u0438\u0442\u0438 \u0442\u043e\u0440\u0442 \u0443 \u0432\u0438\u0433\u043b\u044f\u0434\u0456 \u043f\u043e\u0434\u0430\u0440\u0443\u043d\u043a\u0430, \u0437 \u043e\u0431\u0440\u0430\u043d\u0446\u0435\u043c <\/span><b>\u0412\u0456\u0442\u0430\u043b\u044c\u043d\u0430 \u043b\u0438\u0441\u0442\u0456\u0432\u043a\u0430<\/b><span style=\"font-weight: 400;\"> \u0456 \u0432\u0456\u0434\u043f\u043e\u0432\u0456\u0434\u043d\u0456\u0441\u0442\u044c <\/span><b>\u0441\u0432\u0456\u0447\u043a\u0438<\/b><span style=\"font-weight: 400;\">.<\/span><\/p>","protected":false},"excerpt":{"rendered":"<p><span data-sheets-root=\"1\">Jasne biszkopty nas\u0105czone delikatnym ponczem, prze\u0142o\u017cone kremem \u015bmietanowym z bia\u0142\u0105 czekolad\u0105 i malinami.<\/span><\/p>","protected":false},"featured_media":10961,"comment_status":"closed","ping_status":"closed","template":"","meta":{"content-type":""},"product_brand":[],"product_cat":[123],"product_tag":[739,166,736,291,730,733,735,731,737,738,732,734],"class_list":{"0":"post-11059","1":"product","2":"type-product","3":"status-publish","4":"has-post-thumbnail","6":"product_cat-torty","7":"product_tag-biala-czekolada-z-malinami","8":"product_tag-tort","9":"product_tag-tort-biala-czekolada","10":"product_tag-tort-malinowy","11":"product_tag-tort-na-urodziny","12":"product_tag-tort-naturalny","13":"product_tag-tort-owocowy","14":"product_tag-tort-urodzinowy","15":"product_tag-tort-z-bialej-czekolady","16":"product_tag-tort-z-malinami","17":"product_tag-torty-naturalne","18":"product_tag-zdrowy-sklad","20":"entry","21":"has-media","23":"first","24":"instock","25":"shipping-taxable","26":"product-type-variable","27":"has-product-nav","28":"col","29":"span_1_of_4","30":"owp-content-center","31":"owp-thumbs-layout-horizontal","32":"owp-btn-normal","33":"owp-tabs-layout-horizontal"},"acf":[],"_links":{"self":[{"href":"https:\/\/jacekplacek.com.pl\/uk\/wp-json\/wp\/v2\/product\/11059","targetHints":{"allow":["GET"]}}],"collection":[{"href":"https:\/\/jacekplacek.com.pl\/uk\/wp-json\/wp\/v2\/product"}],"about":[{"href":"https:\/\/jacekplacek.com.pl\/uk\/wp-json\/wp\/v2\/types\/product"}],"replies":[{"embeddable":true,"href":"https:\/\/jacekplacek.com.pl\/uk\/wp-json\/wp\/v2\/comments?post=11059"}],"wp:featuredmedia":[{"embeddable":true,"href":"https:\/\/jacekplacek.com.pl\/uk\/wp-json\/wp\/v2\/media\/10961"}],"wp:attachment":[{"href":"https:\/\/jacekplacek.com.pl\/uk\/wp-json\/wp\/v2\/media?parent=11059"}],"wp:term":[{"taxonomy":"product_brand","embeddable":true,"href":"https:\/\/jacekplacek.com.pl\/uk\/wp-json\/wp\/v2\/product_brand?post=11059"},{"taxonomy":"product_cat","embeddable":true,"href":"https:\/\/jacekplacek.com.pl\/uk\/wp-json\/wp\/v2\/product_cat?post=11059"},{"taxonomy":"product_tag","embeddable":true,"href":"https:\/\/jacekplacek.com.pl\/uk\/wp-json\/wp\/v2\/product_tag?post=11059"}],"curies":[{"name":"wp","href":"https:\/\/api.w.org\/{rel}","templated":true}]}}