{"id":9749,"date":"2023-06-28T12:29:23","date_gmt":"2023-06-28T10:29:23","guid":{"rendered":"https:\/\/jacekplacek.com.pl\/?post_type=product&#038;p=9749"},"modified":"2025-11-18T18:28:47","modified_gmt":"2025-11-18T17:28:47","slug":"mini-hallonkaka-med-xylitol-3-stycken","status":"publish","type":"product","link":"https:\/\/jacekplacek.com.pl\/sv\/lagra\/torty_i_desery\/mini-desserter-for-kafeer\/mini-hallonkaka-med-xylitol-3-stycken\/","title":{"rendered":"Mini hallonkaka med xylitol, 3 st"},"content":{"rendered":"<p>Efterr\u00e4tt inte bara f\u00f6r eleganta bord - perfekt f\u00f6r att fira namnsdagar, f\u00f6delsedagar eller andra firanden hemma eller p\u00e5 jobbet...<\/p>\n<p>\u00c4lskar du kr\u00e4miga kylda desserter och den d\u00e4r signaturskumstrukturen? Nu kan du njuta av den fruktiga och kr\u00e4miga smaken av kall cheesecake, som inte inneh\u00e5ller traditionellt socker. Vi ersatte honom\u00a0<strong>bj\u00f6rksocker \u2013 xylitol<\/strong>. Xylitol har mycket<strong>\u00a0l\u00e5gt glykemiskt index<\/strong>, vilket g\u00f6r det s\u00e4kert f\u00f6r m\u00e4nniskor som lider av\u00a0<strong>diabetes<\/strong>\u00a0och g\u00e4rna anv\u00e4nds i kosten f\u00f6r<strong>\u00a0diabetiker<\/strong>.<\/p>\n<p>Produkt tillg\u00e4nglig i\u00a0<strong>samlingsf\u00f6rpackning 3 st (1 st ca 160g).<\/strong><\/p>","protected":false},"excerpt":{"rendered":"<p>Kall cheesecake med bj\u00f6rksocker - en bas av dinkelkakor med xylitol, ostmassa med mascarpone och hallon, dekorerad med ett lager hallongel\u00e9.<\/p>\n<p>Produkt tillg\u00e4nglig i\u00a0<strong>samlingsf\u00f6rpackning 3 st (1 st ca 160g).<\/strong><\/p>","protected":false},"featured_media":11446,"comment_status":"closed","ping_status":"closed","template":"","meta":{"content-type":""},"product_brand":[],"product_cat":[723],"product_tag":[444,442,446,445,291,450,447,448],"class_list":{"0":"post-9749","1":"product","2":"type-product","3":"status-publish","4":"has-post-thumbnail","6":"product_cat-mini-desery-do-kawiarni","7":"product_tag-cukiernia-jacek-placek","8":"product_tag-deser-jednoporcjowy","9":"product_tag-jacek-placek-gdansk","10":"product_tag-jacek-placek-gowino","11":"product_tag-tort-malinowy","12":"product_tag-tort-mini","13":"product_tag-tort-red-velvet","14":"product_tag-tort-z-mascarpone","16":"entry","17":"has-media","19":"first","20":"instock","21":"shipping-taxable","22":"product-type-simple","23":"has-product-nav","24":"col","25":"span_1_of_4","26":"owp-content-center","27":"owp-thumbs-layout-horizontal","28":"owp-btn-normal","29":"owp-tabs-layout-horizontal"},"acf":[],"_links":{"self":[{"href":"https:\/\/jacekplacek.com.pl\/sv\/wp-json\/wp\/v2\/product\/9749","targetHints":{"allow":["GET"]}}],"collection":[{"href":"https:\/\/jacekplacek.com.pl\/sv\/wp-json\/wp\/v2\/product"}],"about":[{"href":"https:\/\/jacekplacek.com.pl\/sv\/wp-json\/wp\/v2\/types\/product"}],"replies":[{"embeddable":true,"href":"https:\/\/jacekplacek.com.pl\/sv\/wp-json\/wp\/v2\/comments?post=9749"}],"wp:featuredmedia":[{"embeddable":true,"href":"https:\/\/jacekplacek.com.pl\/sv\/wp-json\/wp\/v2\/media\/11446"}],"wp:attachment":[{"href":"https:\/\/jacekplacek.com.pl\/sv\/wp-json\/wp\/v2\/media?parent=9749"}],"wp:term":[{"taxonomy":"product_brand","embeddable":true,"href":"https:\/\/jacekplacek.com.pl\/sv\/wp-json\/wp\/v2\/product_brand?post=9749"},{"taxonomy":"product_cat","embeddable":true,"href":"https:\/\/jacekplacek.com.pl\/sv\/wp-json\/wp\/v2\/product_cat?post=9749"},{"taxonomy":"product_tag","embeddable":true,"href":"https:\/\/jacekplacek.com.pl\/sv\/wp-json\/wp\/v2\/product_tag?post=9749"}],"curies":[{"name":"wp","href":"https:\/\/api.w.org\/{rel}","templated":true}]}}