{"id":9744,"date":"2023-06-28T12:29:08","date_gmt":"2023-06-28T10:29:08","guid":{"rendered":"https:\/\/jacekplacek.com.pl\/?post_type=product&#038;p=9744"},"modified":"2025-11-18T18:28:47","modified_gmt":"2025-11-18T17:28:47","slug":"mini-oreo-tarta-3-stycken","status":"publish","type":"product","link":"https:\/\/jacekplacek.com.pl\/sv\/lagra\/torty_i_desery\/mini-desserter-for-kafeer\/mini-oreo-tarta-3-stycken\/","title":{"rendered":"Mini Oreo t\u00e5rta, 3 stycken"},"content":{"rendered":"<p><b>V\u00e5r Oreo-kaka \u00e4r en smakresa till mj\u00f6lkchokladens land.<\/b><\/p>\n<p><span style=\"font-weight: 400;\">Det \u00e4r en kombination av den intensiva smaken av mj\u00f6lkchoklad med krispiga kakbitar som kommer att gl\u00e4dja din smak.\u00a0<\/span><\/p>\n<p><b>Detta \u00e4r det perfekta valet f\u00f6r \u00e4lskare av klassiker och de som vill ha nya smakupplevelser. Unna dig himmelsk njutning i form av Oreo Cake!<\/b><\/p>\n<p>Efterr\u00e4tt inte bara f\u00f6r eleganta bord - perfekt f\u00f6r att fira namnsdagar, f\u00f6delsedagar eller andra firanden hemma eller p\u00e5 jobbet...<\/p>\n<p>Produkt tillg\u00e4nglig i\u00a0<strong>3 stycken i samlingsf\u00f6rpackning (3 stycken ca 435g).<\/strong><\/p>","protected":false},"excerpt":{"rendered":"<p>Ett idealiskt val f\u00f6r \u00e4lskare av klassiker och de som vill ha nya smakupplevelser. Unna dig himmelsk njutning i form av Oreo Cake!<\/p>\n<p>Produkt tillg\u00e4nglig i\u00a0<strong>3 stycken i samlingsf\u00f6rpackning (3 stycken ca 435g).<\/strong><\/p>","protected":false},"featured_media":11329,"comment_status":"closed","ping_status":"closed","template":"","meta":{"content-type":""},"product_brand":[],"product_cat":[723],"product_tag":[444,442,446,445,291,450,447,448],"class_list":{"0":"post-9744","1":"product","2":"type-product","3":"status-publish","4":"has-post-thumbnail","6":"product_cat-mini-desery-do-kawiarni","7":"product_tag-cukiernia-jacek-placek","8":"product_tag-deser-jednoporcjowy","9":"product_tag-jacek-placek-gdansk","10":"product_tag-jacek-placek-gowino","11":"product_tag-tort-malinowy","12":"product_tag-tort-mini","13":"product_tag-tort-red-velvet","14":"product_tag-tort-z-mascarpone","16":"entry","17":"has-media","19":"first","20":"instock","21":"shipping-taxable","22":"product-type-simple","23":"has-product-nav","24":"col","25":"span_1_of_4","26":"owp-content-center","27":"owp-thumbs-layout-horizontal","28":"owp-btn-normal","29":"owp-tabs-layout-horizontal"},"acf":[],"_links":{"self":[{"href":"https:\/\/jacekplacek.com.pl\/sv\/wp-json\/wp\/v2\/product\/9744","targetHints":{"allow":["GET"]}}],"collection":[{"href":"https:\/\/jacekplacek.com.pl\/sv\/wp-json\/wp\/v2\/product"}],"about":[{"href":"https:\/\/jacekplacek.com.pl\/sv\/wp-json\/wp\/v2\/types\/product"}],"replies":[{"embeddable":true,"href":"https:\/\/jacekplacek.com.pl\/sv\/wp-json\/wp\/v2\/comments?post=9744"}],"wp:featuredmedia":[{"embeddable":true,"href":"https:\/\/jacekplacek.com.pl\/sv\/wp-json\/wp\/v2\/media\/11329"}],"wp:attachment":[{"href":"https:\/\/jacekplacek.com.pl\/sv\/wp-json\/wp\/v2\/media?parent=9744"}],"wp:term":[{"taxonomy":"product_brand","embeddable":true,"href":"https:\/\/jacekplacek.com.pl\/sv\/wp-json\/wp\/v2\/product_brand?post=9744"},{"taxonomy":"product_cat","embeddable":true,"href":"https:\/\/jacekplacek.com.pl\/sv\/wp-json\/wp\/v2\/product_cat?post=9744"},{"taxonomy":"product_tag","embeddable":true,"href":"https:\/\/jacekplacek.com.pl\/sv\/wp-json\/wp\/v2\/product_tag?post=9744"}],"curies":[{"name":"wp","href":"https:\/\/api.w.org\/{rel}","templated":true}]}}