{"id":9560,"date":"2023-06-12T12:08:26","date_gmt":"2023-06-12T10:08:26","guid":{"rendered":"https:\/\/jacekplacek.com.pl\/?post_type=product&#038;p=9560"},"modified":"2025-11-18T18:28:46","modified_gmt":"2025-11-18T17:28:46","slug":"nano-hallonkaka-med-bjorksocker-och-xylitol-6-st","status":"publish","type":"product","link":"https:\/\/jacekplacek.com.pl\/sv\/lagra\/torty_i_desery\/monoporcje-na-catering\/nano-hallonkaka-med-bjorksocker-och-xylitol-6-st\/","title":{"rendered":"Nano hallonkaka med bj\u00f6rksocker - xylitol, 6 st"},"content":{"rendered":"<p>Efterr\u00e4tt inte bara f\u00f6r eleganta bord - perfekt f\u00f6r att fira namnsdagar, f\u00f6delsedagar eller andra firanden hemma eller p\u00e5 jobbet...<\/p>\n<p>\u00c4lskar du kr\u00e4miga kylda desserter och den d\u00e4r signaturskumstrukturen? Nu kan du njuta av den fruktiga och kr\u00e4miga smaken av kall cheesecake, som inte inneh\u00e5ller traditionellt socker. Vi ersatte honom\u00a0<strong>bj\u00f6rksocker \u2013 xylitol<\/strong>. Xylitol har mycket<strong>\u00a0l\u00e5gt glykemiskt index<\/strong>, vilket g\u00f6r det s\u00e4kert f\u00f6r m\u00e4nniskor som lider av\u00a0<strong>diabetes<\/strong>\u00a0och g\u00e4rna anv\u00e4nds i kosten f\u00f6r<strong>\u00a0diabetiker<\/strong>.<\/p>\n<p>Vill du best\u00e4lla andra t\u00e5rtor med bj\u00f6rksocker ist\u00e4llet f\u00f6r den traditionella s\u00e5 uppmuntrar vi dig att g\u00f6ra det\u00a0<strong><a href=\"https:\/\/jacekplacek.com.pl\/sv\/kontakt\/\" target=\"_blank\" rel=\"noopener\">Kontakt<\/a>\u00a0<\/strong>med produktionsavdelningen.<\/p>\n<p>Produkt tillg\u00e4nglig i <strong>samlingsf\u00f6rpackning 6 st (1 st ca 50g).<\/strong><\/p>","protected":false},"excerpt":{"rendered":"<p>Kall cheesecake med bj\u00f6rksocker - en bas av dinkelkakor med xylitol, ostmassa med mascarpone och hallon, dekorerad med ett lager hallongel\u00e9.<\/p>\n<p>Produkt tillg\u00e4nglig i <strong>samlingsf\u00f6rpackning 6 st (1 st ca 50g).<\/strong><\/p>","protected":false},"featured_media":11484,"comment_status":"closed","ping_status":"closed","template":"","meta":{"content-type":""},"product_brand":[],"product_cat":[693],"product_tag":[720,721,551,539,697,719,701],"class_list":{"0":"post-9560","1":"product","2":"type-product","3":"status-publish","4":"has-post-thumbnail","6":"product_cat-monoporcje-na-catering","7":"product_tag-catering-impreza","8":"product_tag-catering-urodziny","9":"product_tag-cukier-brzozowy","10":"product_tag-ksylitol","11":"product_tag-mini-deser","12":"product_tag-mini-porcje","13":"product_tag-nano-deser","15":"entry","16":"has-media","18":"first","19":"instock","20":"shipping-taxable","21":"product-type-simple","22":"has-product-nav","23":"col","24":"span_1_of_4","25":"owp-content-center","26":"owp-thumbs-layout-horizontal","27":"owp-btn-normal","28":"owp-tabs-layout-horizontal"},"acf":[],"_links":{"self":[{"href":"https:\/\/jacekplacek.com.pl\/sv\/wp-json\/wp\/v2\/product\/9560","targetHints":{"allow":["GET"]}}],"collection":[{"href":"https:\/\/jacekplacek.com.pl\/sv\/wp-json\/wp\/v2\/product"}],"about":[{"href":"https:\/\/jacekplacek.com.pl\/sv\/wp-json\/wp\/v2\/types\/product"}],"replies":[{"embeddable":true,"href":"https:\/\/jacekplacek.com.pl\/sv\/wp-json\/wp\/v2\/comments?post=9560"}],"wp:featuredmedia":[{"embeddable":true,"href":"https:\/\/jacekplacek.com.pl\/sv\/wp-json\/wp\/v2\/media\/11484"}],"wp:attachment":[{"href":"https:\/\/jacekplacek.com.pl\/sv\/wp-json\/wp\/v2\/media?parent=9560"}],"wp:term":[{"taxonomy":"product_brand","embeddable":true,"href":"https:\/\/jacekplacek.com.pl\/sv\/wp-json\/wp\/v2\/product_brand?post=9560"},{"taxonomy":"product_cat","embeddable":true,"href":"https:\/\/jacekplacek.com.pl\/sv\/wp-json\/wp\/v2\/product_cat?post=9560"},{"taxonomy":"product_tag","embeddable":true,"href":"https:\/\/jacekplacek.com.pl\/sv\/wp-json\/wp\/v2\/product_tag?post=9560"}],"curies":[{"name":"wp","href":"https:\/\/api.w.org\/{rel}","templated":true}]}}