{"id":9543,"date":"2023-06-12T11:31:23","date_gmt":"2023-06-12T09:31:23","guid":{"rendered":"https:\/\/jacekplacek.com.pl\/?post_type=product&#038;p=9543"},"modified":"2025-11-18T18:28:46","modified_gmt":"2025-11-18T17:28:46","slug":"nano-kanel-cheesecake-6-stycken","status":"publish","type":"product","link":"https:\/\/jacekplacek.com.pl\/sv\/lagra\/torty_i_desery\/monoporcje-na-catering\/nano-kanel-cheesecake-6-stycken\/","title":{"rendered":"Nanokanel cheesecake 6 stycken"},"content":{"rendered":"<p>Efterr\u00e4tt inte bara f\u00f6r eleganta bord - perfekt f\u00f6r att fira namnsdagar, f\u00f6delsedagar eller andra firanden hemma eller p\u00e5 jobbet...<\/p>\n<p><strong>\u00c4lskar du kr\u00e4miga kylda desserter och den d\u00e4r karakt\u00e4ristiska konsistensen av fj\u00e4drande skum? T\u00e4nk om de \u00e5tf\u00f6ljs av en varm, kryddig ton av kanel?<\/strong><\/p>\n<p>Produkt tillg\u00e4nglig i <strong>samlingsf\u00f6rpackning 6 st (1 st ca 50g).<\/strong><\/p>","protected":false},"excerpt":{"rendered":"<p>Sm\u00f6rdegsbotten med kanel, ostfyllning med gelatin, kaneltoppning.<\/p>\n<p>Produkt tillg\u00e4nglig i <strong>samlingsf\u00f6rpackning 6 st (1 st ca 50g).<\/strong><\/p>","protected":false},"featured_media":11368,"comment_status":"closed","ping_status":"closed","template":"","meta":{"content-type":""},"product_brand":[],"product_cat":[693],"product_tag":[703,697,701,200,704],"class_list":{"0":"post-9543","1":"product","2":"type-product","3":"status-publish","4":"has-post-thumbnail","6":"product_cat-monoporcje-na-catering","7":"product_tag-cynamonowy-deser","8":"product_tag-mini-deser","9":"product_tag-nano-deser","10":"product_tag-sernik-cynamonowy","11":"product_tag-sernik-z-cynamonem","13":"entry","14":"has-media","16":"first","17":"instock","18":"shipping-taxable","19":"product-type-simple","20":"has-product-nav","21":"col","22":"span_1_of_4","23":"owp-content-center","24":"owp-thumbs-layout-horizontal","25":"owp-btn-normal","26":"owp-tabs-layout-horizontal"},"acf":[],"_links":{"self":[{"href":"https:\/\/jacekplacek.com.pl\/sv\/wp-json\/wp\/v2\/product\/9543","targetHints":{"allow":["GET"]}}],"collection":[{"href":"https:\/\/jacekplacek.com.pl\/sv\/wp-json\/wp\/v2\/product"}],"about":[{"href":"https:\/\/jacekplacek.com.pl\/sv\/wp-json\/wp\/v2\/types\/product"}],"replies":[{"embeddable":true,"href":"https:\/\/jacekplacek.com.pl\/sv\/wp-json\/wp\/v2\/comments?post=9543"}],"wp:featuredmedia":[{"embeddable":true,"href":"https:\/\/jacekplacek.com.pl\/sv\/wp-json\/wp\/v2\/media\/11368"}],"wp:attachment":[{"href":"https:\/\/jacekplacek.com.pl\/sv\/wp-json\/wp\/v2\/media?parent=9543"}],"wp:term":[{"taxonomy":"product_brand","embeddable":true,"href":"https:\/\/jacekplacek.com.pl\/sv\/wp-json\/wp\/v2\/product_brand?post=9543"},{"taxonomy":"product_cat","embeddable":true,"href":"https:\/\/jacekplacek.com.pl\/sv\/wp-json\/wp\/v2\/product_cat?post=9543"},{"taxonomy":"product_tag","embeddable":true,"href":"https:\/\/jacekplacek.com.pl\/sv\/wp-json\/wp\/v2\/product_tag?post=9543"}],"curies":[{"name":"wp","href":"https:\/\/api.w.org\/{rel}","templated":true}]}}