{"id":9540,"date":"2023-06-12T11:22:43","date_gmt":"2023-06-12T09:22:43","guid":{"rendered":"https:\/\/jacekplacek.com.pl\/?post_type=product&#038;p=9540"},"modified":"2025-11-18T18:28:46","modified_gmt":"2025-11-18T17:28:46","slug":"nano-tiramisu-6-stycken","status":"publish","type":"product","link":"https:\/\/jacekplacek.com.pl\/sv\/lagra\/torty_i_desery\/monoporcje-na-catering\/nano-tiramisu-6-stycken\/","title":{"rendered":"Nano italiensk tiramisu t\u00e5rta, 6 stycken"},"content":{"rendered":"<p><b>En italiensk klassiker i sin l\u00e4ckraste version - v\u00e5r italienska nano Tiramisu Cake.<\/b><\/p>\n<p><span style=\"font-weight: 400;\">V\u00e5r t\u00e5rta \u00e4r en hyllning till den traditionella italienska desserten baserad p\u00e5 mascarponeost, som inte bara \u00e4r extremt kr\u00e4mig, utan ocks\u00e5 rik p\u00e5 smak. F\u00f6r att tillf\u00f6ra \u00e4nnu mer arom bl\u00f6tl\u00e4gger vi den i kaffepunch med en hint av amarettolik\u00f6r. Det \u00e4r en kombination av smaker som gl\u00e4djer sinnena och f\u00f6rtrollar gommen.<\/span><\/p>\n<p><b>V\u00e5r italienska nano-tiramisukaka \u00e4r det perfekta valet f\u00f6r dig som vill f\u00f6rdjupa sig i Italiens tradition och smaker. Kom till v\u00e5r konditoributik och g\u00e5 p\u00e5 denna smakresa med oss idag! <\/b><\/p>\n<p>Efterr\u00e4tt inte bara f\u00f6r eleganta bord - perfekt f\u00f6r att fira namnsdagar, f\u00f6delsedagar eller andra firanden hemma eller p\u00e5 jobbet...<\/p>\n<p>Produkt tillg\u00e4nglig i <strong>6 st i samlad f\u00f6rpackning (1 st ca 60g).<\/strong><\/p>","protected":false},"excerpt":{"rendered":"<p><span style=\"font-weight: 400;\">Det \u00e4r en riktig fest f\u00f6r gommen som tar dig till hj\u00e4rtat av Italien med varje tugga. <\/span>Efterr\u00e4tt inte bara f\u00f6r eleganta bord - perfekt f\u00f6r att fira namnsdagar, f\u00f6delsedagar eller andra firanden hemma eller p\u00e5 jobbet...<\/p>\n<p>Produkt tillg\u00e4nglig i <strong>6 st i samlad f\u00f6rpackning (1 st ca 60g).<\/strong><\/p>","protected":false},"featured_media":11487,"comment_status":"closed","ping_status":"closed","template":"","meta":{"content-type":""},"product_brand":[],"product_cat":[693],"product_tag":[697,696,701,700,267,702],"class_list":{"0":"post-9540","1":"product","2":"type-product","3":"status-publish","4":"has-post-thumbnail","6":"product_cat-monoporcje-na-catering","7":"product_tag-mini-deser","8":"product_tag-nano","9":"product_tag-nano-deser","10":"product_tag-nano-porcja","11":"product_tag-tiramisu","12":"product_tag-wloskie-tiramisu","14":"entry","15":"has-media","17":"first","18":"instock","19":"shipping-taxable","20":"product-type-simple","21":"has-product-nav","22":"col","23":"span_1_of_4","24":"owp-content-center","25":"owp-thumbs-layout-horizontal","26":"owp-btn-normal","27":"owp-tabs-layout-horizontal"},"acf":[],"_links":{"self":[{"href":"https:\/\/jacekplacek.com.pl\/sv\/wp-json\/wp\/v2\/product\/9540","targetHints":{"allow":["GET"]}}],"collection":[{"href":"https:\/\/jacekplacek.com.pl\/sv\/wp-json\/wp\/v2\/product"}],"about":[{"href":"https:\/\/jacekplacek.com.pl\/sv\/wp-json\/wp\/v2\/types\/product"}],"replies":[{"embeddable":true,"href":"https:\/\/jacekplacek.com.pl\/sv\/wp-json\/wp\/v2\/comments?post=9540"}],"wp:featuredmedia":[{"embeddable":true,"href":"https:\/\/jacekplacek.com.pl\/sv\/wp-json\/wp\/v2\/media\/11487"}],"wp:attachment":[{"href":"https:\/\/jacekplacek.com.pl\/sv\/wp-json\/wp\/v2\/media?parent=9540"}],"wp:term":[{"taxonomy":"product_brand","embeddable":true,"href":"https:\/\/jacekplacek.com.pl\/sv\/wp-json\/wp\/v2\/product_brand?post=9540"},{"taxonomy":"product_cat","embeddable":true,"href":"https:\/\/jacekplacek.com.pl\/sv\/wp-json\/wp\/v2\/product_cat?post=9540"},{"taxonomy":"product_tag","embeddable":true,"href":"https:\/\/jacekplacek.com.pl\/sv\/wp-json\/wp\/v2\/product_tag?post=9540"}],"curies":[{"name":"wp","href":"https:\/\/api.w.org\/{rel}","templated":true}]}}