{"id":9531,"date":"2023-06-12T11:06:13","date_gmt":"2023-06-12T09:06:13","guid":{"rendered":"https:\/\/jacekplacek.com.pl\/?post_type=product&#038;p=9531"},"modified":"2025-11-18T18:28:46","modified_gmt":"2025-11-18T17:28:46","slug":"nano-rod-sammet","status":"publish","type":"product","link":"https:\/\/jacekplacek.com.pl\/sv\/lagra\/torty_i_desery\/monoporcje-na-catering\/nano-rod-sammet\/","title":{"rendered":"Nano Red Velvet cake, 6 stycken"},"content":{"rendered":"<p><b>Vi inbjuder dig att prova v\u00e5rt flaggskepp nano Red Velvet Cake - en klassisk dessert med en ny twist.<\/b><\/p>\n<p><b>V\u00e5r t\u00e5rta \u00e4r inte bara aptitretande, utan ocks\u00e5 h\u00e4lsosam eftersom vi undviker konstgjorda tillsatser genom att anv\u00e4nda ett naturligt lykopenf\u00e4rg\u00e4mne fr\u00e5n tomater.<\/b><span style=\"font-weight: 400;\"> Vi fyller insidan av t\u00e5rtan med l\u00e4cker mascarponekr\u00e4m och hallonsylt, vilket ger den en unik smak. Se sj\u00e4lv att traditionell smak kan g\u00e5 hand i hand med uppm\u00e4rksamhet p\u00e5 ingrediensernas kvalitet.<\/span><\/p>\n<p>Efterr\u00e4tt inte bara f\u00f6r eleganta bord - perfekt f\u00f6r att fira namnsdagar, f\u00f6delsedagar eller andra firanden hemma eller p\u00e5 jobbet...<\/p>\n<p>Produkt tillg\u00e4nglig i\u00a0<strong>samlingsf\u00f6rpackning 6 st (1 st ca 70g).<\/strong><\/p>","protected":false},"excerpt":{"rendered":"<p><span style=\"font-weight: 400;\">V\u00e5rt flaggskepp Red Velvet Cake - en klassisk dessert med en ny twist. Se sj\u00e4lv att traditionell smak kan g\u00e5 hand i hand med uppm\u00e4rksamhet p\u00e5 ingrediensernas kvalitet.<\/span><\/p>\n<p>Produkt tillg\u00e4nglig i <strong>samlingsf\u00f6rpackning 6 st (1 st ca 70g).<\/strong><\/p>","protected":false},"featured_media":11359,"comment_status":"closed","ping_status":"closed","template":"","meta":{"content-type":""},"product_brand":[],"product_cat":[693],"product_tag":[697,696,336,447],"class_list":{"0":"post-9531","1":"product","2":"type-product","3":"status-publish","4":"has-post-thumbnail","6":"product_cat-monoporcje-na-catering","7":"product_tag-mini-deser","8":"product_tag-nano","9":"product_tag-red-velvet","10":"product_tag-tort-red-velvet","12":"entry","13":"has-media","15":"first","16":"instock","17":"shipping-taxable","18":"product-type-simple","19":"has-product-nav","20":"col","21":"span_1_of_4","22":"owp-content-center","23":"owp-thumbs-layout-horizontal","24":"owp-btn-normal","25":"owp-tabs-layout-horizontal"},"acf":[],"_links":{"self":[{"href":"https:\/\/jacekplacek.com.pl\/sv\/wp-json\/wp\/v2\/product\/9531","targetHints":{"allow":["GET"]}}],"collection":[{"href":"https:\/\/jacekplacek.com.pl\/sv\/wp-json\/wp\/v2\/product"}],"about":[{"href":"https:\/\/jacekplacek.com.pl\/sv\/wp-json\/wp\/v2\/types\/product"}],"replies":[{"embeddable":true,"href":"https:\/\/jacekplacek.com.pl\/sv\/wp-json\/wp\/v2\/comments?post=9531"}],"wp:featuredmedia":[{"embeddable":true,"href":"https:\/\/jacekplacek.com.pl\/sv\/wp-json\/wp\/v2\/media\/11359"}],"wp:attachment":[{"href":"https:\/\/jacekplacek.com.pl\/sv\/wp-json\/wp\/v2\/media?parent=9531"}],"wp:term":[{"taxonomy":"product_brand","embeddable":true,"href":"https:\/\/jacekplacek.com.pl\/sv\/wp-json\/wp\/v2\/product_brand?post=9531"},{"taxonomy":"product_cat","embeddable":true,"href":"https:\/\/jacekplacek.com.pl\/sv\/wp-json\/wp\/v2\/product_cat?post=9531"},{"taxonomy":"product_tag","embeddable":true,"href":"https:\/\/jacekplacek.com.pl\/sv\/wp-json\/wp\/v2\/product_tag?post=9531"}],"curies":[{"name":"wp","href":"https:\/\/api.w.org\/{rel}","templated":true}]}}