{"id":9522,"date":"2023-06-12T10:57:05","date_gmt":"2023-06-12T08:57:05","guid":{"rendered":"https:\/\/jacekplacek.com.pl\/?post_type=product&#038;p=9522"},"modified":"2025-11-18T18:28:45","modified_gmt":"2025-11-18T17:28:45","slug":"nano-bueno-6-stycken","status":"publish","type":"product","link":"https:\/\/jacekplacek.com.pl\/sv\/lagra\/torty_i_desery\/monoporcje-na-catering\/nano-bueno-6-stycken\/","title":{"rendered":"Nano Bueno t\u00e5rta, 6 stycken"},"content":{"rendered":"<p><strong>Vi presenterar nano Bueno Cake - en kombination av delikat vit chokladkr\u00e4m och knapriga hasseln\u00f6tter.<\/strong><\/p>\n<p>V\u00e5r version av denna popul\u00e4ra t\u00e5rta \u00e4r en riktig festm\u00e5ltid f\u00f6r gommen. Vad g\u00f6r att det sticker ut? Det faktum att det inte \u00e4r alltf\u00f6r s\u00f6tt g\u00f6r det till ett idealiskt alternativ f\u00f6r barn som \u00e4lskar denna unika smaksammans\u00e4ttning.\u00a0<strong>Vi bjuder in dig till v\u00e5r konfektyrbutik f\u00f6r att uppt\u00e4cka varf\u00f6r Bueno Cake har blivit favoritdessert f\u00f6r m\u00e5nga gourmeter!<\/strong><\/p>\n<p>Efterr\u00e4tt inte bara f\u00f6r eleganta bord - perfekt f\u00f6r att fira namnsdagar, f\u00f6delsedagar eller andra firanden hemma eller p\u00e5 jobbet...<\/p>\n<p>Produkt tillg\u00e4nglig i\u00a0<strong>6 st i samlingsf\u00f6rpackning (6 st ca 360g).<\/strong><\/p>","protected":false},"excerpt":{"rendered":"<p>Vi bjuder in dig till v\u00e5r konfektyrbutik f\u00f6r att uppt\u00e4cka varf\u00f6r Bueno Cake har blivit favoritdessert f\u00f6r m\u00e5nga gourmeter!<\/p>\n<p>Produkt tillg\u00e4nglig i\u00a0<strong>6 st i samlingsf\u00f6rpackning (6 st ca 360g).<\/strong><\/p>","protected":false},"featured_media":11490,"comment_status":"closed","ping_status":"closed","template":"","meta":{"content-type":""},"product_brand":[],"product_cat":[693],"product_tag":[357,380,694,253,254,695,174],"class_list":{"0":"post-9522","1":"product","2":"type-product","3":"status-publish","4":"has-post-thumbnail","6":"product_cat-monoporcje-na-catering","7":"product_tag-ciasteczka","8":"product_tag-ciasto","9":"product_tag-ciasto-bueno","10":"product_tag-ciasto-z-kajmakiem","11":"product_tag-kajmak","12":"product_tag-nano-bueno","13":"product_tag-polewa-kajmakowa","15":"entry","16":"has-media","18":"first","19":"instock","20":"shipping-taxable","21":"product-type-simple","22":"has-product-nav","23":"col","24":"span_1_of_4","25":"owp-content-center","26":"owp-thumbs-layout-horizontal","27":"owp-btn-normal","28":"owp-tabs-layout-horizontal"},"acf":[],"_links":{"self":[{"href":"https:\/\/jacekplacek.com.pl\/sv\/wp-json\/wp\/v2\/product\/9522","targetHints":{"allow":["GET"]}}],"collection":[{"href":"https:\/\/jacekplacek.com.pl\/sv\/wp-json\/wp\/v2\/product"}],"about":[{"href":"https:\/\/jacekplacek.com.pl\/sv\/wp-json\/wp\/v2\/types\/product"}],"replies":[{"embeddable":true,"href":"https:\/\/jacekplacek.com.pl\/sv\/wp-json\/wp\/v2\/comments?post=9522"}],"wp:featuredmedia":[{"embeddable":true,"href":"https:\/\/jacekplacek.com.pl\/sv\/wp-json\/wp\/v2\/media\/11490"}],"wp:attachment":[{"href":"https:\/\/jacekplacek.com.pl\/sv\/wp-json\/wp\/v2\/media?parent=9522"}],"wp:term":[{"taxonomy":"product_brand","embeddable":true,"href":"https:\/\/jacekplacek.com.pl\/sv\/wp-json\/wp\/v2\/product_brand?post=9522"},{"taxonomy":"product_cat","embeddable":true,"href":"https:\/\/jacekplacek.com.pl\/sv\/wp-json\/wp\/v2\/product_cat?post=9522"},{"taxonomy":"product_tag","embeddable":true,"href":"https:\/\/jacekplacek.com.pl\/sv\/wp-json\/wp\/v2\/product_tag?post=9522"}],"curies":[{"name":"wp","href":"https:\/\/api.w.org\/{rel}","templated":true}]}}