{"id":6812,"date":"2022-06-20T13:19:13","date_gmt":"2022-06-20T11:19:13","guid":{"rendered":"https:\/\/jacekplacek.com.pl\/?post_type=product&#038;p=6812"},"modified":"2025-11-18T18:30:05","modified_gmt":"2025-11-18T17:30:05","slug":"vegansk-appelpaj","status":"publish","type":"product","link":"https:\/\/jacekplacek.com.pl\/sv\/lagra\/fruktkakor\/vegansk-appelpaj\/","title":{"rendered":"Vegansk \u00e4ppelpaj"},"content":{"rendered":"<p>Vegansk \u00e4ppelpaj, baserad enbart p\u00e5 v\u00e4xtingredienser, med tillsats av kik\u00e4rtsmj\u00f6l och kokta linser.<\/p>\n<p><span style=\"font-weight: 400;\">(V\u00e4xten anv\u00e4nder: mj\u00f6l, \u00e4gg, n\u00f6tter, sesam och mj\u00f6lk. D\u00e4rf\u00f6r kan varje produkt inneh\u00e5lla sp\u00e5r av n\u00e4mnda allergener \u00e4ven om de inte anges i beskrivningen och ingrediensf\u00f6rteckningen.)<\/span><\/p>","protected":false},"excerpt":{"rendered":"<p><span data-sheets-root=\"1\">Vegansk \u00e4ppelpaj, baserad p\u00e5 v\u00e4xtingredienser, med tillsats av kik\u00e4rts- och linsmj\u00f6l.<\/span><\/p>","protected":false},"featured_media":10478,"comment_status":"closed","ping_status":"closed","template":"","meta":{"content-type":""},"product_brand":[],"product_cat":[74,534],"product_tag":[452,444,84,446,445,449],"class_list":{"0":"post-6812","1":"product","2":"type-product","3":"status-publish","4":"has-post-thumbnail","6":"product_cat-ciasta-owocowe","7":"product_cat-ciasta-weganskie-i-keto","8":"product_tag-ciasto-weganskie","9":"product_tag-cukiernia-jacek-placek","10":"product_tag-jablecznik","11":"product_tag-jacek-placek-gdansk","12":"product_tag-jacek-placek-gowino","13":"product_tag-jacek-placek-sopot","15":"entry","16":"has-media","18":"first","19":"instock","20":"shipping-taxable","21":"product-type-variable","22":"has-product-nav","23":"col","24":"span_1_of_4","25":"owp-content-center","26":"owp-thumbs-layout-horizontal","27":"owp-btn-normal","28":"owp-tabs-layout-horizontal"},"acf":[],"_links":{"self":[{"href":"https:\/\/jacekplacek.com.pl\/sv\/wp-json\/wp\/v2\/product\/6812","targetHints":{"allow":["GET"]}}],"collection":[{"href":"https:\/\/jacekplacek.com.pl\/sv\/wp-json\/wp\/v2\/product"}],"about":[{"href":"https:\/\/jacekplacek.com.pl\/sv\/wp-json\/wp\/v2\/types\/product"}],"replies":[{"embeddable":true,"href":"https:\/\/jacekplacek.com.pl\/sv\/wp-json\/wp\/v2\/comments?post=6812"}],"wp:featuredmedia":[{"embeddable":true,"href":"https:\/\/jacekplacek.com.pl\/sv\/wp-json\/wp\/v2\/media\/10478"}],"wp:attachment":[{"href":"https:\/\/jacekplacek.com.pl\/sv\/wp-json\/wp\/v2\/media?parent=6812"}],"wp:term":[{"taxonomy":"product_brand","embeddable":true,"href":"https:\/\/jacekplacek.com.pl\/sv\/wp-json\/wp\/v2\/product_brand?post=6812"},{"taxonomy":"product_cat","embeddable":true,"href":"https:\/\/jacekplacek.com.pl\/sv\/wp-json\/wp\/v2\/product_cat?post=6812"},{"taxonomy":"product_tag","embeddable":true,"href":"https:\/\/jacekplacek.com.pl\/sv\/wp-json\/wp\/v2\/product_tag?post=6812"}],"curies":[{"name":"wp","href":"https:\/\/api.w.org\/{rel}","templated":true}]}}