{"id":670,"date":"2020-11-27T11:49:01","date_gmt":"2020-11-27T10:49:01","guid":{"rendered":"https:\/\/jacekplacek.com.pl\/?post_type=product&#038;p=670"},"modified":"2025-11-18T18:30:04","modified_gmt":"2025-11-18T17:30:04","slug":"sagotarta","status":"publish","type":"product","link":"https:\/\/jacekplacek.com.pl\/sv\/lagra\/graddkakor\/kakor-med-vaniljsaskram\/sagotarta\/","title":{"rendered":"Fekaka"},"content":{"rendered":"<p><strong>Ljus sockerkaka, sm\u00e5 bagels doppad i puddingkr\u00e4m, l\u00e4tt sockerkaka och chokladtoppning med vita bollar.<\/strong><\/p>\n<p>K\u00e4nn den s\u00f6ta smaken som sm\u00e4lter i munnen och njut av ett \u00f6gonblick av gl\u00f6mska.<\/p>","protected":false},"excerpt":{"rendered":"<p>L\u00e4tt sockerkaka i botten och ovanp\u00e5, sm\u00e5 bagels i vaniljs\u00e5s, chokladglasyr med vita bollar.<\/p>","protected":false},"featured_media":13324,"comment_status":"closed","ping_status":"closed","template":"","meta":{"content-type":""},"product_brand":[],"product_cat":[79],"product_tag":[230,229,444,446,445,449,133],"class_list":{"0":"post-670","1":"product","2":"type-product","3":"status-publish","4":"has-post-thumbnail","6":"product_cat-ciasta-z-kremem-budyniowym","7":"product_tag-bajaderki","8":"product_tag-ciasto-bajkowe","9":"product_tag-cukiernia-jacek-placek","10":"product_tag-jacek-placek-gdansk","11":"product_tag-jacek-placek-gowino","12":"product_tag-jacek-placek-sopot","13":"product_tag-krem-budyniowy","15":"entry","16":"has-media","18":"first","19":"instock","20":"shipping-taxable","21":"product-type-variable","22":"has-product-nav","23":"col","24":"span_1_of_4","25":"owp-content-center","26":"owp-thumbs-layout-horizontal","27":"owp-btn-normal","28":"owp-tabs-layout-horizontal"},"acf":[],"_links":{"self":[{"href":"https:\/\/jacekplacek.com.pl\/sv\/wp-json\/wp\/v2\/product\/670","targetHints":{"allow":["GET"]}}],"collection":[{"href":"https:\/\/jacekplacek.com.pl\/sv\/wp-json\/wp\/v2\/product"}],"about":[{"href":"https:\/\/jacekplacek.com.pl\/sv\/wp-json\/wp\/v2\/types\/product"}],"replies":[{"embeddable":true,"href":"https:\/\/jacekplacek.com.pl\/sv\/wp-json\/wp\/v2\/comments?post=670"}],"wp:featuredmedia":[{"embeddable":true,"href":"https:\/\/jacekplacek.com.pl\/sv\/wp-json\/wp\/v2\/media\/13324"}],"wp:attachment":[{"href":"https:\/\/jacekplacek.com.pl\/sv\/wp-json\/wp\/v2\/media?parent=670"}],"wp:term":[{"taxonomy":"product_brand","embeddable":true,"href":"https:\/\/jacekplacek.com.pl\/sv\/wp-json\/wp\/v2\/product_brand?post=670"},{"taxonomy":"product_cat","embeddable":true,"href":"https:\/\/jacekplacek.com.pl\/sv\/wp-json\/wp\/v2\/product_cat?post=670"},{"taxonomy":"product_tag","embeddable":true,"href":"https:\/\/jacekplacek.com.pl\/sv\/wp-json\/wp\/v2\/product_tag?post=670"}],"curies":[{"name":"wp","href":"https:\/\/api.w.org\/{rel}","templated":true}]}}