{"id":593,"date":"2020-11-27T10:09:27","date_gmt":"2020-11-27T09:09:27","guid":{"rendered":"https:\/\/jacekplacek.com.pl\/?post_type=product&#038;p=593"},"modified":"2025-11-18T18:28:57","modified_gmt":"2025-11-18T17:28:57","slug":"mogel","status":"publish","type":"product","link":"https:\/\/jacekplacek.com.pl\/sv\/lagra\/fruktkakor\/mogel\/","title":{"rendered":"M\u00f6gel"},"content":{"rendered":"<p><strong>Smakrik m\u00f6rdeg, med svarta vinb\u00e4r och \u00e4pplen, mar\u00e4ngskum, bestr\u00f6dd med knaprig crumble.\u00a0<\/strong><\/p>\n<p>Sm\u00f6rdeg tillagad enligt ett traditionellt recept. K\u00e4nn den hemgjorda smaken av v\u00e5ra bakverk.<\/p>\n<p><span style=\"font-weight: 400;\">Ple\u015bniak \u00e4r perfekt f\u00f6r en efterr\u00e4tt efter middagen, med en kopp kaffe.<\/span><\/p>","protected":false},"excerpt":{"rendered":"<p><span data-sheets-root=\"1\">Sm\u00f6rdegsbotten, svartvinb\u00e4rs- och \u00e4ppelfyllning, kakaom\u00f6rdegssmula och mar\u00e4ng ovanp\u00e5.<\/span><\/p>","protected":false},"featured_media":2981,"comment_status":"closed","ping_status":"closed","template":"","meta":{"content-type":""},"product_brand":[],"product_cat":[74],"product_tag":[129,65,86,444,212,446,445,449,211],"class_list":{"0":"post-593","1":"product","2":"type-product","3":"status-publish","4":"has-post-thumbnail","6":"product_cat-ciasta-owocowe","7":"product_tag-beza","8":"product_tag-ciasto-kruche","9":"product_tag-ciasto-z-jablkami","10":"product_tag-cukiernia-jacek-placek","11":"product_tag-czarna-porzeczka","12":"product_tag-jacek-placek-gdansk","13":"product_tag-jacek-placek-gowino","14":"product_tag-jacek-placek-sopot","15":"product_tag-plesniak","17":"entry","18":"has-media","20":"first","21":"instock","22":"shipping-taxable","23":"product-type-variable","24":"has-default-attributes","25":"has-product-nav","26":"col","27":"span_1_of_4","28":"owp-content-center","29":"owp-thumbs-layout-horizontal","30":"owp-btn-normal","31":"owp-tabs-layout-horizontal"},"acf":[],"_links":{"self":[{"href":"https:\/\/jacekplacek.com.pl\/sv\/wp-json\/wp\/v2\/product\/593","targetHints":{"allow":["GET"]}}],"collection":[{"href":"https:\/\/jacekplacek.com.pl\/sv\/wp-json\/wp\/v2\/product"}],"about":[{"href":"https:\/\/jacekplacek.com.pl\/sv\/wp-json\/wp\/v2\/types\/product"}],"replies":[{"embeddable":true,"href":"https:\/\/jacekplacek.com.pl\/sv\/wp-json\/wp\/v2\/comments?post=593"}],"wp:featuredmedia":[{"embeddable":true,"href":"https:\/\/jacekplacek.com.pl\/sv\/wp-json\/wp\/v2\/media\/2981"}],"wp:attachment":[{"href":"https:\/\/jacekplacek.com.pl\/sv\/wp-json\/wp\/v2\/media?parent=593"}],"wp:term":[{"taxonomy":"product_brand","embeddable":true,"href":"https:\/\/jacekplacek.com.pl\/sv\/wp-json\/wp\/v2\/product_brand?post=593"},{"taxonomy":"product_cat","embeddable":true,"href":"https:\/\/jacekplacek.com.pl\/sv\/wp-json\/wp\/v2\/product_cat?post=593"},{"taxonomy":"product_tag","embeddable":true,"href":"https:\/\/jacekplacek.com.pl\/sv\/wp-json\/wp\/v2\/product_tag?post=593"}],"curies":[{"name":"wp","href":"https:\/\/api.w.org\/{rel}","templated":true}]}}