{"id":4919,"date":"2022-03-01T17:55:49","date_gmt":"2022-03-01T16:55:49","guid":{"rendered":"https:\/\/jacekplacek.com.pl\/?post_type=product&#038;p=4919"},"modified":"2025-11-18T18:28:48","modified_gmt":"2025-11-18T17:28:48","slug":"hemlagad-cheesecake-2","status":"publish","type":"product","link":"https:\/\/jacekplacek.com.pl\/sv\/lagra\/ostkakor-allt\/ostkakor\/hemlagad-cheesecake-2\/","title":{"rendered":"Hemlagad cheesecake"},"content":{"rendered":"<p><strong>V\u00e5r mormors tidl\u00f6sa recept, uppskattat av generationer, f\u00f6r en h\u00e4rligt fuktig, fluffig, sm\u00e4lt-i-munnen cheesecake med russin, gjord p\u00e5 keso av b\u00e4sta kvalitet. <\/strong><\/p>\n<p><span style=\"font-weight: 400;\">Om vi skulle ange den produkt som \u00e4r n\u00e4rmast f\u00f6rknippad med v\u00e5ra kunder och n\u00e4rmast f\u00f6rknippad med v\u00e5rt varum\u00e4rke, skulle det vara hemlagad cheesecake!\u00a0<\/span><\/p>\n<p>Andra typer av cheesecakes tillg\u00e4ngliga\u00a0<a href=\"https:\/\/jacekplacek.com.pl\/sv\/produktkategori\/ostkakor-allt\/ostkakor\/\" target=\"_blank\" rel=\"noopener\">h\u00e4r<\/a> och i version\u00a0<a href=\"https:\/\/jacekplacek.com.pl\/sv\/produktkategori\/ostkakor-allt\/kalla-cheesecakes\/\" target=\"_blank\" rel=\"noopener\">kall.<\/a><\/p>","protected":false},"excerpt":{"rendered":"<p><span data-sheets-root=\"1\">Fluffig kesomassa med potatis och russin, utan mj\u00f6l och bakpulver. Traditionell hemlagad cheesecake fr\u00e5n ett familjerecept.<\/span><\/p>","protected":false},"featured_media":8383,"comment_status":"closed","ping_status":"closed","template":"","meta":{"content-type":""},"product_brand":[],"product_cat":[60],"product_tag":[444,446,445,449,68,61,55,69],"class_list":{"0":"post-4919","1":"product","2":"type-product","3":"status-publish","4":"has-post-thumbnail","6":"product_cat-serniki","7":"product_tag-cukiernia-jacek-placek","8":"product_tag-jacek-placek-gdansk","9":"product_tag-jacek-placek-gowino","10":"product_tag-jacek-placek-sopot","11":"product_tag-klasyczny","12":"product_tag-sernik","13":"product_tag-sernik-domowy","14":"product_tag-tradycyjny-sernik","16":"entry","17":"has-media","19":"first","20":"instock","21":"shipping-taxable","22":"product-type-variable","23":"has-default-attributes","24":"has-product-nav","25":"col","26":"span_1_of_4","27":"owp-content-center","28":"owp-thumbs-layout-horizontal","29":"owp-btn-normal","30":"owp-tabs-layout-horizontal"},"acf":[],"_links":{"self":[{"href":"https:\/\/jacekplacek.com.pl\/sv\/wp-json\/wp\/v2\/product\/4919","targetHints":{"allow":["GET"]}}],"collection":[{"href":"https:\/\/jacekplacek.com.pl\/sv\/wp-json\/wp\/v2\/product"}],"about":[{"href":"https:\/\/jacekplacek.com.pl\/sv\/wp-json\/wp\/v2\/types\/product"}],"replies":[{"embeddable":true,"href":"https:\/\/jacekplacek.com.pl\/sv\/wp-json\/wp\/v2\/comments?post=4919"}],"wp:featuredmedia":[{"embeddable":true,"href":"https:\/\/jacekplacek.com.pl\/sv\/wp-json\/wp\/v2\/media\/8383"}],"wp:attachment":[{"href":"https:\/\/jacekplacek.com.pl\/sv\/wp-json\/wp\/v2\/media?parent=4919"}],"wp:term":[{"taxonomy":"product_brand","embeddable":true,"href":"https:\/\/jacekplacek.com.pl\/sv\/wp-json\/wp\/v2\/product_brand?post=4919"},{"taxonomy":"product_cat","embeddable":true,"href":"https:\/\/jacekplacek.com.pl\/sv\/wp-json\/wp\/v2\/product_cat?post=4919"},{"taxonomy":"product_tag","embeddable":true,"href":"https:\/\/jacekplacek.com.pl\/sv\/wp-json\/wp\/v2\/product_tag?post=4919"}],"curies":[{"name":"wp","href":"https:\/\/api.w.org\/{rel}","templated":true}]}}