{"id":4515,"date":"2022-02-08T14:15:05","date_gmt":"2022-02-08T13:15:05","guid":{"rendered":"https:\/\/jacekplacek.com.pl\/?post_type=product&#038;p=4515"},"modified":"2025-11-18T18:27:21","modified_gmt":"2025-11-18T17:27:21","slug":"mini-kaka-rod-sammet","status":"publish","type":"product","link":"https:\/\/jacekplacek.com.pl\/sv\/lagra\/torty_i_desery\/mini-desserter-for-kafeer\/mini-kaka-rod-sammet\/","title":{"rendered":"Mini Red Velvet cake, 3 stycken"},"content":{"rendered":"<p><b>Vi inbjuder dig att prova v\u00e5rt flaggskepp mini Red Velvet Cake - en klassisk dessert med en ny twist.<\/b><\/p>\n<p><b>V\u00e5r t\u00e5rta \u00e4r inte bara aptitretande, utan ocks\u00e5 h\u00e4lsosam eftersom vi undviker konstgjorda tillsatser genom att anv\u00e4nda ett naturligt lykopenf\u00e4rg\u00e4mne fr\u00e5n tomater.<\/b><span style=\"font-weight: 400;\"> Vi fyller insidan av t\u00e5rtan med l\u00e4cker mascarponekr\u00e4m och hallonsylt, vilket ger den en unik smak. Se sj\u00e4lv att traditionell smak kan g\u00e5 hand i hand med uppm\u00e4rksamhet p\u00e5 ingrediensernas kvalitet.<\/span><\/p>\n<p>Efterr\u00e4tt inte bara f\u00f6r eleganta bord - perfekt f\u00f6r att fira namnsdagar, f\u00f6delsedagar eller andra firanden hemma eller p\u00e5 jobbet...<\/p>\n<p>Produkt tillg\u00e4nglig i\u00a0<strong>3 stycken i samlad f\u00f6rpackning (3 stycken ca 450g).<\/strong><\/p>","protected":false},"excerpt":{"rendered":"<p><span style=\"font-weight: 400;\">V\u00e5rt flaggskepp Red Velvet Cake - en klassisk dessert med en ny twist. Se sj\u00e4lv att traditionell smak kan g\u00e5 hand i hand med uppm\u00e4rksamhet p\u00e5 ingrediensernas kvalitet.<\/span><\/p>\n<p>Produkt tillg\u00e4nglig i\u00a0<strong>3 stycken i samlad f\u00f6rpackning (3 stycken ca 450g).<\/strong><\/p>","protected":false},"featured_media":11347,"comment_status":"closed","ping_status":"closed","template":"","meta":{"content-type":""},"product_brand":[],"product_cat":[723],"product_tag":[444,442,446,445,291,450,447,448],"class_list":{"0":"post-4515","1":"product","2":"type-product","3":"status-publish","4":"has-post-thumbnail","6":"product_cat-mini-desery-do-kawiarni","7":"product_tag-cukiernia-jacek-placek","8":"product_tag-deser-jednoporcjowy","9":"product_tag-jacek-placek-gdansk","10":"product_tag-jacek-placek-gowino","11":"product_tag-tort-malinowy","12":"product_tag-tort-mini","13":"product_tag-tort-red-velvet","14":"product_tag-tort-z-mascarpone","16":"entry","17":"has-media","19":"first","20":"instock","21":"shipping-taxable","22":"product-type-simple","23":"has-product-nav","24":"col","25":"span_1_of_4","26":"owp-content-center","27":"owp-thumbs-layout-horizontal","28":"owp-btn-normal","29":"owp-tabs-layout-horizontal"},"acf":[],"_links":{"self":[{"href":"https:\/\/jacekplacek.com.pl\/sv\/wp-json\/wp\/v2\/product\/4515","targetHints":{"allow":["GET"]}}],"collection":[{"href":"https:\/\/jacekplacek.com.pl\/sv\/wp-json\/wp\/v2\/product"}],"about":[{"href":"https:\/\/jacekplacek.com.pl\/sv\/wp-json\/wp\/v2\/types\/product"}],"replies":[{"embeddable":true,"href":"https:\/\/jacekplacek.com.pl\/sv\/wp-json\/wp\/v2\/comments?post=4515"}],"wp:featuredmedia":[{"embeddable":true,"href":"https:\/\/jacekplacek.com.pl\/sv\/wp-json\/wp\/v2\/media\/11347"}],"wp:attachment":[{"href":"https:\/\/jacekplacek.com.pl\/sv\/wp-json\/wp\/v2\/media?parent=4515"}],"wp:term":[{"taxonomy":"product_brand","embeddable":true,"href":"https:\/\/jacekplacek.com.pl\/sv\/wp-json\/wp\/v2\/product_brand?post=4515"},{"taxonomy":"product_cat","embeddable":true,"href":"https:\/\/jacekplacek.com.pl\/sv\/wp-json\/wp\/v2\/product_cat?post=4515"},{"taxonomy":"product_tag","embeddable":true,"href":"https:\/\/jacekplacek.com.pl\/sv\/wp-json\/wp\/v2\/product_tag?post=4515"}],"curies":[{"name":"wp","href":"https:\/\/api.w.org\/{rel}","templated":true}]}}