{"id":3997,"date":"2021-12-08T15:51:34","date_gmt":"2021-12-08T14:51:34","guid":{"rendered":"https:\/\/jacekplacek.com.pl\/?post_type=product&#038;p=3997"},"modified":"2025-11-18T18:27:20","modified_gmt":"2025-11-18T17:27:20","slug":"pepparkaksstjarna","status":"publish","type":"product","link":"https:\/\/jacekplacek.com.pl\/sv\/lagra\/babki-i-makowce\/pepparkaksstjarna\/","title":{"rendered":"Pepparkaksstj\u00e4rna"},"content":{"rendered":"<h1>Semester - en tid av tradition, smak och familjestunder<\/h1>\n<p>Julen \u00e4r en tid som kombinerar familjesammankomster, magiska dekorationer och of\u00f6rgl\u00f6mliga smaker. Att dela fester och aromatiska bakverk \u00e4r en integrerad del av dessa speciella dagar.<\/p>\n<h2>Pepparkakor \u2013 en tradition i generationer<\/h2>\n<p>Pepparkakor \u00e4r bakverk med en rik historia som g\u00e5r tillbaka till medeltiden. En g\u00e5ng en symbol f\u00f6r v\u00e4lst\u00e5nd, idag \u00e4r det ett traditionellt inslag p\u00e5 julbordet. Vi har sin unika smak att tacka f\u00f6r en blandning av kryddor, som ger dem en karakt\u00e4ristisk arom som passar perfekt till den festliga atmosf\u00e4ren.<\/p>\n<h2>V\u00e5r produkt \u2013 julpepparkakor med stj\u00e4rnformad pumpa<\/h2>\n<p>Vi presenterar en unik stj\u00e4rnformad pepparkaka som kombinerar traditionell smak med ett modernt f\u00f6rh\u00e5llningss\u00e4tt till bakning. Den h\u00e4r kryddiga kakan har berikats med pumpa, honung och v\u00e5r egen blandning av pepparkakskryddor. Dess bas, gjord av vete- och r\u00e5gmj\u00f6l, ger en delikat struktur, och tillsatser som apelsinskal och valn\u00f6tter ger den en distinkt smak. Det hela t\u00e4cktes med chokladglasyr vilket g\u00f6r den till ett perfekt val till julbordet.<\/p>\n<p>&nbsp;<\/p>\n<h3>T\u00e5rtor v\u00e4rda att minnas under semestern<\/h3>\n<p>Julbordet domineras av klassiska bakverk som har skapat julens magi i flera \u00e5r. De upptr\u00e4der traditionellt <strong>vallmofr\u00f6kakor<\/strong>, fylld med aromatiska vallmofr\u00f6n och torkad frukt, och <strong>ostkakor<\/strong>, vars kr\u00e4miga konsistens gl\u00e4der g\u00e4sterna. De \u00e4r ocks\u00e5 popul\u00e4ra <strong>kakor rika p\u00e5 torkad frukt<\/strong>, som fruktkaka, full av torkad frukt och n\u00f6tter.<\/p>\n<p>De senaste \u00e5ren har de dykt upp allt oftare p\u00e5 julborden <strong>Julkakor<\/strong> \u2013 dekorerad med gr\u00e4dde, frukt eller choklad, som kombinerar elegans med traditionell smak. Detta \u00e4r ett utm\u00e4rkt val f\u00f6r dem som letar efter moderna bakverk, perfekt f\u00f6r speciella tillf\u00e4llen. Semestern \u00e4r en tid f\u00f6r att njuta av en m\u00e4ngd olika smaker, b\u00e5de traditionella och nya!<\/p>\n<p>V\u00e4lj v\u00e5ra bakverk f\u00f6r att ge en unik smak till din semester och njut av stunder med dina n\u00e4ra och k\u00e4ra. \ud83c\udf84<\/p>\n<p>Du hittar andra f\u00f6rslag inf\u00f6r julen\u00a0<strong><a href=\"https:\/\/jacekplacek.com.pl\/sv\/produktkategori\/jul\/\" target=\"_blank\" rel=\"noopener\">h\u00e4r.<\/a><\/strong><\/p>\n<h3>Produktinformation:<\/h3>\n<ul>\n<li>Vikt ca 150 g.<\/li>\n<li>F\u00f6rpackning: pappersfack, skyddsfolie<\/li>\n<\/ul>\n<p>&nbsp;<\/p>","protected":false},"excerpt":{"rendered":"<h1>Julpepparkakor med stj\u00e4rnformad pumpa<\/h1>\n<p>Kryddig t\u00e5rta med pumpa, honung och v\u00e5r egen blandning av pepparkakskryddor, baserad p\u00e5 vete- och r\u00e5gmj\u00f6l, berikad med apelsinskal och valn\u00f6tter. T\u00e4ckt med chokladglasyr.<\/p>","protected":false},"featured_media":1706,"comment_status":"closed","ping_status":"closed","template":"","meta":{"content-type":""},"product_brand":[],"product_cat":[907,81],"product_tag":[664,99,444,96,437,446,445,449,91,95,98],"class_list":{"0":"post-3997","1":"product","2":"type-product","3":"status-publish","4":"has-post-thumbnail","6":"product_cat-ciasta-swiateczne","7":"product_cat-babki-i-makowce","8":"product_tag-ciasta-na-boze-narodzenie","9":"product_tag-ciasto-swiateczne","10":"product_tag-cukiernia-jacek-placek","11":"product_tag-dzem","12":"product_tag-gwiazdka","13":"product_tag-jacek-placek-gdansk","14":"product_tag-jacek-placek-gowino","15":"product_tag-jacek-placek-sopot","16":"product_tag-orzechy-wloskie","17":"product_tag-piernik","18":"product_tag-swieta","20":"entry","21":"has-media","23":"first","24":"instock","25":"shipping-taxable","26":"product-type-simple","27":"has-product-nav","28":"col","29":"span_1_of_4","30":"owp-content-center","31":"owp-thumbs-layout-horizontal","32":"owp-btn-normal","33":"owp-tabs-layout-horizontal","34":"has-no-thumbnails"},"acf":[],"_links":{"self":[{"href":"https:\/\/jacekplacek.com.pl\/sv\/wp-json\/wp\/v2\/product\/3997","targetHints":{"allow":["GET"]}}],"collection":[{"href":"https:\/\/jacekplacek.com.pl\/sv\/wp-json\/wp\/v2\/product"}],"about":[{"href":"https:\/\/jacekplacek.com.pl\/sv\/wp-json\/wp\/v2\/types\/product"}],"replies":[{"embeddable":true,"href":"https:\/\/jacekplacek.com.pl\/sv\/wp-json\/wp\/v2\/comments?post=3997"}],"wp:featuredmedia":[{"embeddable":true,"href":"https:\/\/jacekplacek.com.pl\/sv\/wp-json\/wp\/v2\/media\/1706"}],"wp:attachment":[{"href":"https:\/\/jacekplacek.com.pl\/sv\/wp-json\/wp\/v2\/media?parent=3997"}],"wp:term":[{"taxonomy":"product_brand","embeddable":true,"href":"https:\/\/jacekplacek.com.pl\/sv\/wp-json\/wp\/v2\/product_brand?post=3997"},{"taxonomy":"product_cat","embeddable":true,"href":"https:\/\/jacekplacek.com.pl\/sv\/wp-json\/wp\/v2\/product_cat?post=3997"},{"taxonomy":"product_tag","embeddable":true,"href":"https:\/\/jacekplacek.com.pl\/sv\/wp-json\/wp\/v2\/product_tag?post=3997"}],"curies":[{"name":"wp","href":"https:\/\/api.w.org\/{rel}","templated":true}]}}