{"id":3996,"date":"2021-12-08T15:49:40","date_gmt":"2021-12-08T14:49:40","guid":{"rendered":"https:\/\/jacekplacek.com.pl\/?post_type=product&#038;p=3996"},"modified":"2025-11-18T18:27:20","modified_gmt":"2025-11-18T17:27:20","slug":"pepparkakor-julgran","status":"publish","type":"product","link":"https:\/\/jacekplacek.com.pl\/sv\/lagra\/babki-i-makowce\/pepparkakor-julgran\/","title":{"rendered":"Julgran pepparkakor"},"content":{"rendered":"<h1>Semester - en tid av unika smaker och traditioner<\/h1>\n<p>Julen \u00e4r en tid d\u00e5 vi tr\u00e4ffas med familjen, dekorerar granen och njuter av l\u00e4ckra, traditionella bakverk. Doften av kryddor, kanel och honung f\u00f6ljer oss under f\u00f6rberedelserna och skapar en of\u00f6rgl\u00f6mlig atmosf\u00e4r.<\/p>\n<h2>Pepparkakor \u2013 en oskiljaktig del av semestern<\/h2>\n<p>Pepparkakor \u00e4r en av julens mest karakt\u00e4ristiska bakverk. De har dominerat borden i flera \u00e5r i olika former \u2013 fr\u00e5n pepparkakshus till aromatiska kakor. Deras s\u00f6ta och kryddiga toner matchar perfekt atmosf\u00e4ren p\u00e5 vinterdagar.<\/p>\n<h2>V\u00e5r pumpapepparkaka i form av en julgran<\/h2>\n<p>Vi erbjuder julpepparkakor med pumpa i form av en julgran, perfekt till julbordet. Den h\u00e4r kryddiga kakan har berikats med pumpa, honung och v\u00e5r egen blandning av pepparkakskryddor. Bakgrunden \u00e4r vete- och r\u00e5gmj\u00f6l vilket ger den en unik struktur. Smaken kompletteras av apelsinskal och valn\u00f6tter. Det hela var t\u00e4ckt med chokladglasyr, som perfekt kombineras med den kryddiga aromen. V\u00e5ra pepparkakor smakar inte bara gott, utan ser ocks\u00e5 vackert ut p\u00e5 julbordet.<\/p>\n<h3>Andra julkakor v\u00e4rda att v\u00e4lja<\/h3>\n<p>Letar du efter andra semesterbakar? H\u00e4r \u00e4r v\u00e5ra f\u00f6rslag:<\/p>\n<ul>\n<li><strong>Vegansk vallmofr\u00f6kaka<\/strong> \u2013 beredd baserad p\u00e5 v\u00e4xtingredienser, med vallmofr\u00f6massa och torkad frukt.<\/li>\n<li><strong>jul kaka<\/strong> \u2013 full av torkad frukt och n\u00f6tter, perfekt f\u00f6r \u00e4lskare av klassiker.<\/li>\n<li><strong>Tranb\u00e4rst\u00e5rta med vit choklad<\/strong> \u2013 s\u00f6tsyrlig t\u00e5rta p\u00e5 havrebotten, med en delikat vit chokladkr\u00e4m.<\/li>\n<\/ul>\n<p>Best\u00e4ll v\u00e5ra bakverk och njut av den unika smaken som kommer att ge en festlig atmosf\u00e4r till ditt hem. \ud83c\udf84<\/p>\n<p>Du hittar andra f\u00f6rslag inf\u00f6r julen\u00a0<strong><a href=\"https:\/\/jacekplacek.com.pl\/sv\/produktkategori\/jul\/\" target=\"_blank\" rel=\"noopener\">h\u00e4r.<\/a><\/strong><\/p>\n<h3>Produktinformation:<\/h3>\n<ul>\n<li>Vikt ca 250 g.<\/li>\n<li>F\u00f6rpackning: pappersfack, skyddsfolie<\/li>\n<\/ul>","protected":false},"excerpt":{"rendered":"<h1>Jul pepparkakor med pumpa i form av en julgran<\/h1>\n<p>Kryddig t\u00e5rta med pumpa, honung och v\u00e5r egen blandning av pepparkakskryddor, baserad p\u00e5 vete- och r\u00e5gmj\u00f6l, berikad med apelsinskal och valn\u00f6tter. T\u00e4ckt med chokladglasyr.<\/p>","protected":false},"featured_media":8249,"comment_status":"closed","ping_status":"closed","template":"","meta":{"content-type":""},"product_brand":[],"product_cat":[907,81],"product_tag":[436,664,99,444,96,446,445,449,91,95,97,98],"class_list":{"0":"post-3996","1":"product","2":"type-product","3":"status-publish","4":"has-post-thumbnail","6":"product_cat-ciasta-swiateczne","7":"product_cat-babki-i-makowce","8":"product_tag-choinka","9":"product_tag-ciasta-na-boze-narodzenie","10":"product_tag-ciasto-swiateczne","11":"product_tag-cukiernia-jacek-placek","12":"product_tag-dzem","13":"product_tag-jacek-placek-gdansk","14":"product_tag-jacek-placek-gowino","15":"product_tag-jacek-placek-sopot","16":"product_tag-orzechy-wloskie","17":"product_tag-piernik","18":"product_tag-piernik-z-dzemem","19":"product_tag-swieta","21":"entry","22":"has-media","24":"first","25":"instock","26":"shipping-taxable","27":"product-type-simple","28":"has-product-nav","29":"col","30":"span_1_of_4","31":"owp-content-center","32":"owp-thumbs-layout-horizontal","33":"owp-btn-normal","34":"owp-tabs-layout-horizontal","35":"has-no-thumbnails"},"acf":[],"_links":{"self":[{"href":"https:\/\/jacekplacek.com.pl\/sv\/wp-json\/wp\/v2\/product\/3996","targetHints":{"allow":["GET"]}}],"collection":[{"href":"https:\/\/jacekplacek.com.pl\/sv\/wp-json\/wp\/v2\/product"}],"about":[{"href":"https:\/\/jacekplacek.com.pl\/sv\/wp-json\/wp\/v2\/types\/product"}],"replies":[{"embeddable":true,"href":"https:\/\/jacekplacek.com.pl\/sv\/wp-json\/wp\/v2\/comments?post=3996"}],"wp:featuredmedia":[{"embeddable":true,"href":"https:\/\/jacekplacek.com.pl\/sv\/wp-json\/wp\/v2\/media\/8249"}],"wp:attachment":[{"href":"https:\/\/jacekplacek.com.pl\/sv\/wp-json\/wp\/v2\/media?parent=3996"}],"wp:term":[{"taxonomy":"product_brand","embeddable":true,"href":"https:\/\/jacekplacek.com.pl\/sv\/wp-json\/wp\/v2\/product_brand?post=3996"},{"taxonomy":"product_cat","embeddable":true,"href":"https:\/\/jacekplacek.com.pl\/sv\/wp-json\/wp\/v2\/product_cat?post=3996"},{"taxonomy":"product_tag","embeddable":true,"href":"https:\/\/jacekplacek.com.pl\/sv\/wp-json\/wp\/v2\/product_tag?post=3996"}],"curies":[{"name":"wp","href":"https:\/\/api.w.org\/{rel}","templated":true}]}}