{"id":271,"date":"2020-09-08T14:52:02","date_gmt":"2020-09-08T12:52:02","guid":{"rendered":"https:\/\/jacekplacek.com.pl\/?post_type=product&#038;p=271"},"modified":"2025-11-18T18:26:48","modified_gmt":"2025-11-18T17:26:48","slug":"eclairs-med-graddpudding","status":"publish","type":"product","link":"https:\/\/jacekplacek.com.pl\/sv\/lagra\/kakor-och-kakor\/konstkakor\/eclairs-med-graddpudding\/","title":{"rendered":"Eclairs med pudding"},"content":{"rendered":"<p>Eclairs kan snabbt f\u00f6rsvinna fr\u00e5n tallriken, d\u00e4rav deras namn, som f\u00f6r fransm\u00e4nnen betyder blixt. Och engelsm\u00e4nnen s\u00e4ger att den h\u00e4r kakan har en l\u00e5ng form men ett kort liv. Tja, vem skulle kunna motst\u00e5 en s\u00e5dan s\u00f6tnos?<\/p>\n<p>&nbsp;<\/p>\n<p>&nbsp;<\/p>\n<p>&nbsp;<\/p>","protected":false},"excerpt":{"rendered":"<p><span style=\"font-weight: 400\">Kaka \u00e5ngad med vaniljs\u00e5s och m\u00f6rk choklad\u00f6verdrag.<\/span><\/p>","protected":false},"featured_media":6664,"comment_status":"closed","ping_status":"closed","template":"","meta":{"content-type":""},"product_brand":[],"product_cat":[83],"product_tag":[132,444,478,131,446,445,449,133],"class_list":{"0":"post-271","1":"product","2":"type-product","3":"status-publish","4":"has-post-thumbnail","6":"product_cat-ciastka-sztukowe","7":"product_tag-ciasto-ptysiowe","8":"product_tag-cukiernia-jacek-placek","9":"product_tag-eklerki","10":"product_tag-eklery","11":"product_tag-jacek-placek-gdansk","12":"product_tag-jacek-placek-gowino","13":"product_tag-jacek-placek-sopot","14":"product_tag-krem-budyniowy","16":"entry","17":"has-media","19":"first","20":"instock","21":"shipping-taxable","22":"product-type-simple","23":"has-product-nav","24":"col","25":"span_1_of_4","26":"owp-content-center","27":"owp-thumbs-layout-horizontal","28":"owp-btn-normal","29":"owp-tabs-layout-horizontal"},"acf":[],"_links":{"self":[{"href":"https:\/\/jacekplacek.com.pl\/sv\/wp-json\/wp\/v2\/product\/271","targetHints":{"allow":["GET"]}}],"collection":[{"href":"https:\/\/jacekplacek.com.pl\/sv\/wp-json\/wp\/v2\/product"}],"about":[{"href":"https:\/\/jacekplacek.com.pl\/sv\/wp-json\/wp\/v2\/types\/product"}],"replies":[{"embeddable":true,"href":"https:\/\/jacekplacek.com.pl\/sv\/wp-json\/wp\/v2\/comments?post=271"}],"wp:featuredmedia":[{"embeddable":true,"href":"https:\/\/jacekplacek.com.pl\/sv\/wp-json\/wp\/v2\/media\/6664"}],"wp:attachment":[{"href":"https:\/\/jacekplacek.com.pl\/sv\/wp-json\/wp\/v2\/media?parent=271"}],"wp:term":[{"taxonomy":"product_brand","embeddable":true,"href":"https:\/\/jacekplacek.com.pl\/sv\/wp-json\/wp\/v2\/product_brand?post=271"},{"taxonomy":"product_cat","embeddable":true,"href":"https:\/\/jacekplacek.com.pl\/sv\/wp-json\/wp\/v2\/product_cat?post=271"},{"taxonomy":"product_tag","embeddable":true,"href":"https:\/\/jacekplacek.com.pl\/sv\/wp-json\/wp\/v2\/product_tag?post=271"}],"curies":[{"name":"wp","href":"https:\/\/api.w.org\/{rel}","templated":true}]}}