{"id":262,"date":"2020-09-08T14:05:46","date_gmt":"2020-09-08T12:05:46","guid":{"rendered":"https:\/\/jacekplacek.com.pl\/?post_type=product&#038;p=262"},"modified":"2025-11-18T18:26:48","modified_gmt":"2025-11-18T17:26:48","slug":"dumplings-spenat-och-fetaost","status":"publish","type":"product","link":"https:\/\/jacekplacek.com.pl\/sv\/lagra\/pierogi-i-paszteciki\/frysta-dumplings\/dumplings-spenat-och-fetaost\/","title":{"rendered":"Dumplings med spenat och fetaost"},"content":{"rendered":"<p>Dumplings med spenat och fetaost \u00e4r unika hemgjorda klimpar, gjorda av deg gjord efter ett gammalt familjerecept. Deras goda smak kommer att tillfredsst\u00e4lla varje gourmet. V\u00e5ra dumplings \u00e4r gjorda av ingredienser av h\u00f6gsta kvalitet, varf\u00f6r deras smak och arom \u00e4r unik.<\/p>\n<p>Vi erbjuder dem frysta, i f\u00f6rpackningar som v\u00e4ger cirka 0,4 kg. F\u00f6rpackningen inneh\u00e5ller cirka 13 stycken dumplings.<\/p>\n<p>Kolla in v\u00e5rt utbud och k\u00e4nn smaken av riktiga hemgjorda dumplings!<\/p>\n<p><strong><a href=\"https:\/\/jacekplacek.com.pl\/sv\/produktkategori\/snacks-och-dumplings\/frysta-dumplings\/\">Vi inbjuder dig att bekanta dig med v\u00e5ra andra smaker.<\/a><\/strong><\/p>","protected":false},"excerpt":{"rendered":"<p>Dumplings gjorda av traditionell hemgjord deg fylld med spenat och fetaost. F\u00f6rpackningen inneh\u00e5ller cirka 13 stycken dumplings.<\/p>","protected":false},"featured_media":8544,"comment_status":"closed","ping_status":"closed","template":"","meta":{"content-type":""},"product_brand":[],"product_cat":[82],"product_tag":[115,444,446,445,449,103,114,112,113,49],"class_list":{"0":"post-262","1":"product","2":"type-product","3":"status-publish","4":"has-post-thumbnail","6":"product_cat-pierogi-mrozone","7":"product_tag-bez-miesa","8":"product_tag-cukiernia-jacek-placek","9":"product_tag-jacek-placek-gdansk","10":"product_tag-jacek-placek-gowino","11":"product_tag-jacek-placek-sopot","12":"product_tag-pierogi","13":"product_tag-pierogi-wegetarianskie","14":"product_tag-pierogi-z-serem","15":"product_tag-pierogi-ze-szpinakiem","16":"product_tag-wegetarianskie","18":"entry","19":"has-media","21":"first","22":"instock","23":"shipping-taxable","24":"product-type-simple","25":"has-product-nav","26":"col","27":"span_1_of_4","28":"owp-content-center","29":"owp-thumbs-layout-horizontal","30":"owp-btn-normal","31":"owp-tabs-layout-horizontal"},"acf":[],"_links":{"self":[{"href":"https:\/\/jacekplacek.com.pl\/sv\/wp-json\/wp\/v2\/product\/262","targetHints":{"allow":["GET"]}}],"collection":[{"href":"https:\/\/jacekplacek.com.pl\/sv\/wp-json\/wp\/v2\/product"}],"about":[{"href":"https:\/\/jacekplacek.com.pl\/sv\/wp-json\/wp\/v2\/types\/product"}],"replies":[{"embeddable":true,"href":"https:\/\/jacekplacek.com.pl\/sv\/wp-json\/wp\/v2\/comments?post=262"}],"wp:featuredmedia":[{"embeddable":true,"href":"https:\/\/jacekplacek.com.pl\/sv\/wp-json\/wp\/v2\/media\/8544"}],"wp:attachment":[{"href":"https:\/\/jacekplacek.com.pl\/sv\/wp-json\/wp\/v2\/media?parent=262"}],"wp:term":[{"taxonomy":"product_brand","embeddable":true,"href":"https:\/\/jacekplacek.com.pl\/sv\/wp-json\/wp\/v2\/product_brand?post=262"},{"taxonomy":"product_cat","embeddable":true,"href":"https:\/\/jacekplacek.com.pl\/sv\/wp-json\/wp\/v2\/product_cat?post=262"},{"taxonomy":"product_tag","embeddable":true,"href":"https:\/\/jacekplacek.com.pl\/sv\/wp-json\/wp\/v2\/product_tag?post=262"}],"curies":[{"name":"wp","href":"https:\/\/api.w.org\/{rel}","templated":true}]}}