{"id":219,"date":"2020-09-08T13:36:08","date_gmt":"2020-09-08T11:36:08","guid":{"rendered":"https:\/\/jacekplacek.com.pl\/?post_type=product&#038;p=219"},"modified":"2025-11-18T18:28:57","modified_gmt":"2025-11-18T17:28:57","slug":"hemgjord-cider","status":"publish","type":"product","link":"https:\/\/jacekplacek.com.pl\/sv\/lagra\/fruktkakor\/hemgjord-cider\/","title":{"rendered":"Hemlagad \u00e4ppelpaj"},"content":{"rendered":"<p><span style=\"font-weight: 400;\"><strong>F\u00f6rmodligen den mest k\u00e4nda kakan i v\u00e4rlden. Och hur m\u00e5nga kockar, s\u00e5 m\u00e5nga varianter av en fotnot.<\/strong> <\/span><\/p>\n<p>Sm\u00f6rdeg tillagad enligt ett traditionellt recept. K\u00e4nn den hemgjorda smaken av v\u00e5ra bakverk.<\/p>\n<p><span style=\"font-weight: 400;\">Botten \u00e4r gjord av ljus m\u00f6rdeg, toppad med rostade \u00e4pplen, vars saft rinner ner under gr\u00e4ddningen och bl\u00f6tl\u00e4gger m\u00f6rdegsbotten, och knaprig smula ovanp\u00e5. Uppv\u00e4rmd och serverad med glass blir den den perfekta efterr\u00e4tten f\u00f6r alla tillf\u00e4llen.<\/span><\/p>","protected":false},"excerpt":{"rendered":"<p><span data-sheets-root=\"1\">En m\u00f6rdegsbotten, en rostad \u00e4pplefyllning och en knaprig smula topping p\u00e5 toppen.<\/span><\/p>","protected":false},"featured_media":10485,"comment_status":"closed","ping_status":"closed","template":"","meta":{"content-type":""},"product_brand":[],"product_cat":[74],"product_tag":[65,86,444,84,87,446,445,449,85,88],"class_list":{"0":"post-219","1":"product","2":"type-product","3":"status-publish","4":"has-post-thumbnail","6":"product_cat-ciasta-owocowe","7":"product_tag-ciasto-kruche","8":"product_tag-ciasto-z-jablkami","9":"product_tag-cukiernia-jacek-placek","10":"product_tag-jablecznik","11":"product_tag-jablecznik-domowy","12":"product_tag-jacek-placek-gdansk","13":"product_tag-jacek-placek-gowino","14":"product_tag-jacek-placek-sopot","15":"product_tag-szarlotka","16":"product_tag-tradycyjna-szarlotka","18":"entry","19":"has-media","21":"first","22":"instock","23":"shipping-taxable","24":"product-type-variable","25":"has-default-attributes","26":"has-product-nav","27":"col","28":"span_1_of_4","29":"owp-content-center","30":"owp-thumbs-layout-horizontal","31":"owp-btn-normal","32":"owp-tabs-layout-horizontal"},"acf":[],"_links":{"self":[{"href":"https:\/\/jacekplacek.com.pl\/sv\/wp-json\/wp\/v2\/product\/219","targetHints":{"allow":["GET"]}}],"collection":[{"href":"https:\/\/jacekplacek.com.pl\/sv\/wp-json\/wp\/v2\/product"}],"about":[{"href":"https:\/\/jacekplacek.com.pl\/sv\/wp-json\/wp\/v2\/types\/product"}],"replies":[{"embeddable":true,"href":"https:\/\/jacekplacek.com.pl\/sv\/wp-json\/wp\/v2\/comments?post=219"}],"wp:featuredmedia":[{"embeddable":true,"href":"https:\/\/jacekplacek.com.pl\/sv\/wp-json\/wp\/v2\/media\/10485"}],"wp:attachment":[{"href":"https:\/\/jacekplacek.com.pl\/sv\/wp-json\/wp\/v2\/media?parent=219"}],"wp:term":[{"taxonomy":"product_brand","embeddable":true,"href":"https:\/\/jacekplacek.com.pl\/sv\/wp-json\/wp\/v2\/product_brand?post=219"},{"taxonomy":"product_cat","embeddable":true,"href":"https:\/\/jacekplacek.com.pl\/sv\/wp-json\/wp\/v2\/product_cat?post=219"},{"taxonomy":"product_tag","embeddable":true,"href":"https:\/\/jacekplacek.com.pl\/sv\/wp-json\/wp\/v2\/product_tag?post=219"}],"curies":[{"name":"wp","href":"https:\/\/api.w.org\/{rel}","templated":true}]}}