{"id":2005,"date":"2021-02-03T20:27:28","date_gmt":"2021-02-03T19:27:28","guid":{"rendered":"https:\/\/jacekplacek.com.pl\/?post_type=product&#038;p=2005"},"modified":"2025-12-16T15:38:40","modified_gmt":"2025-12-16T14:38:40","slug":"mordeg-kakor-med-solrosfron","status":"publish","type":"product","link":"https:\/\/jacekplacek.com.pl\/sv\/lagra\/kakor-och-kakor\/smakakor\/mordeg-kakor-med-solrosfron\/","title":{"rendered":"FIT veganska kakor"},"content":{"rendered":"<p>S\u00e5 sk\u00f6nt att kombinera en svaghet f\u00f6r m\u00f6rdegskakor med ett f\u00f6rs\u00f6k att komplettera din kost med v\u00e4rdefulla fr\u00f6n...<\/p>\n<p><span style=\"font-weight: 400;\">Uppt\u00e4ck den underbara smaken av v\u00e5ra unika FIT veganska kakor. V\u00e5r noggrant utvalda kombination av ingredienser g\u00f6r att dessa kakor inte bara smakar uts\u00f6kt, utan ger ocks\u00e5 m\u00e5nga f\u00f6rdelar f\u00f6r din h\u00e4lsa. <\/span><\/p>\n<p><span style=\"font-weight: 400;\">\u00d6verfl\u00f6det av spannm\u00e5l, fibrer och n\u00e4rings\u00e4mnen g\u00f6r dem n\u00e4ringsrika och m\u00e4ttande. Dessutom har de ett minskat inneh\u00e5ll av gluten och animaliska produkter. <span style=\"color: #000000;\">(P\u00e5 grund av avsaknaden av en separat produktionslinje kan produkten inneh\u00e5lla sp\u00e5r av gluten och andra allergener. V\u00e4xten anv\u00e4nder: mj\u00f6l, \u00e4gg, n\u00f6tter, sesam och mj\u00f6lk, d\u00e4rf\u00f6r kan varje produkt inneh\u00e5lla sp\u00e5r av n\u00e4mnda allergener, \u00e4ven om de \u00e4r inte specificerat i beskrivningen och ingredienslistan.)<\/span><\/span><\/p>\n<p><span style=\"font-weight: 400;\">Njut av den uts\u00f6kta smaken utan att ge avkall p\u00e5 dess v\u00e4lg\u00f6rande egenskaper.<\/span><\/p>\n<p>&nbsp;<\/p>\n<p>&nbsp;<\/p>","protected":false},"excerpt":{"rendered":"<p><span style=\"font-weight: 400;\">Vi inbjuder dig att prova v\u00e5ra fantastiska FIT veganska kakor. <\/span><\/p>\n<p><span style=\"font-weight: 400;\">De kommer inte bara att smaka gott, de kommer ocks\u00e5 att f\u00f6rse din kropp med de n\u00f6dv\u00e4ndiga n\u00e4rings\u00e4mnena, vilket s\u00e4kerst\u00e4ller att du kan njuta av att \u00e4ta p\u00e5 ett h\u00e4lsosamt s\u00e4tt.<\/span><\/p>","protected":false},"featured_media":9884,"comment_status":"closed","ping_status":"closed","template":"","meta":{"content-type":""},"product_brand":[],"product_cat":[121],"product_tag":[348,454,444,446,445,449,354,355],"class_list":{"0":"post-2005","1":"product","2":"type-product","3":"status-publish","4":"has-post-thumbnail","6":"product_cat-ciasteczka","7":"product_tag-ciasteczka-kruche","8":"product_tag-ciasteczka-na-wage","9":"product_tag-cukiernia-jacek-placek","10":"product_tag-jacek-placek-gdansk","11":"product_tag-jacek-placek-gowino","12":"product_tag-jacek-placek-sopot","13":"product_tag-z-nasionami","14":"product_tag-ze-slonecznikiem","16":"entry","17":"has-media","19":"first","20":"outofstock","21":"shipping-taxable","22":"product-type-variable","23":"has-default-attributes","24":"has-product-nav","25":"col","26":"span_1_of_4","27":"owp-content-center","28":"owp-thumbs-layout-horizontal","29":"owp-btn-normal","30":"owp-tabs-layout-horizontal"},"acf":[],"_links":{"self":[{"href":"https:\/\/jacekplacek.com.pl\/sv\/wp-json\/wp\/v2\/product\/2005","targetHints":{"allow":["GET"]}}],"collection":[{"href":"https:\/\/jacekplacek.com.pl\/sv\/wp-json\/wp\/v2\/product"}],"about":[{"href":"https:\/\/jacekplacek.com.pl\/sv\/wp-json\/wp\/v2\/types\/product"}],"replies":[{"embeddable":true,"href":"https:\/\/jacekplacek.com.pl\/sv\/wp-json\/wp\/v2\/comments?post=2005"}],"wp:featuredmedia":[{"embeddable":true,"href":"https:\/\/jacekplacek.com.pl\/sv\/wp-json\/wp\/v2\/media\/9884"}],"wp:attachment":[{"href":"https:\/\/jacekplacek.com.pl\/sv\/wp-json\/wp\/v2\/media?parent=2005"}],"wp:term":[{"taxonomy":"product_brand","embeddable":true,"href":"https:\/\/jacekplacek.com.pl\/sv\/wp-json\/wp\/v2\/product_brand?post=2005"},{"taxonomy":"product_cat","embeddable":true,"href":"https:\/\/jacekplacek.com.pl\/sv\/wp-json\/wp\/v2\/product_cat?post=2005"},{"taxonomy":"product_tag","embeddable":true,"href":"https:\/\/jacekplacek.com.pl\/sv\/wp-json\/wp\/v2\/product_tag?post=2005"}],"curies":[{"name":"wp","href":"https:\/\/api.w.org\/{rel}","templated":true}]}}