{"id":2003,"date":"2021-02-03T20:21:01","date_gmt":"2021-02-03T19:21:01","guid":{"rendered":"https:\/\/jacekplacek.com.pl\/?post_type=product&#038;p=2003"},"modified":"2025-12-16T15:38:40","modified_gmt":"2025-12-16T14:38:40","slug":"mordegskakor-med-pumpafron","status":"publish","type":"product","link":"https:\/\/jacekplacek.com.pl\/sv\/lagra\/kakor-och-kakor\/smakakor\/mordegskakor-med-pumpafron\/","title":{"rendered":"Pumpafr\u00f6kakor"},"content":{"rendered":"<p>Det \u00e4r s\u00e5 sk\u00f6nt att kombinera din svaghet f\u00f6r m\u00f6rdegskakor med ett f\u00f6rs\u00f6k att komplettera din kost med v\u00e4rdefulla fr\u00f6n... Dessutom f\u00f6rst\u00e4rker pumpafr\u00f6n den kn\u00e4ckande effekten - kolla in det!<\/p>\n<p>Vi rekommenderar att prova versionen med solrosfr\u00f6n \u2013\u00a0<strong><a href=\"https:\/\/jacekplacek.com.pl\/sv\/lagra\/kakor-och-kakor\/smakakor\/mordeg-kakor-med-solrosfron\/\" target=\"_blank\" rel=\"noopener\">\u00e5h h\u00e4r...<\/a><\/strong><\/p>\n<p>&nbsp;<\/p>\n<p>&nbsp;<\/p>\n<p>&nbsp;<\/p>","protected":false},"excerpt":{"rendered":"<p><span style=\"font-weight: 400;\">Runda m\u00f6rdegskakor dekorerade med pumpafr\u00f6n.<\/span><\/p>","protected":false},"featured_media":4637,"comment_status":"closed","ping_status":"closed","template":"","meta":{"content-type":""},"product_brand":[],"product_cat":[121],"product_tag":[348,454,474,444,446,445,449,353,354],"class_list":{"0":"post-2003","1":"product","2":"type-product","3":"status-publish","4":"has-post-thumbnail","6":"product_cat-ciasteczka","7":"product_tag-ciasteczka-kruche","8":"product_tag-ciasteczka-na-wage","9":"product_tag-ciastka-kruche","10":"product_tag-cukiernia-jacek-placek","11":"product_tag-jacek-placek-gdansk","12":"product_tag-jacek-placek-gowino","13":"product_tag-jacek-placek-sopot","14":"product_tag-z-dynia","15":"product_tag-z-nasionami","17":"entry","18":"has-media","20":"first","21":"outofstock","22":"shipping-taxable","23":"product-type-variable","24":"has-default-attributes","25":"has-product-nav","26":"col","27":"span_1_of_4","28":"owp-content-center","29":"owp-thumbs-layout-horizontal","30":"owp-btn-normal","31":"owp-tabs-layout-horizontal"},"acf":[],"_links":{"self":[{"href":"https:\/\/jacekplacek.com.pl\/sv\/wp-json\/wp\/v2\/product\/2003","targetHints":{"allow":["GET"]}}],"collection":[{"href":"https:\/\/jacekplacek.com.pl\/sv\/wp-json\/wp\/v2\/product"}],"about":[{"href":"https:\/\/jacekplacek.com.pl\/sv\/wp-json\/wp\/v2\/types\/product"}],"replies":[{"embeddable":true,"href":"https:\/\/jacekplacek.com.pl\/sv\/wp-json\/wp\/v2\/comments?post=2003"}],"wp:featuredmedia":[{"embeddable":true,"href":"https:\/\/jacekplacek.com.pl\/sv\/wp-json\/wp\/v2\/media\/4637"}],"wp:attachment":[{"href":"https:\/\/jacekplacek.com.pl\/sv\/wp-json\/wp\/v2\/media?parent=2003"}],"wp:term":[{"taxonomy":"product_brand","embeddable":true,"href":"https:\/\/jacekplacek.com.pl\/sv\/wp-json\/wp\/v2\/product_brand?post=2003"},{"taxonomy":"product_cat","embeddable":true,"href":"https:\/\/jacekplacek.com.pl\/sv\/wp-json\/wp\/v2\/product_cat?post=2003"},{"taxonomy":"product_tag","embeddable":true,"href":"https:\/\/jacekplacek.com.pl\/sv\/wp-json\/wp\/v2\/product_tag?post=2003"}],"curies":[{"name":"wp","href":"https:\/\/api.w.org\/{rel}","templated":true}]}}