{"id":195,"date":"2020-09-08T12:29:46","date_gmt":"2020-09-08T10:29:46","guid":{"rendered":"https:\/\/jacekplacek.com.pl\/?post_type=product&#038;p=195"},"modified":"2025-11-18T18:28:52","modified_gmt":"2025-11-18T17:28:52","slug":"kunglig-cheesecake","status":"publish","type":"product","link":"https:\/\/jacekplacek.com.pl\/sv\/lagra\/ostkakor-allt\/ostkakor\/kunglig-cheesecake\/","title":{"rendered":"Kunglig ostkaka"},"content":{"rendered":"<p><strong>Delikat cheesecake med chokladdroppar och vit chokladglasyr.<\/strong><\/p>\n<p>Andra typer av cheesecakes tillg\u00e4ngliga\u00a0<strong><a href=\"https:\/\/jacekplacek.com.pl\/sv\/produktkategori\/ostkakor-allt\/\" target=\"_blank\" rel=\"noopener\">h\u00e4r.<\/a><\/strong><\/p>","protected":false},"excerpt":{"rendered":"<p><span data-sheets-root=\"1\">Kakaowy sp\u00f3d, puszysta masa serowa z kawa\u0142kami czekolady i polewa z bia\u0142ej czekolady. <\/span><\/p>","protected":false},"featured_media":3301,"comment_status":"closed","ping_status":"closed","template":"","meta":{"content-type":""},"product_brand":[],"product_cat":[60],"product_tag":[66,65,444,64,63,446,445,449,62,67,61],"class_list":{"0":"post-195","1":"product","2":"type-product","3":"status-publish","4":"has-post-thumbnail","6":"product_cat-serniki","7":"product_tag-biala-czekolada","8":"product_tag-ciasto-kruche","9":"product_tag-cukiernia-jacek-placek","10":"product_tag-czekolada","11":"product_tag-deser","12":"product_tag-jacek-placek-gdansk","13":"product_tag-jacek-placek-gowino","14":"product_tag-jacek-placek-sopot","15":"product_tag-krolewski","16":"product_tag-polewa","17":"product_tag-sernik","19":"entry","20":"has-media","22":"first","23":"instock","24":"shipping-taxable","25":"product-type-variable","26":"has-default-attributes","27":"has-product-nav","28":"col","29":"span_1_of_4","30":"owp-content-center","31":"owp-thumbs-layout-horizontal","32":"owp-btn-normal","33":"owp-tabs-layout-horizontal"},"acf":[],"_links":{"self":[{"href":"https:\/\/jacekplacek.com.pl\/sv\/wp-json\/wp\/v2\/product\/195","targetHints":{"allow":["GET"]}}],"collection":[{"href":"https:\/\/jacekplacek.com.pl\/sv\/wp-json\/wp\/v2\/product"}],"about":[{"href":"https:\/\/jacekplacek.com.pl\/sv\/wp-json\/wp\/v2\/types\/product"}],"replies":[{"embeddable":true,"href":"https:\/\/jacekplacek.com.pl\/sv\/wp-json\/wp\/v2\/comments?post=195"}],"wp:featuredmedia":[{"embeddable":true,"href":"https:\/\/jacekplacek.com.pl\/sv\/wp-json\/wp\/v2\/media\/3301"}],"wp:attachment":[{"href":"https:\/\/jacekplacek.com.pl\/sv\/wp-json\/wp\/v2\/media?parent=195"}],"wp:term":[{"taxonomy":"product_brand","embeddable":true,"href":"https:\/\/jacekplacek.com.pl\/sv\/wp-json\/wp\/v2\/product_brand?post=195"},{"taxonomy":"product_cat","embeddable":true,"href":"https:\/\/jacekplacek.com.pl\/sv\/wp-json\/wp\/v2\/product_cat?post=195"},{"taxonomy":"product_tag","embeddable":true,"href":"https:\/\/jacekplacek.com.pl\/sv\/wp-json\/wp\/v2\/product_tag?post=195"}],"curies":[{"name":"wp","href":"https:\/\/api.w.org\/{rel}","templated":true}]}}