{"id":189,"date":"2020-09-08T10:59:30","date_gmt":"2020-09-08T08:59:30","guid":{"rendered":"https:\/\/jacekplacek.com.pl\/?post_type=product&#038;p=189"},"modified":"2025-11-18T18:28:56","modified_gmt":"2025-11-18T17:28:56","slug":"hemlagad-ostkaka","status":"publish","type":"product","link":"https:\/\/jacekplacek.com.pl\/sv\/lagra\/ostkakor-allt\/ostkakor\/hemlagad-ostkaka\/","title":{"rendered":"Hemlagad cheesecake utan mj\u00f6l"},"content":{"rendered":"<p><strong>Ett tidl\u00f6st, uppskattat av generationer, recept av v\u00e5r mormor Agatka f\u00f6r en underbart fuktig, fluffig, sm\u00e4lt-i-munnen cheesecake med russin, gjord av den b\u00e4sta sortens keso. <\/strong><\/p>\n<p><span style=\"font-weight: 400;\">Om vi skulle ange den produkt som \u00e4r n\u00e4rmast f\u00f6rknippad med v\u00e5ra kunder och n\u00e4rmast f\u00f6rknippad med v\u00e5rt varum\u00e4rke, skulle det vara hemlagad cheesecake!<\/span><\/p>\n<p>Andra typer av cheesecakes tillg\u00e4ngliga\u00a0<strong><a href=\"https:\/\/jacekplacek.com.pl\/sv\/produktkategori\/ostkakor-allt\/\" target=\"_blank\" rel=\"noopener\">h\u00e4r.<\/a><\/strong><\/p>\n<p><span style=\"font-weight: 400;\">(V\u00e4xten anv\u00e4nder: mj\u00f6l, \u00e4gg, n\u00f6tter, sesam och mj\u00f6lk. D\u00e4rf\u00f6r kan varje produkt inneh\u00e5lla sp\u00e5r av n\u00e4mnda allergener \u00e4ven om de inte anges i beskrivningen och ingrediensf\u00f6rteckningen.)<\/span><\/p>\n<p>&nbsp;<\/p>","protected":false},"excerpt":{"rendered":"<p><span data-sheets-root=\"1\">Fluffig kesomassa med potatis och russin, utan mj\u00f6l och bakpulver. Traditionell hemlagad cheesecake fr\u00e5n ett familjerecept.<\/span><\/p>","protected":false},"featured_media":8383,"comment_status":"closed","ping_status":"closed","template":"","meta":{"content-type":""},"product_brand":[],"product_cat":[60,534],"product_tag":[557,444,446,445,449,68,61,556,55,69],"class_list":{"0":"post-189","1":"product","2":"type-product","3":"status-publish","4":"has-post-thumbnail","6":"product_cat-serniki","7":"product_cat-ciasta-weganskie-i-keto","8":"product_tag-ciasto-bez-maki","9":"product_tag-cukiernia-jacek-placek","10":"product_tag-jacek-placek-gdansk","11":"product_tag-jacek-placek-gowino","12":"product_tag-jacek-placek-sopot","13":"product_tag-klasyczny","14":"product_tag-sernik","15":"product_tag-sernik-bez-maki","16":"product_tag-sernik-domowy","17":"product_tag-tradycyjny-sernik","19":"entry","20":"has-media","22":"first","23":"instock","24":"shipping-taxable","25":"product-type-variable","26":"has-default-attributes","27":"has-product-nav","28":"col","29":"span_1_of_4","30":"owp-content-center","31":"owp-thumbs-layout-horizontal","32":"owp-btn-normal","33":"owp-tabs-layout-horizontal"},"acf":[],"_links":{"self":[{"href":"https:\/\/jacekplacek.com.pl\/sv\/wp-json\/wp\/v2\/product\/189","targetHints":{"allow":["GET"]}}],"collection":[{"href":"https:\/\/jacekplacek.com.pl\/sv\/wp-json\/wp\/v2\/product"}],"about":[{"href":"https:\/\/jacekplacek.com.pl\/sv\/wp-json\/wp\/v2\/types\/product"}],"replies":[{"embeddable":true,"href":"https:\/\/jacekplacek.com.pl\/sv\/wp-json\/wp\/v2\/comments?post=189"}],"wp:featuredmedia":[{"embeddable":true,"href":"https:\/\/jacekplacek.com.pl\/sv\/wp-json\/wp\/v2\/media\/8383"}],"wp:attachment":[{"href":"https:\/\/jacekplacek.com.pl\/sv\/wp-json\/wp\/v2\/media?parent=189"}],"wp:term":[{"taxonomy":"product_brand","embeddable":true,"href":"https:\/\/jacekplacek.com.pl\/sv\/wp-json\/wp\/v2\/product_brand?post=189"},{"taxonomy":"product_cat","embeddable":true,"href":"https:\/\/jacekplacek.com.pl\/sv\/wp-json\/wp\/v2\/product_cat?post=189"},{"taxonomy":"product_tag","embeddable":true,"href":"https:\/\/jacekplacek.com.pl\/sv\/wp-json\/wp\/v2\/product_tag?post=189"}],"curies":[{"name":"wp","href":"https:\/\/api.w.org\/{rel}","templated":true}]}}