{"id":178,"date":"2020-09-03T12:22:32","date_gmt":"2020-09-03T10:22:32","guid":{"rendered":"https:\/\/jacekplacek.com.pl\/?post_type=product&#038;p=178"},"modified":"2025-11-18T18:26:45","modified_gmt":"2025-11-18T17:26:45","slug":"jakt-pajer","status":"publish","type":"product","link":"https:\/\/jacekplacek.com.pl\/sv\/lagra\/pierogi-i-paszteciki\/biffar\/jakt-pajer\/","title":{"rendered":"L\u00e4ckra biffar 100g\/st"},"content":{"rendered":"<p>Det \u00e4r sv\u00e5rt att f\u00f6rest\u00e4lla sig dagens v\u00e4rld utan sm\u00f6rdeg \u2013 vad skulle en parisare g\u00f6ra utan sin kaffecroissant, f\u00f6r att inte tala om p\u00e5vliga gr\u00e4ddt\u00e5rtor... Polacker d\u00e4remot \u00e4lskar salta sm\u00f6rdegssnacks, g\u00e4rna med ren borsjtj.<\/p>\n<p><span style=\"font-weight: 400;\">Denna bladdeg anv\u00e4nds \u00e4ven i v\u00e5rt konfektyr f\u00f6r att g\u00f6ra biffar fyllda med spenat, fetaost och k\u00f6tt, k\u00e5l och svamp \u2013 du hittar<strong><a href=\"https:\/\/jacekplacek.com.pl\/sv\/produktkategori\/snacks-och-dumplings\/biffar\/\" target=\"_blank\" rel=\"noopener\"> h\u00e4r\u2026<\/a><\/strong><\/span><\/p>","protected":false},"excerpt":{"rendered":"<p>Sanna till deras namn, de \u00e4r l\u00e4ckra i smaken. En l\u00e4cker kombination av k\u00e5l och svamp - p\u00e5 sm\u00f6rdeg gjord enbart med sm\u00f6r.<\/p>","protected":false},"featured_media":281,"comment_status":"closed","ping_status":"closed","template":"","meta":{"content-type":""},"product_brand":[],"product_cat":[37],"product_tag":[42,444,41,446,445,449,40,38,44,43],"class_list":{"0":"post-178","1":"product","2":"type-product","3":"status-publish","4":"has-post-thumbnail","6":"product_cat-paszteciki","7":"product_tag-ciasto-francuskie","8":"product_tag-cukiernia-jacek-placek","9":"product_tag-grzyby","10":"product_tag-jacek-placek-gdansk","11":"product_tag-jacek-placek-gowino","12":"product_tag-jacek-placek-sopot","13":"product_tag-kapusta","14":"product_tag-paszteciki","15":"product_tag-pieczarki","16":"product_tag-przekaska","18":"entry","19":"has-media","21":"first","22":"instock","23":"shipping-taxable","24":"product-type-simple","25":"has-product-nav","26":"col","27":"span_1_of_4","28":"owp-content-center","29":"owp-thumbs-layout-horizontal","30":"owp-btn-normal","31":"owp-tabs-layout-horizontal"},"acf":[],"_links":{"self":[{"href":"https:\/\/jacekplacek.com.pl\/sv\/wp-json\/wp\/v2\/product\/178","targetHints":{"allow":["GET"]}}],"collection":[{"href":"https:\/\/jacekplacek.com.pl\/sv\/wp-json\/wp\/v2\/product"}],"about":[{"href":"https:\/\/jacekplacek.com.pl\/sv\/wp-json\/wp\/v2\/types\/product"}],"replies":[{"embeddable":true,"href":"https:\/\/jacekplacek.com.pl\/sv\/wp-json\/wp\/v2\/comments?post=178"}],"wp:featuredmedia":[{"embeddable":true,"href":"https:\/\/jacekplacek.com.pl\/sv\/wp-json\/wp\/v2\/media\/281"}],"wp:attachment":[{"href":"https:\/\/jacekplacek.com.pl\/sv\/wp-json\/wp\/v2\/media?parent=178"}],"wp:term":[{"taxonomy":"product_brand","embeddable":true,"href":"https:\/\/jacekplacek.com.pl\/sv\/wp-json\/wp\/v2\/product_brand?post=178"},{"taxonomy":"product_cat","embeddable":true,"href":"https:\/\/jacekplacek.com.pl\/sv\/wp-json\/wp\/v2\/product_cat?post=178"},{"taxonomy":"product_tag","embeddable":true,"href":"https:\/\/jacekplacek.com.pl\/sv\/wp-json\/wp\/v2\/product_tag?post=178"}],"curies":[{"name":"wp","href":"https:\/\/api.w.org\/{rel}","templated":true}]}}