{"id":14627,"date":"2024-11-14T16:50:42","date_gmt":"2024-11-14T15:50:42","guid":{"rendered":"https:\/\/jacekplacek.com.pl\/?post_type=product&#038;p=14627"},"modified":"2025-11-18T18:31:26","modified_gmt":"2025-11-18T17:31:26","slug":"choklad-pepparkakstarta","status":"publish","type":"product","link":"https:\/\/jacekplacek.com.pl\/sv\/lagra\/tartor\/choklad-pepparkakstarta\/","title":{"rendered":"Chokladpepparkakst\u00e5rta"},"content":{"rendered":"<p>G\u00f6r dig redo f\u00f6r en riktig smakfest med v\u00e5r <strong>Choklad-pepparkakst\u00e5rta<\/strong> \u2013 en perfekt kombination av djup arom av kryddor och sammetslen, intensiv choklad. Detta \u00e4r en elegant dessert som kombinerar traditionella julsmaker med en modern finish.<\/p>\n<p>Basen i denna t\u00e5rta \u00e4r en delikat, fuktig pepparkaksdeg, gjord av v\u00e5r ursprungliga kryddblandning. Kanel, kryddnejlika, muskotn\u00f6t och ingef\u00e4ra genomsyrar varje tugga och ger den en karakteristisk, varm doft som f\u00f6rs\u00e4tter dig perfekt i julst\u00e4mning.<\/p>\n<p>P\u00e5 pepparkaksbotten ligger ett lager hemgjord sylt med tranb\u00e4r, som med sin l\u00e4tt syrliga ton perfekt bryter s\u00f6tman och framh\u00e4ver smakrikedomen. Det hela toppas med en len, intensiv chokladglasyr, som tillf\u00f6r en sammetslen och djup till efterr\u00e4tten, samtidigt som den st\u00e5r i vacker kontrast till t\u00e5rtans kryddiga karakt\u00e4r.<\/p>","protected":false},"excerpt":{"rendered":"<p><span data-sheets-root=\"1\">Pepparkaksbas med en originalblandning av kryddor, hemgjord tranb\u00e4rssylt och intensiv chokladglasyr.<\/span><\/p>","protected":false},"featured_media":14641,"comment_status":"closed","ping_status":"closed","template":"","meta":{"content-type":""},"product_brand":[],"product_cat":[830],"product_tag":[868,99,854,747,831,425,872,834,166,730,733,731,732,734],"class_list":{"0":"post-14627","1":"product","2":"type-product","3":"status-publish","4":"has-post-thumbnail","6":"product_cat-tarty","7":"product_tag-ciasto-boze-narodzenie","8":"product_tag-ciasto-swiateczne","9":"product_tag-cukiernia-gdansk","10":"product_tag-luksusowy-tort","11":"product_tag-slodka-tarta","12":"product_tag-tarta","13":"product_tag-tarta-czekoladowo-piernikowa","14":"product_tag-tarta-slony-karmel","15":"product_tag-tort","16":"product_tag-tort-na-urodziny","17":"product_tag-tort-naturalny","18":"product_tag-tort-urodzinowy","19":"product_tag-torty-naturalne","20":"product_tag-zdrowy-sklad","22":"entry","23":"has-media","25":"first","26":"instock","27":"shipping-taxable","28":"product-type-variable","29":"has-default-attributes","30":"has-product-nav","31":"col","32":"span_1_of_4","33":"owp-content-center","34":"owp-thumbs-layout-horizontal","35":"owp-btn-normal","36":"owp-tabs-layout-horizontal"},"acf":[],"_links":{"self":[{"href":"https:\/\/jacekplacek.com.pl\/sv\/wp-json\/wp\/v2\/product\/14627","targetHints":{"allow":["GET"]}}],"collection":[{"href":"https:\/\/jacekplacek.com.pl\/sv\/wp-json\/wp\/v2\/product"}],"about":[{"href":"https:\/\/jacekplacek.com.pl\/sv\/wp-json\/wp\/v2\/types\/product"}],"replies":[{"embeddable":true,"href":"https:\/\/jacekplacek.com.pl\/sv\/wp-json\/wp\/v2\/comments?post=14627"}],"wp:featuredmedia":[{"embeddable":true,"href":"https:\/\/jacekplacek.com.pl\/sv\/wp-json\/wp\/v2\/media\/14641"}],"wp:attachment":[{"href":"https:\/\/jacekplacek.com.pl\/sv\/wp-json\/wp\/v2\/media?parent=14627"}],"wp:term":[{"taxonomy":"product_brand","embeddable":true,"href":"https:\/\/jacekplacek.com.pl\/sv\/wp-json\/wp\/v2\/product_brand?post=14627"},{"taxonomy":"product_cat","embeddable":true,"href":"https:\/\/jacekplacek.com.pl\/sv\/wp-json\/wp\/v2\/product_cat?post=14627"},{"taxonomy":"product_tag","embeddable":true,"href":"https:\/\/jacekplacek.com.pl\/sv\/wp-json\/wp\/v2\/product_tag?post=14627"}],"curies":[{"name":"wp","href":"https:\/\/api.w.org\/{rel}","templated":true}]}}