{"id":14624,"date":"2024-11-14T16:50:40","date_gmt":"2024-11-14T15:50:40","guid":{"rendered":"https:\/\/jacekplacek.com.pl\/?post_type=product&#038;p=14624"},"modified":"2025-11-18T18:31:26","modified_gmt":"2025-11-18T17:31:26","slug":"kahlua-vallmofrota","status":"publish","type":"product","link":"https:\/\/jacekplacek.com.pl\/sv\/lagra\/tartor\/kahlua-vallmofrota\/","title":{"rendered":"Vallmofr\u00f6t\u00e5rta med Kahlua-kr\u00e4m"},"content":{"rendered":"<p><strong>Vallmofr\u00f6t\u00e5rta med Kahlua-kr\u00e4m<\/strong> Denna harmoniska kombination av vallmofr\u00f6n och kaffegr\u00e4dde kommer att \u00f6verraska dig med sin rikedom av smak och elegans, och blir en dekoration p\u00e5 varje julbord.<\/p>\n<p>En delikat, m\u00f6rdeg syrlig deg skapar en idealisk bas f\u00f6r en fuktig och aromatisk vallmofr\u00f6massa, framst\u00e4lld av vallmofr\u00f6n av h\u00f6gsta kvalitet. Fyllningen kompletteras med en kr\u00e4m baserad p\u00e5 Kahlua-lik\u00f6r, som tillf\u00f6r ett raffinerat kaffedjup och sammetslen konsistens till efterr\u00e4tten. Det hela toppas med en l\u00e4tt dekoration som s\u00e4tter en festlig karakt\u00e4r till efterr\u00e4tten.<\/p>\n<p><strong>Vallmofr\u00f6t\u00e5rta med Kahlua-kr\u00e4m<\/strong> \u00e4r ett utm\u00e4rkt val f\u00f6r \u00e4lskare av unika desserter som kombinerar traditionella smaker med moderna accenter. Den \u00e4r perfekt som ett attraktivt tillskott till julkaffe, ett s\u00e4tt att gl\u00e4dja g\u00e4ster eller en unik, s\u00f6t present till dina n\u00e4ra och k\u00e4ra. Om du letar efter n\u00e5got som f\u00e5r din semester att sticka ut, kommer denna t\u00e5rta att vara ett of\u00f6rgl\u00f6mligt val.<\/p>","protected":false},"excerpt":{"rendered":"<p><strong>Vallmofr\u00f6t\u00e5rta med Kahlua-kr\u00e4m<\/strong> \u00e4r en unik efterr\u00e4tt som kombinerar den traditionella smaken av vallmofr\u00f6n med en inslag av gr\u00e4dde med kaffesmak och arom.<\/p>","protected":false},"featured_media":14630,"comment_status":"closed","ping_status":"closed","template":"","meta":{"content-type":""},"product_brand":[],"product_cat":[830],"product_tag":[878,877,99,854,831,425,876,875,166,730,733,731,732,734],"class_list":{"0":"post-14624","1":"product","2":"type-product","3":"status-publish","4":"has-post-thumbnail","6":"product_cat-tarty","7":"product_tag-ciasto-na-boze-narodzenie","8":"product_tag-ciasto-na-swieta","9":"product_tag-ciasto-swiateczne","10":"product_tag-cukiernia-gdansk","11":"product_tag-slodka-tarta","12":"product_tag-tarta","13":"product_tag-tarta-makowa","14":"product_tag-tarta-makowa-z-kremem-kahlua","15":"product_tag-tort","16":"product_tag-tort-na-urodziny","17":"product_tag-tort-naturalny","18":"product_tag-tort-urodzinowy","19":"product_tag-torty-naturalne","20":"product_tag-zdrowy-sklad","22":"entry","23":"has-media","25":"first","26":"instock","27":"shipping-taxable","28":"product-type-variable","29":"has-default-attributes","30":"has-product-nav","31":"col","32":"span_1_of_4","33":"owp-content-center","34":"owp-thumbs-layout-horizontal","35":"owp-btn-normal","36":"owp-tabs-layout-horizontal"},"acf":[],"_links":{"self":[{"href":"https:\/\/jacekplacek.com.pl\/sv\/wp-json\/wp\/v2\/product\/14624","targetHints":{"allow":["GET"]}}],"collection":[{"href":"https:\/\/jacekplacek.com.pl\/sv\/wp-json\/wp\/v2\/product"}],"about":[{"href":"https:\/\/jacekplacek.com.pl\/sv\/wp-json\/wp\/v2\/types\/product"}],"replies":[{"embeddable":true,"href":"https:\/\/jacekplacek.com.pl\/sv\/wp-json\/wp\/v2\/comments?post=14624"}],"wp:featuredmedia":[{"embeddable":true,"href":"https:\/\/jacekplacek.com.pl\/sv\/wp-json\/wp\/v2\/media\/14630"}],"wp:attachment":[{"href":"https:\/\/jacekplacek.com.pl\/sv\/wp-json\/wp\/v2\/media?parent=14624"}],"wp:term":[{"taxonomy":"product_brand","embeddable":true,"href":"https:\/\/jacekplacek.com.pl\/sv\/wp-json\/wp\/v2\/product_brand?post=14624"},{"taxonomy":"product_cat","embeddable":true,"href":"https:\/\/jacekplacek.com.pl\/sv\/wp-json\/wp\/v2\/product_cat?post=14624"},{"taxonomy":"product_tag","embeddable":true,"href":"https:\/\/jacekplacek.com.pl\/sv\/wp-json\/wp\/v2\/product_tag?post=14624"}],"curies":[{"name":"wp","href":"https:\/\/api.w.org\/{rel}","templated":true}]}}