{"id":14601,"date":"2024-11-14T16:08:31","date_gmt":"2024-11-14T15:08:31","guid":{"rendered":"https:\/\/jacekplacek.com.pl\/?post_type=product&#038;p=14601"},"modified":"2025-11-18T18:31:23","modified_gmt":"2025-11-18T17:31:23","slug":"mini-pepparkakskaka-3-st","status":"publish","type":"product","link":"https:\/\/jacekplacek.com.pl\/sv\/lagra\/torty_i_desery\/mini-desserter-for-kafeer\/mini-pepparkakskaka-3-st\/","title":{"rendered":"Mini pepparkaka t\u00e5rta"},"content":{"rendered":"<p><strong>Mini pepparkaka t\u00e5rta <\/strong>\u2013 djupet av kryddor som kanel, ingef\u00e4ra och kryddnejlika, i kombination med fuktig pepparkaka, skapar en unik smak som kommer att gl\u00e4dja alla \u00e4lskare av julgodis.<\/p>\n<ul>\n<li style=\"font-weight: 400;\" aria-level=\"1\"><span style=\"font-weight: 400;\">Pepparkakskaka baserad p\u00e5 egen kryddblandning.<\/span><\/li>\n<li style=\"font-weight: 400;\" aria-level=\"1\"><span style=\"font-weight: 400;\">Hemlagad plommonsylt.<\/span><\/li>\n<li style=\"font-weight: 400;\" aria-level=\"1\"><span style=\"font-weight: 400;\">Chokladsm\u00f6rkr\u00e4m baserad p\u00e5 sm\u00f6r.<\/span><\/li>\n<\/ul>\n<p>Unna dig lite lyx och k\u00e4nn julmagin innesluten i denna charmiga t\u00e5rta!<\/p>\n<p>Produkt tillg\u00e4nglig i\u00a0<strong>3 stycken i samlingsf\u00f6rpackning (3 stycken ca 390g).<\/strong><\/p>","protected":false},"excerpt":{"rendered":"<p>V\u00e5r <strong>Mini pepparkaka t\u00e5rta<\/strong> \u00e4r en unik dessert som kombinerar allt som \u00e4r b\u00e4st i traditionella julsmaker.<\/p>\n<p>Produkt tillg\u00e4nglig i\u00a0<strong>3 stycken i samlingsf\u00f6rpackning (3 stycken ca 390g).<\/strong><\/p>","protected":false},"featured_media":14597,"comment_status":"closed","ping_status":"closed","template":"","meta":{"content-type":""},"product_brand":[],"product_cat":[723],"product_tag":[444,442,446,445,450,848],"class_list":{"0":"post-14601","1":"product","2":"type-product","3":"status-publish","4":"has-post-thumbnail","6":"product_cat-mini-desery-do-kawiarni","7":"product_tag-cukiernia-jacek-placek","8":"product_tag-deser-jednoporcjowy","9":"product_tag-jacek-placek-gdansk","10":"product_tag-jacek-placek-gowino","11":"product_tag-tort-mini","12":"product_tag-tort-piernikowy","14":"entry","15":"has-media","17":"first","18":"instock","19":"shipping-taxable","20":"product-type-simple","21":"has-product-nav","22":"col","23":"span_1_of_4","24":"owp-content-center","25":"owp-thumbs-layout-horizontal","26":"owp-btn-normal","27":"owp-tabs-layout-horizontal"},"acf":[],"_links":{"self":[{"href":"https:\/\/jacekplacek.com.pl\/sv\/wp-json\/wp\/v2\/product\/14601","targetHints":{"allow":["GET"]}}],"collection":[{"href":"https:\/\/jacekplacek.com.pl\/sv\/wp-json\/wp\/v2\/product"}],"about":[{"href":"https:\/\/jacekplacek.com.pl\/sv\/wp-json\/wp\/v2\/types\/product"}],"replies":[{"embeddable":true,"href":"https:\/\/jacekplacek.com.pl\/sv\/wp-json\/wp\/v2\/comments?post=14601"}],"wp:featuredmedia":[{"embeddable":true,"href":"https:\/\/jacekplacek.com.pl\/sv\/wp-json\/wp\/v2\/media\/14597"}],"wp:attachment":[{"href":"https:\/\/jacekplacek.com.pl\/sv\/wp-json\/wp\/v2\/media?parent=14601"}],"wp:term":[{"taxonomy":"product_brand","embeddable":true,"href":"https:\/\/jacekplacek.com.pl\/sv\/wp-json\/wp\/v2\/product_brand?post=14601"},{"taxonomy":"product_cat","embeddable":true,"href":"https:\/\/jacekplacek.com.pl\/sv\/wp-json\/wp\/v2\/product_cat?post=14601"},{"taxonomy":"product_tag","embeddable":true,"href":"https:\/\/jacekplacek.com.pl\/sv\/wp-json\/wp\/v2\/product_tag?post=14601"}],"curies":[{"name":"wp","href":"https:\/\/api.w.org\/{rel}","templated":true}]}}