{"id":14572,"date":"2024-11-14T15:11:59","date_gmt":"2024-11-14T14:11:59","guid":{"rendered":"https:\/\/jacekplacek.com.pl\/?post_type=product&#038;p=14572"},"modified":"2025-11-18T18:31:21","modified_gmt":"2025-11-18T17:31:21","slug":"morotspepparkakor","status":"publish","type":"product","link":"https:\/\/jacekplacek.com.pl\/sv\/lagra\/babki-i-makowce\/morotspepparkakor\/","title":{"rendered":"Pepparkakor morot"},"content":{"rendered":"<p>V\u00e5r <strong>Morotspepparkakor<\/strong> \u00e4r en unik bakad produkt som kombinerar kryddiga aromer med den naturliga s\u00f6tman fr\u00e5n mor\u00f6tter, vilket ger den traditionella julsmaken l\u00e4tthet och lite fr\u00e4sch\u00f6r. Den h\u00e4r pepparkakan \u00e4r ett utm\u00e4rkt val f\u00f6r den som vill ha n\u00e5got nytt men \u00e4nd\u00e5 n\u00e4ra julklassikerna.<\/p>\n<p>F\u00e4rska mor\u00f6tter ger pepparkakan en delikat s\u00f6tma och naturlig arom, samtidigt som de framh\u00e4ver dess fuktighet, och dessutom, som en utm\u00e4rkt k\u00e4lla till fiber, st\u00f6djer de matsm\u00e4ltningen och g\u00f6r detta bakverk till ett h\u00e4lsosamt alternativ f\u00f6r semestern. En hint av kanel, kryddnejlika och en skv\u00e4tt ingef\u00e4ra skapar en perfekt balanserad smak som kommer att fylla ditt hem med doften av jul.<\/p>\n<p>&nbsp;<\/p>","protected":false},"excerpt":{"rendered":"<p><strong>Morotspepparkakor<\/strong> Den kommer att fungera bra som en l\u00e4cker juldessert, en present till n\u00e4ra och k\u00e4ra eller ett h\u00e4lsosamt mellanm\u00e5l f\u00f6r vinterkv\u00e4llar. Kombinationen av tradition med en touch av modernitet g\u00f6r den till det perfekta valet f\u00f6r \u00e5rets h\u00f6gtider!<\/p>","protected":false},"featured_media":14738,"comment_status":"closed","ping_status":"closed","template":"","meta":{"content-type":""},"product_brand":[],"product_cat":[907,81],"product_tag":[845,444,446,445,449,95,435],"class_list":{"0":"post-14572","1":"product","2":"type-product","3":"status-publish","4":"has-post-thumbnail","6":"product_cat-ciasta-swiateczne","7":"product_cat-babki-i-makowce","8":"product_tag-ciasto-dyniowe","9":"product_tag-cukiernia-jacek-placek","10":"product_tag-jacek-placek-gdansk","11":"product_tag-jacek-placek-gowino","12":"product_tag-jacek-placek-sopot","13":"product_tag-piernik","14":"product_tag-piernik-z-dynia","16":"entry","17":"has-media","19":"first","20":"instock","21":"shipping-taxable","22":"product-type-variable","23":"has-default-attributes","24":"has-product-nav","25":"col","26":"span_1_of_4","27":"owp-content-center","28":"owp-thumbs-layout-horizontal","29":"owp-btn-normal","30":"owp-tabs-layout-horizontal"},"acf":[],"_links":{"self":[{"href":"https:\/\/jacekplacek.com.pl\/sv\/wp-json\/wp\/v2\/product\/14572","targetHints":{"allow":["GET"]}}],"collection":[{"href":"https:\/\/jacekplacek.com.pl\/sv\/wp-json\/wp\/v2\/product"}],"about":[{"href":"https:\/\/jacekplacek.com.pl\/sv\/wp-json\/wp\/v2\/types\/product"}],"replies":[{"embeddable":true,"href":"https:\/\/jacekplacek.com.pl\/sv\/wp-json\/wp\/v2\/comments?post=14572"}],"wp:featuredmedia":[{"embeddable":true,"href":"https:\/\/jacekplacek.com.pl\/sv\/wp-json\/wp\/v2\/media\/14738"}],"wp:attachment":[{"href":"https:\/\/jacekplacek.com.pl\/sv\/wp-json\/wp\/v2\/media?parent=14572"}],"wp:term":[{"taxonomy":"product_brand","embeddable":true,"href":"https:\/\/jacekplacek.com.pl\/sv\/wp-json\/wp\/v2\/product_brand?post=14572"},{"taxonomy":"product_cat","embeddable":true,"href":"https:\/\/jacekplacek.com.pl\/sv\/wp-json\/wp\/v2\/product_cat?post=14572"},{"taxonomy":"product_tag","embeddable":true,"href":"https:\/\/jacekplacek.com.pl\/sv\/wp-json\/wp\/v2\/product_tag?post=14572"}],"curies":[{"name":"wp","href":"https:\/\/api.w.org\/{rel}","templated":true}]}}