{"id":14563,"date":"2024-11-14T14:19:51","date_gmt":"2024-11-14T13:19:51","guid":{"rendered":"https:\/\/jacekplacek.com.pl\/?post_type=product&#038;p=14563"},"modified":"2025-12-16T15:38:39","modified_gmt":"2025-12-16T14:38:39","slug":"keto-pepparkakor-med-bjorksocker","status":"publish","type":"product","link":"https:\/\/jacekplacek.com.pl\/sv\/lagra\/kakor-och-kakor\/smakakor\/keto-pepparkakor-med-bjorksocker\/","title":{"rendered":"Keto pepparkakor med bj\u00f6rksocker"},"content":{"rendered":"<p><b>Pepparkakor <\/b>perfekt f\u00f6r personer som bryr sig om sin figur, h\u00e4lsa och smakupplevelser!<\/p>\n<ul>\n<li><strong>Inget socker<\/strong> \u2013 s\u00f6tad med naturligt bj\u00f6rksocker (xylitol), som har ett l\u00e5gt glykemiskt index.\u00a0<span style=\"font-weight: 400;\">Sockerfri chokladglasyr!<\/span><\/li>\n<li><span style=\"font-weight: 400;\">Degens vikt<strong> fr\u00e5n kokos- och mandelmj\u00f6l<\/strong>.<\/span><\/li>\n<li><strong>Perfekt f\u00f6r en ketogen diet<\/strong> \u2013 l\u00e5g kolhydrathalt och h\u00f6g m\u00e4ngd h\u00e4lsosamma fetter.<\/li>\n<li><strong>Traditionell smak<\/strong> \u2013 kryddiga kryddor som kanel, ingef\u00e4ra och kryddnejlika f\u00f6r tankarna till en riktig julst\u00e4mning.<\/li>\n<li><strong>Minskad glutenhalt<\/strong>\u00a0\u2013 l\u00e4mplig f\u00f6r personer som undviker gluten.<\/li>\n<\/ul>\n<p>&nbsp;<\/p>\n<p>&nbsp;<\/p>","protected":false},"excerpt":{"rendered":"<p>Dessa krispiga, aromatiska pepparkakor \u00e4r perfekta till julbordet, som ett nyttigt mellanm\u00e5l eller en present till dina n\u00e4ra och k\u00e4ra. L\u00e4gg till magi till din jul med ditt val <strong>Keto pepparkakor med bj\u00f6rksocker<\/strong> \u2013 tradition i en modern, h\u00e4lsosam variant!<\/p>","protected":false},"featured_media":14566,"comment_status":"closed","ping_status":"closed","template":"","meta":{"content-type":""},"product_brand":[],"product_cat":[400,121],"product_tag":[664,844,431,843,102,99,444,446,445,449,430,95,98],"class_list":{"0":"post-14563","1":"product","2":"type-product","3":"status-publish","4":"has-post-thumbnail","6":"product_cat-ciastka-i-ciasteczka","7":"product_cat-ciasteczka","8":"product_tag-ciasta-na-boze-narodzenie","9":"product_tag-ciasteczka-keto","10":"product_tag-ciasteczka-korzenne","11":"product_tag-ciasto-keto","12":"product_tag-ciasto-korzenne","13":"product_tag-ciasto-swiateczne","14":"product_tag-cukiernia-jacek-placek","15":"product_tag-jacek-placek-gdansk","16":"product_tag-jacek-placek-gowino","17":"product_tag-jacek-placek-sopot","18":"product_tag-pierniczki","19":"product_tag-piernik","20":"product_tag-swieta","22":"entry","23":"has-media","25":"first","26":"outofstock","27":"shipping-taxable","28":"product-type-variable","29":"has-product-nav","30":"col","31":"span_1_of_4","32":"owp-content-center","33":"owp-thumbs-layout-horizontal","34":"owp-btn-normal","35":"owp-tabs-layout-horizontal"},"acf":[],"_links":{"self":[{"href":"https:\/\/jacekplacek.com.pl\/sv\/wp-json\/wp\/v2\/product\/14563","targetHints":{"allow":["GET"]}}],"collection":[{"href":"https:\/\/jacekplacek.com.pl\/sv\/wp-json\/wp\/v2\/product"}],"about":[{"href":"https:\/\/jacekplacek.com.pl\/sv\/wp-json\/wp\/v2\/types\/product"}],"replies":[{"embeddable":true,"href":"https:\/\/jacekplacek.com.pl\/sv\/wp-json\/wp\/v2\/comments?post=14563"}],"wp:featuredmedia":[{"embeddable":true,"href":"https:\/\/jacekplacek.com.pl\/sv\/wp-json\/wp\/v2\/media\/14566"}],"wp:attachment":[{"href":"https:\/\/jacekplacek.com.pl\/sv\/wp-json\/wp\/v2\/media?parent=14563"}],"wp:term":[{"taxonomy":"product_brand","embeddable":true,"href":"https:\/\/jacekplacek.com.pl\/sv\/wp-json\/wp\/v2\/product_brand?post=14563"},{"taxonomy":"product_cat","embeddable":true,"href":"https:\/\/jacekplacek.com.pl\/sv\/wp-json\/wp\/v2\/product_cat?post=14563"},{"taxonomy":"product_tag","embeddable":true,"href":"https:\/\/jacekplacek.com.pl\/sv\/wp-json\/wp\/v2\/product_tag?post=14563"}],"curies":[{"name":"wp","href":"https:\/\/api.w.org\/{rel}","templated":true}]}}