{"id":1442,"date":"2020-11-30T13:57:27","date_gmt":"2020-11-30T12:57:27","guid":{"rendered":"https:\/\/jacekplacek.com.pl\/?post_type=product&#038;p=1442"},"modified":"2025-11-18T18:27:37","modified_gmt":"2025-11-18T17:27:37","slug":"fruktkaka","status":"publish","type":"product","link":"https:\/\/jacekplacek.com.pl\/sv\/lagra\/babki-i-makowce\/fruktkaka\/","title":{"rendered":"fruktkaka"},"content":{"rendered":"<p><strong>Keks \u00e4r den obestridda kungen av l\u00e5nga sandkakor. Det \u00e4r till hans \u00e4ra som vi kallar smala bakpl\u00e5tar: br\u00f6dformar. Och detta \u00f6verfl\u00f6d av torkad frukt...<\/strong><\/p>\n<p><span style=\"font-weight: 400;\">Kommer du ih\u00e5g morm\u00f6drar i silverformar? Vi tackade aluminiumformar och f\u00f6r er packar vi t\u00e5rtor i kartong, naturv\u00e4nliga f\u00f6rpackningar.<\/span><\/p>\n<p><span style=\"font-weight: 400;\">Cupcake\u00e4lskare kommer att vara n\u00f6jda med sitt val i v\u00e5r konfekt -\u00a0<a href=\"https:\/\/jacekplacek.com.pl\/sv\/produktkategori\/mormor\/\" target=\"_blank\" rel=\"noopener\">\u00e5h h\u00e4r...<\/a><\/span><\/p>\n<p>&nbsp;<\/p>","protected":false},"excerpt":{"rendered":"<p><span style=\"font-weight: 400;\">Klassisk avl\u00e5ng sandkaka med torkad frukt, citronsaft och skal.<\/span><\/p>","protected":false},"featured_media":11693,"comment_status":"closed","ping_status":"closed","template":"","meta":{"content-type":""},"product_brand":[],"product_cat":[81,907],"product_tag":[322,472,213,444,446,445,449,326],"class_list":{"0":"post-1442","1":"product","2":"type-product","3":"status-publish","4":"has-post-thumbnail","6":"product_cat-babki-i-makowce","7":"product_cat-ciasta-swiateczne","8":"product_tag-babka","9":"product_tag-babka-piaskowa","10":"product_tag-bakalie","11":"product_tag-cukiernia-jacek-placek","12":"product_tag-jacek-placek-gdansk","13":"product_tag-jacek-placek-gowino","14":"product_tag-jacek-placek-sopot","15":"product_tag-keks","17":"entry","18":"has-media","20":"first","21":"instock","22":"shipping-taxable","23":"product-type-variable","24":"has-default-attributes","25":"has-product-nav","26":"col","27":"span_1_of_4","28":"owp-content-center","29":"owp-thumbs-layout-horizontal","30":"owp-btn-normal","31":"owp-tabs-layout-horizontal"},"acf":[],"_links":{"self":[{"href":"https:\/\/jacekplacek.com.pl\/sv\/wp-json\/wp\/v2\/product\/1442","targetHints":{"allow":["GET"]}}],"collection":[{"href":"https:\/\/jacekplacek.com.pl\/sv\/wp-json\/wp\/v2\/product"}],"about":[{"href":"https:\/\/jacekplacek.com.pl\/sv\/wp-json\/wp\/v2\/types\/product"}],"replies":[{"embeddable":true,"href":"https:\/\/jacekplacek.com.pl\/sv\/wp-json\/wp\/v2\/comments?post=1442"}],"wp:featuredmedia":[{"embeddable":true,"href":"https:\/\/jacekplacek.com.pl\/sv\/wp-json\/wp\/v2\/media\/11693"}],"wp:attachment":[{"href":"https:\/\/jacekplacek.com.pl\/sv\/wp-json\/wp\/v2\/media?parent=1442"}],"wp:term":[{"taxonomy":"product_brand","embeddable":true,"href":"https:\/\/jacekplacek.com.pl\/sv\/wp-json\/wp\/v2\/product_brand?post=1442"},{"taxonomy":"product_cat","embeddable":true,"href":"https:\/\/jacekplacek.com.pl\/sv\/wp-json\/wp\/v2\/product_cat?post=1442"},{"taxonomy":"product_tag","embeddable":true,"href":"https:\/\/jacekplacek.com.pl\/sv\/wp-json\/wp\/v2\/product_tag?post=1442"}],"curies":[{"name":"wp","href":"https:\/\/api.w.org\/{rel}","templated":true}]}}