{"id":14367,"date":"2024-10-17T11:38:00","date_gmt":"2024-10-17T09:38:00","guid":{"rendered":"https:\/\/jacekplacek.com.pl\/?post_type=product&#038;p=14367"},"modified":"2025-11-18T18:31:21","modified_gmt":"2025-11-18T17:31:21","slug":"morotskaka-3","status":"publish","type":"product","link":"https:\/\/jacekplacek.com.pl\/sv\/lagra\/fruktkakor\/morotskaka-3\/","title":{"rendered":"Pumpa t\u00e5rta med \u00e4pplen och passionsfrukt"},"content":{"rendered":"<p>Kombinationen av kr\u00e4mig pumpa och exotisk passionsfrukt ger en fr\u00e4sch, men samtidigt v\u00e4rmande smak. Den perfekta kombinationen av s\u00f6tma med den l\u00e4tta syran av en tropisk frukt. T\u00e5rtan \u00e4r perfekt f\u00f6r h\u00f6stkv\u00e4llar, serverad b\u00e5de varm och kall.<\/p>","protected":false},"excerpt":{"rendered":"<p>Kombinationen av kr\u00e4mig pumpa och exotisk passionsfrukt ger en fr\u00e4sch, men samtidigt v\u00e4rmande smak. Den perfekta kombinationen av s\u00f6tma med den l\u00e4tta syran av en tropisk frukt. T\u00e5rtan \u00e4r perfekt f\u00f6r h\u00f6stkv\u00e4llar, serverad b\u00e5de varm och kall.<\/p>","protected":false},"featured_media":14376,"comment_status":"closed","ping_status":"closed","template":"","meta":{"content-type":""},"product_brand":[],"product_cat":[907,74,830],"product_tag":[380,841,444,839,446,445,449,840],"class_list":{"0":"post-14367","1":"product","2":"type-product","3":"status-publish","4":"has-post-thumbnail","6":"product_cat-ciasta-swiateczne","7":"product_cat-ciasta-owocowe","8":"product_cat-tarty","9":"product_tag-ciasto","10":"product_tag-ciasto-dyniowem-z-marakuja","11":"product_tag-cukiernia-jacek-placek","12":"product_tag-dyniowe","13":"product_tag-jacek-placek-gdansk","14":"product_tag-jacek-placek-gowino","15":"product_tag-jacek-placek-sopot","16":"product_tag-tarta-dyniowa","18":"entry","19":"has-media","21":"first","22":"instock","23":"shipping-taxable","24":"product-type-variable","25":"has-default-attributes","26":"has-product-nav","27":"col","28":"span_1_of_4","29":"owp-content-center","30":"owp-thumbs-layout-horizontal","31":"owp-btn-normal","32":"owp-tabs-layout-horizontal"},"acf":[],"_links":{"self":[{"href":"https:\/\/jacekplacek.com.pl\/sv\/wp-json\/wp\/v2\/product\/14367","targetHints":{"allow":["GET"]}}],"collection":[{"href":"https:\/\/jacekplacek.com.pl\/sv\/wp-json\/wp\/v2\/product"}],"about":[{"href":"https:\/\/jacekplacek.com.pl\/sv\/wp-json\/wp\/v2\/types\/product"}],"replies":[{"embeddable":true,"href":"https:\/\/jacekplacek.com.pl\/sv\/wp-json\/wp\/v2\/comments?post=14367"}],"wp:featuredmedia":[{"embeddable":true,"href":"https:\/\/jacekplacek.com.pl\/sv\/wp-json\/wp\/v2\/media\/14376"}],"wp:attachment":[{"href":"https:\/\/jacekplacek.com.pl\/sv\/wp-json\/wp\/v2\/media?parent=14367"}],"wp:term":[{"taxonomy":"product_brand","embeddable":true,"href":"https:\/\/jacekplacek.com.pl\/sv\/wp-json\/wp\/v2\/product_brand?post=14367"},{"taxonomy":"product_cat","embeddable":true,"href":"https:\/\/jacekplacek.com.pl\/sv\/wp-json\/wp\/v2\/product_cat?post=14367"},{"taxonomy":"product_tag","embeddable":true,"href":"https:\/\/jacekplacek.com.pl\/sv\/wp-json\/wp\/v2\/product_tag?post=14367"}],"curies":[{"name":"wp","href":"https:\/\/api.w.org\/{rel}","templated":true}]}}