{"id":11963,"date":"2024-01-18T11:49:22","date_gmt":"2024-01-18T10:49:22","guid":{"rendered":"https:\/\/jacekplacek.com.pl\/?post_type=product&#038;p=11963"},"modified":"2025-11-18T18:31:05","modified_gmt":"2025-11-18T17:31:05","slug":"yoghurtmuffins-med-blabar-12","status":"publish","type":"product","link":"https:\/\/jacekplacek.com.pl\/sv\/lagra\/graddkakor\/yoghurtmuffins-med-blabar-12\/","title":{"rendered":"S\u00f6t paketsats \u2013 f\u00f6r f\u00f6retag"},"content":{"rendered":"<p><b>S\u00f6t paket<\/b><span style=\"font-weight: 400;\"> \u00e4r 24 skivade degportioner i muffinsfoder med en genomsnittlig vikt p\u00e5 1,90 kg (i individuella pergamenth\u00f6ljen). Setet inneh\u00e5ller 3 typer av kakor, arrangerade p\u00e5 en s\u00e4rskild bricka, i en skyddande ask.<\/span><\/p>\n<p><span style=\"font-weight: 400;\">Till seten v\u00e4ljer vi kakor som kan f\u00f6rvaras i rumstemperatur hela dagen, eller till och med i kylen <\/span><b>5 dagar!<\/b><\/p>\n<div class=\"x1e56ztr\" data-block=\"true\" data-editor=\"9812b\" data-offset-key=\"atun-0-0\"><\/div>\n<div class=\"x1e56ztr\" data-block=\"true\" data-editor=\"9812b\" data-offset-key=\"clmd4-0-0\">\n<div class=\"_1mf _1mj\" data-offset-key=\"clmd4-0-0\"><span data-offset-key=\"clmd4-0-0\"> Detta \u00e4r ett idealiskt f\u00f6rslag f\u00f6r f\u00f6retag och arbetsplatser d\u00e4r s\u00f6ta f\u00f6rfriskningar ofta ordnas f\u00f6r anst\u00e4llda och g\u00e4ster. <\/span>V\u00e5rt set inneh\u00e5ller f\u00e4rdigskurna t\u00e5rtbitar som du bara beh\u00f6ver ta och \u00e4ta.<\/div>\n<\/div>\n<div class=\"x1e56ztr\" data-block=\"true\" data-editor=\"9812b\" data-offset-key=\"54kc3-0-0\">\n<div class=\"_1mf _1mj\" data-offset-key=\"54kc3-0-0\"><span data-offset-key=\"54kc3-0-0\">Varje vecka erbjuder vi olika typer av bakverk i paketet - med<\/span><span data-offset-key=\"2709o-0-0\">Vi inbjuder dig att ta del av v\u00e5rt nya erbjudande och kontakta cake@jacekplacek.com.pl.<\/span><\/div>\n<\/div>","protected":false},"excerpt":{"rendered":"<p><span style=\"font-weight: 400;\"><b>S\u00f6t paket<\/b> det \u00e4r 24 portioner av deg i cupcake liners - lika m\u00e5nga som <\/span><span style=\"font-weight: 400;\">3 olika smaker \u2013 alla hittar n\u00e5got f\u00f6r sig sj\u00e4lva!\u00a0<\/span><span style=\"font-weight: 400;\">Olika smaker varje vecka! Best\u00e4ll en prenumeration till ditt f\u00f6retag idag \u2013 sklep@jacekplacek.com.pl.\u00a0<\/span><\/p>","protected":false},"featured_media":11969,"comment_status":"closed","ping_status":"closed","template":"","meta":{"content-type":""},"product_brand":[],"product_cat":[398],"product_tag":[805,804,444,803,446,445,449,801,802],"class_list":{"0":"post-11963","1":"product","2":"type-product","3":"status-publish","4":"has-post-thumbnail","6":"product_cat-ciasta-kremowe","7":"product_tag-abonament-ciast","8":"product_tag-ciasto-do-firm","9":"product_tag-cukiernia-jacek-placek","10":"product_tag-dla-firm","11":"product_tag-jacek-placek-gdansk","12":"product_tag-jacek-placek-gowino","13":"product_tag-jacek-placek-sopot","14":"product_tag-zestaw-ciast","15":"product_tag-zestaw-dla-firm","17":"entry","18":"has-media","20":"first","21":"instock","22":"shipping-taxable","23":"product-type-simple","24":"has-product-nav","25":"col","26":"span_1_of_4","27":"owp-content-center","28":"owp-thumbs-layout-horizontal","29":"owp-btn-normal","30":"owp-tabs-layout-horizontal"},"acf":[],"_links":{"self":[{"href":"https:\/\/jacekplacek.com.pl\/sv\/wp-json\/wp\/v2\/product\/11963","targetHints":{"allow":["GET"]}}],"collection":[{"href":"https:\/\/jacekplacek.com.pl\/sv\/wp-json\/wp\/v2\/product"}],"about":[{"href":"https:\/\/jacekplacek.com.pl\/sv\/wp-json\/wp\/v2\/types\/product"}],"replies":[{"embeddable":true,"href":"https:\/\/jacekplacek.com.pl\/sv\/wp-json\/wp\/v2\/comments?post=11963"}],"wp:featuredmedia":[{"embeddable":true,"href":"https:\/\/jacekplacek.com.pl\/sv\/wp-json\/wp\/v2\/media\/11969"}],"wp:attachment":[{"href":"https:\/\/jacekplacek.com.pl\/sv\/wp-json\/wp\/v2\/media?parent=11963"}],"wp:term":[{"taxonomy":"product_brand","embeddable":true,"href":"https:\/\/jacekplacek.com.pl\/sv\/wp-json\/wp\/v2\/product_brand?post=11963"},{"taxonomy":"product_cat","embeddable":true,"href":"https:\/\/jacekplacek.com.pl\/sv\/wp-json\/wp\/v2\/product_cat?post=11963"},{"taxonomy":"product_tag","embeddable":true,"href":"https:\/\/jacekplacek.com.pl\/sv\/wp-json\/wp\/v2\/product_tag?post=11963"}],"curies":[{"name":"wp","href":"https:\/\/api.w.org\/{rel}","templated":true}]}}