{"id":11455,"date":"2023-11-28T16:20:39","date_gmt":"2023-11-28T15:20:39","guid":{"rendered":"https:\/\/jacekplacek.com.pl\/?post_type=product&#038;p=11455"},"modified":"2025-11-18T18:31:02","modified_gmt":"2025-11-18T17:31:02","slug":"mini-espresso-marang-3-st","status":"publish","type":"product","link":"https:\/\/jacekplacek.com.pl\/sv\/lagra\/torty_i_desery\/mini-desserter-for-kafeer\/mini-espresso-marang-3-st\/","title":{"rendered":"Espresso mini mar\u00e4ngkaka, 3 stycken"},"content":{"rendered":"<p>Efterr\u00e4tt inte bara f\u00f6r eleganta bord - perfekt f\u00f6r att fira namnsdagar, f\u00f6delsedagar eller andra firanden hemma eller p\u00e5 jobbet...<\/p>\n<p><strong>Kaffekr\u00e4m baserad p\u00e5 Kahula kaffelik\u00f6r i kombination med mj\u00f6lkchoklad \u00e4r en unik smakupplevelse f\u00f6r \u00e4lskare av kaffe med mar\u00e4ng, eller som i det h\u00e4r fallet \u2013 mar\u00e4ng med kaffe. Mitten av kakan d\u00f6ljer en l\u00e4tt bitter och halvflytande kakaomassa.<\/strong><\/p>\n<p>Om du gillar mar\u00e4ngdesserter, l\u00e4gg bara till en n\u00e4ve torkad frukt, frukt eller en boll av din favoritglass s\u00e5 \u00e4r det klart!<\/p>\n<p>Produkt tillg\u00e4nglig i\u00a0<strong>3 st i samlad f\u00f6rpackning (1 st ca 150g).<\/strong><\/p>","protected":false},"excerpt":{"rendered":"<p><span style=\"font-weight: 400;\">Kaffekr\u00e4m baserad p\u00e5 Kahula kaffelik\u00f6r i kombination med mj\u00f6lkchoklad \u00e4r en unik smakupplevelse f\u00f6r kaffemar\u00e4ng\u00e4lskare.<\/span><\/p>\n<p>Produkt tillg\u00e4nglig i\u00a0<strong>3 st i samlad f\u00f6rpackning (1 st ca 150g).<\/strong><\/p>","protected":false},"featured_media":11458,"comment_status":"closed","ping_status":"closed","template":"","meta":{"content-type":""},"product_brand":[],"product_cat":[723],"product_tag":[444,442,446,445,291,450,447,448],"class_list":{"0":"post-11455","1":"product","2":"type-product","3":"status-publish","4":"has-post-thumbnail","6":"product_cat-mini-desery-do-kawiarni","7":"product_tag-cukiernia-jacek-placek","8":"product_tag-deser-jednoporcjowy","9":"product_tag-jacek-placek-gdansk","10":"product_tag-jacek-placek-gowino","11":"product_tag-tort-malinowy","12":"product_tag-tort-mini","13":"product_tag-tort-red-velvet","14":"product_tag-tort-z-mascarpone","16":"entry","17":"has-media","19":"first","20":"instock","21":"shipping-taxable","22":"product-type-simple","23":"has-product-nav","24":"col","25":"span_1_of_4","26":"owp-content-center","27":"owp-thumbs-layout-horizontal","28":"owp-btn-normal","29":"owp-tabs-layout-horizontal"},"acf":[],"_links":{"self":[{"href":"https:\/\/jacekplacek.com.pl\/sv\/wp-json\/wp\/v2\/product\/11455","targetHints":{"allow":["GET"]}}],"collection":[{"href":"https:\/\/jacekplacek.com.pl\/sv\/wp-json\/wp\/v2\/product"}],"about":[{"href":"https:\/\/jacekplacek.com.pl\/sv\/wp-json\/wp\/v2\/types\/product"}],"replies":[{"embeddable":true,"href":"https:\/\/jacekplacek.com.pl\/sv\/wp-json\/wp\/v2\/comments?post=11455"}],"wp:featuredmedia":[{"embeddable":true,"href":"https:\/\/jacekplacek.com.pl\/sv\/wp-json\/wp\/v2\/media\/11458"}],"wp:attachment":[{"href":"https:\/\/jacekplacek.com.pl\/sv\/wp-json\/wp\/v2\/media?parent=11455"}],"wp:term":[{"taxonomy":"product_brand","embeddable":true,"href":"https:\/\/jacekplacek.com.pl\/sv\/wp-json\/wp\/v2\/product_brand?post=11455"},{"taxonomy":"product_cat","embeddable":true,"href":"https:\/\/jacekplacek.com.pl\/sv\/wp-json\/wp\/v2\/product_cat?post=11455"},{"taxonomy":"product_tag","embeddable":true,"href":"https:\/\/jacekplacek.com.pl\/sv\/wp-json\/wp\/v2\/product_tag?post=11455"}],"curies":[{"name":"wp","href":"https:\/\/api.w.org\/{rel}","templated":true}]}}