{"id":11219,"date":"2023-11-09T16:12:40","date_gmt":"2023-11-09T15:12:40","guid":{"rendered":"https:\/\/jacekplacek.com.pl\/?post_type=product&#038;p=11219"},"modified":"2025-11-18T18:31:01","modified_gmt":"2025-11-18T17:31:01","slug":"mini-royal-chokladkaka-6-stycken","status":"publish","type":"product","link":"https:\/\/jacekplacek.com.pl\/sv\/lagra\/torty_i_desery\/monoporcje-na-catering\/mini-royal-chokladkaka-6-stycken\/","title":{"rendered":"Nanokaka Royal Chocolate 6 st"},"content":{"rendered":"<p><b>Royal Chocolate nano cake \u00e4r en riktig njutning f\u00f6r choklad\u00e4lskare.<\/b><\/p>\n<p><span style=\"font-weight: 400;\">Denna fantastiska chokladmousse f\u00e5r extraordin\u00e4ra smaker tack vare en hint av bisonost, vilket ger den karakt\u00e4r och ett unikt smakdjup. Mellan lagren p\u00e5 denna unika t\u00e5rta hittar du dessutom krispiga puffar som ger den en unik konsistens.<\/span><\/p>\n<p><span style=\"font-weight: 400;\">Men det \u00e4r inte slutet p\u00e5 \u00f6verraskningarna! V\u00e5r mousse \u00e4r t\u00e4ckt med delikat bl\u00e5b\u00e4rs- och vinb\u00e4rssylt, som tillf\u00f6r lite friskhet och fruktig charm. <\/span><b>Detta \u00e4r en kaka som erbjuder en harmoni av s\u00f6tma och distinkt smak i varje tugga. Kom till v\u00e5r konfektyrbutik och sk\u00e4m bort dig sj\u00e4lv med en Royal Chocolate nano-t\u00e5rta!<\/b><\/p>\n<p>Efterr\u00e4tt inte bara f\u00f6r eleganta bord - perfekt f\u00f6r att fira namnsdagar, f\u00f6delsedagar eller andra firanden hemma eller p\u00e5 jobbet...<\/p>\n<p>Produkt tillg\u00e4nglig i\u00a0<strong>6 st i samlingsf\u00f6rpackning (6 st ca 360g).<\/strong><\/p>","protected":false},"excerpt":{"rendered":"<p><span style=\"font-weight: 400;\">Detta \u00e4r en kaka som erbjuder en harmoni av s\u00f6tma och distinkt smak i varje tugga. Kom till v\u00e5r konditoributik och sk\u00e4m bort dig sj\u00e4lv med en Royal Chokladkaka!<\/span><\/p>\n<p>Produkt tillg\u00e4nglig i\u00a0<strong>6 st i samlingsf\u00f6rpackning (6 st ca 360g).<\/strong><\/p>","protected":false},"featured_media":11465,"comment_status":"closed","ping_status":"closed","template":"","meta":{"content-type":""},"product_brand":[],"product_cat":[693],"product_tag":[444,442,446,445,176,291,450,771],"class_list":{"0":"post-11219","1":"product","2":"type-product","3":"status-publish","4":"has-post-thumbnail","6":"product_cat-monoporcje-na-catering","7":"product_tag-cukiernia-jacek-placek","8":"product_tag-deser-jednoporcjowy","9":"product_tag-jacek-placek-gdansk","10":"product_tag-jacek-placek-gowino","11":"product_tag-tort-czekoladowy","12":"product_tag-tort-malinowy","13":"product_tag-tort-mini","14":"product_tag-tort-royal-chocolate","16":"entry","17":"has-media","19":"first","20":"instock","21":"shipping-taxable","22":"product-type-simple","23":"has-product-nav","24":"col","25":"span_1_of_4","26":"owp-content-center","27":"owp-thumbs-layout-horizontal","28":"owp-btn-normal","29":"owp-tabs-layout-horizontal"},"acf":[],"_links":{"self":[{"href":"https:\/\/jacekplacek.com.pl\/sv\/wp-json\/wp\/v2\/product\/11219","targetHints":{"allow":["GET"]}}],"collection":[{"href":"https:\/\/jacekplacek.com.pl\/sv\/wp-json\/wp\/v2\/product"}],"about":[{"href":"https:\/\/jacekplacek.com.pl\/sv\/wp-json\/wp\/v2\/types\/product"}],"replies":[{"embeddable":true,"href":"https:\/\/jacekplacek.com.pl\/sv\/wp-json\/wp\/v2\/comments?post=11219"}],"wp:featuredmedia":[{"embeddable":true,"href":"https:\/\/jacekplacek.com.pl\/sv\/wp-json\/wp\/v2\/media\/11465"}],"wp:attachment":[{"href":"https:\/\/jacekplacek.com.pl\/sv\/wp-json\/wp\/v2\/media?parent=11219"}],"wp:term":[{"taxonomy":"product_brand","embeddable":true,"href":"https:\/\/jacekplacek.com.pl\/sv\/wp-json\/wp\/v2\/product_brand?post=11219"},{"taxonomy":"product_cat","embeddable":true,"href":"https:\/\/jacekplacek.com.pl\/sv\/wp-json\/wp\/v2\/product_cat?post=11219"},{"taxonomy":"product_tag","embeddable":true,"href":"https:\/\/jacekplacek.com.pl\/sv\/wp-json\/wp\/v2\/product_tag?post=11219"}],"curies":[{"name":"wp","href":"https:\/\/api.w.org\/{rel}","templated":true}]}}