{"id":11215,"date":"2023-11-09T16:12:10","date_gmt":"2023-11-09T15:12:10","guid":{"rendered":"https:\/\/jacekplacek.com.pl\/?post_type=product&#038;p=11215"},"modified":"2025-11-18T18:30:59","modified_gmt":"2025-11-18T17:30:59","slug":"minitarta-med-vit-choklad-och-hallon-6-st","status":"publish","type":"product","link":"https:\/\/jacekplacek.com.pl\/sv\/lagra\/torty_i_desery\/monoporcje-na-catering\/minitarta-med-vit-choklad-och-hallon-6-st\/","title":{"rendered":"Nanokaka med vit choklad och hallon, 6 st"},"content":{"rendered":"<p><b>En fr\u00f6jd f\u00f6r sinnena \u2013 v\u00e5r nanokaka med vit choklad och hallon!<\/b><\/p>\n<p><span style=\"font-weight: 400;\">Detta \u00e4r en delikat gr\u00e4ddmousse som kombinerar kr\u00e4mig vit choklad med saftiga hallon. Detta \u00e4r en kombination av smaker som gl\u00e4der b\u00e5de s\u00f6tsaker och frukt\u00e4lskare. Vi inbjuder dig hj\u00e4rtligt att njuta av smaken av nanokaka med vit choklad och hallon.<\/span><\/p>\n<p><span style=\"font-weight: 400;\">Vi uppmuntrar dig att best\u00e4lla en t\u00e5rta i form av en g\u00e5va, med den utvalda <\/span><b>gratulationskort<\/b><span style=\"font-weight: 400;\"> och matchande <\/span><b>ljus<\/b><span style=\"font-weight: 400;\">.<\/span><\/p>\n<p>Efterr\u00e4tt inte bara f\u00f6r eleganta bord - perfekt f\u00f6r att fira namnsdagar, f\u00f6delsedagar eller andra firanden hemma eller p\u00e5 jobbet...<\/p>\n<p>Produkt tillg\u00e4nglig i\u00a0<strong>6 st i samlingsf\u00f6rpackning (6 st ca 360g).<\/strong><\/p>","protected":false},"excerpt":{"rendered":"<p><span style=\"font-weight: 400;\">En delikat gr\u00e4ddmousse som kombinerar kr\u00e4mig vit choklad med saftiga hallon - en kombination av smaker som kommer att gl\u00e4dja dig! <\/span><\/p>\n<p>Produkt tillg\u00e4nglig i\u00a0<strong>6 st i samlingsf\u00f6rpackning (6 st ca 360g).<\/strong><\/p>","protected":false},"featured_media":11477,"comment_status":"closed","ping_status":"closed","template":"","meta":{"content-type":""},"product_brand":[],"product_cat":[693],"product_tag":[444,763,442,446,445,736,291,450,735,762,738,759],"class_list":{"0":"post-11215","1":"product","2":"type-product","3":"status-publish","4":"has-post-thumbnail","6":"product_cat-monoporcje-na-catering","7":"product_tag-cukiernia-jacek-placek","8":"product_tag-deser-biala-czekolada","9":"product_tag-deser-jednoporcjowy","10":"product_tag-jacek-placek-gdansk","11":"product_tag-jacek-placek-gowino","12":"product_tag-tort-biala-czekolada","13":"product_tag-tort-malinowy","14":"product_tag-tort-mini","15":"product_tag-tort-owocowy","16":"product_tag-tort-z-biala-czekolada","17":"product_tag-tort-z-malinami","18":"product_tag-tort-z-owocami","20":"entry","21":"has-media","23":"first","24":"instock","25":"shipping-taxable","26":"product-type-simple","27":"has-product-nav","28":"col","29":"span_1_of_4","30":"owp-content-center","31":"owp-thumbs-layout-horizontal","32":"owp-btn-normal","33":"owp-tabs-layout-horizontal"},"acf":[],"_links":{"self":[{"href":"https:\/\/jacekplacek.com.pl\/sv\/wp-json\/wp\/v2\/product\/11215","targetHints":{"allow":["GET"]}}],"collection":[{"href":"https:\/\/jacekplacek.com.pl\/sv\/wp-json\/wp\/v2\/product"}],"about":[{"href":"https:\/\/jacekplacek.com.pl\/sv\/wp-json\/wp\/v2\/types\/product"}],"replies":[{"embeddable":true,"href":"https:\/\/jacekplacek.com.pl\/sv\/wp-json\/wp\/v2\/comments?post=11215"}],"wp:featuredmedia":[{"embeddable":true,"href":"https:\/\/jacekplacek.com.pl\/sv\/wp-json\/wp\/v2\/media\/11477"}],"wp:attachment":[{"href":"https:\/\/jacekplacek.com.pl\/sv\/wp-json\/wp\/v2\/media?parent=11215"}],"wp:term":[{"taxonomy":"product_brand","embeddable":true,"href":"https:\/\/jacekplacek.com.pl\/sv\/wp-json\/wp\/v2\/product_brand?post=11215"},{"taxonomy":"product_cat","embeddable":true,"href":"https:\/\/jacekplacek.com.pl\/sv\/wp-json\/wp\/v2\/product_cat?post=11215"},{"taxonomy":"product_tag","embeddable":true,"href":"https:\/\/jacekplacek.com.pl\/sv\/wp-json\/wp\/v2\/product_tag?post=11215"}],"curies":[{"name":"wp","href":"https:\/\/api.w.org\/{rel}","templated":true}]}}