{"id":11214,"date":"2023-11-09T16:12:06","date_gmt":"2023-11-09T15:12:06","guid":{"rendered":"https:\/\/jacekplacek.com.pl\/?post_type=product&#038;p=11214"},"modified":"2025-11-18T18:30:59","modified_gmt":"2025-11-18T17:30:59","slug":"nanosaltad-kolakaka-6-stycken","status":"publish","type":"product","link":"https:\/\/jacekplacek.com.pl\/sv\/lagra\/torty_i_desery\/monoporcje-na-catering\/nanosaltad-kolakaka-6-stycken\/","title":{"rendered":"Nanosaltad kolakaka, 6 stycken"},"content":{"rendered":"<p><b>Vi presenterar nano Salted Caramel Cake, som kombinerar en unik gr\u00e4ddmousse med delikat saltad karamell.<\/b><span style=\"font-weight: 400;\"> Det \u00e4r en kombination av smaker som skapar en ovanlig och \u00f6verraskande kontrast. Insidan av t\u00e5rtan \u00e4r dekorerad med krispiga kolajordn\u00f6tter, och den franska &quot;Dulce de Leche&quot;-dekorationen och karamellpopcorn \u00e4r en unik kulmination p\u00e5 denna l\u00e4ckra t\u00e5rta. Det \u00e4r ett s\u00f6tt och salt paradis f\u00f6r gourmeter.<\/span><\/p>\n<p><b>Njut av smaken av nanosaltad kolakaka med oss!<\/b><\/p>\n<p>Efterr\u00e4tt inte bara f\u00f6r eleganta bord - perfekt f\u00f6r att fira namnsdagar, f\u00f6delsedagar eller andra firanden hemma eller p\u00e5 jobbet...<\/p>\n<p>Produkt tillg\u00e4nglig i\u00a0<strong>6 st i samlingsf\u00f6rpackning (6 st ca 360g).<\/strong><\/p>","protected":false},"excerpt":{"rendered":"<p><span style=\"font-weight: 400;\">En l\u00e4cker kombination av gr\u00e4ddmousse och saltad kola. Ett lager n\u00f6tter i kola ger kakan karakt\u00e4r. Den franska &quot;Dulche de leche&quot; dekorationen och karamellpopcorn \u00e4r ett bra avslut p\u00e5 denna l\u00e4ckra t\u00e5rta.<\/span><\/p>\n<p>Produkt tillg\u00e4nglig i\u00a0<strong>6 st i samlingsf\u00f6rpackning (6 st ca 360g).<\/strong><\/p>","protected":false},"featured_media":11351,"comment_status":"closed","ping_status":"closed","template":"","meta":{"content-type":""},"product_brand":[],"product_cat":[693],"product_tag":[444,442,446,445,764,450,760],"class_list":{"0":"post-11214","1":"product","2":"type-product","3":"status-publish","4":"has-post-thumbnail","6":"product_cat-monoporcje-na-catering","7":"product_tag-cukiernia-jacek-placek","8":"product_tag-deser-jednoporcjowy","9":"product_tag-jacek-placek-gdansk","10":"product_tag-jacek-placek-gowino","11":"product_tag-slony-karmel","12":"product_tag-tort-mini","13":"product_tag-tort-slony-karmel","15":"entry","16":"has-media","18":"first","19":"instock","20":"shipping-taxable","21":"product-type-simple","22":"has-product-nav","23":"col","24":"span_1_of_4","25":"owp-content-center","26":"owp-thumbs-layout-horizontal","27":"owp-btn-normal","28":"owp-tabs-layout-horizontal"},"acf":[],"_links":{"self":[{"href":"https:\/\/jacekplacek.com.pl\/sv\/wp-json\/wp\/v2\/product\/11214","targetHints":{"allow":["GET"]}}],"collection":[{"href":"https:\/\/jacekplacek.com.pl\/sv\/wp-json\/wp\/v2\/product"}],"about":[{"href":"https:\/\/jacekplacek.com.pl\/sv\/wp-json\/wp\/v2\/types\/product"}],"replies":[{"embeddable":true,"href":"https:\/\/jacekplacek.com.pl\/sv\/wp-json\/wp\/v2\/comments?post=11214"}],"wp:featuredmedia":[{"embeddable":true,"href":"https:\/\/jacekplacek.com.pl\/sv\/wp-json\/wp\/v2\/media\/11351"}],"wp:attachment":[{"href":"https:\/\/jacekplacek.com.pl\/sv\/wp-json\/wp\/v2\/media?parent=11214"}],"wp:term":[{"taxonomy":"product_brand","embeddable":true,"href":"https:\/\/jacekplacek.com.pl\/sv\/wp-json\/wp\/v2\/product_brand?post=11214"},{"taxonomy":"product_cat","embeddable":true,"href":"https:\/\/jacekplacek.com.pl\/sv\/wp-json\/wp\/v2\/product_cat?post=11214"},{"taxonomy":"product_tag","embeddable":true,"href":"https:\/\/jacekplacek.com.pl\/sv\/wp-json\/wp\/v2\/product_tag?post=11214"}],"curies":[{"name":"wp","href":"https:\/\/api.w.org\/{rel}","templated":true}]}}