{"id":11096,"date":"2023-10-27T17:12:29","date_gmt":"2023-10-27T15:12:29","guid":{"rendered":"https:\/\/jacekplacek.com.pl\/?post_type=product&#038;p=11096"},"modified":"2025-11-18T18:30:58","modified_gmt":"2025-11-18T17:30:58","slug":"mini-salta-kolatarta-3-stycken","status":"publish","type":"product","link":"https:\/\/jacekplacek.com.pl\/sv\/lagra\/torty_i_desery\/mini-desserter-for-kafeer\/mini-salta-kolatarta-3-stycken\/","title":{"rendered":"Minisaltad kolat\u00e5rta, 3 stycken"},"content":{"rendered":"<p><b>Vi presenterar Salted Caramel Cake, som kombinerar en unik gr\u00e4ddmousse med delikat saltad kola.<\/b><span style=\"font-weight: 400;\"> Det \u00e4r en kombination av smaker som skapar en ovanlig och \u00f6verraskande kontrast. Insidan av t\u00e5rtan \u00e4r dekorerad med krispiga kolajordn\u00f6tter, och den franska &quot;Dulce de Leche&quot;-dekorationen och karamellpopcorn \u00e4r en unik kulmination p\u00e5 denna l\u00e4ckra t\u00e5rta. Det \u00e4r ett s\u00f6tt och salt paradis f\u00f6r gourmeter.<\/span><\/p>\n<p><b>Njut av smaken av Salted Caramel Cake med oss!<\/b><\/p>\n<p>Efterr\u00e4tt inte bara f\u00f6r eleganta bord - perfekt f\u00f6r att fira namnsdagar, f\u00f6delsedagar eller andra firanden hemma eller p\u00e5 jobbet...<\/p>\n<p>Produkt tillg\u00e4nglig i\u00a0<strong>3 stycken i samlingsf\u00f6rpackning (3 stycken ca 405g).<\/strong><\/p>","protected":false},"excerpt":{"rendered":"<p><span style=\"font-weight: 400;\">En l\u00e4cker kombination av gr\u00e4ddmousse och saltad kola. Ett lager n\u00f6tter i kola ger kakan karakt\u00e4r. Den franska &quot;Dulche de leche&quot; dekorationen och karamellpopcorn \u00e4r ett bra avslut p\u00e5 denna l\u00e4ckra t\u00e5rta.<\/span><\/p>\n<p>Produkt tillg\u00e4nglig i\u00a0<strong>3 stycken i samlingsf\u00f6rpackning (3 stycken ca 405g).<\/strong><\/p>","protected":false},"featured_media":11332,"comment_status":"closed","ping_status":"closed","template":"","meta":{"content-type":""},"product_brand":[],"product_cat":[723],"product_tag":[444,442,446,445,764,450,760],"class_list":{"0":"post-11096","1":"product","2":"type-product","3":"status-publish","4":"has-post-thumbnail","6":"product_cat-mini-desery-do-kawiarni","7":"product_tag-cukiernia-jacek-placek","8":"product_tag-deser-jednoporcjowy","9":"product_tag-jacek-placek-gdansk","10":"product_tag-jacek-placek-gowino","11":"product_tag-slony-karmel","12":"product_tag-tort-mini","13":"product_tag-tort-slony-karmel","15":"entry","16":"has-media","18":"first","19":"instock","20":"shipping-taxable","21":"product-type-simple","22":"has-product-nav","23":"col","24":"span_1_of_4","25":"owp-content-center","26":"owp-thumbs-layout-horizontal","27":"owp-btn-normal","28":"owp-tabs-layout-horizontal"},"acf":[],"_links":{"self":[{"href":"https:\/\/jacekplacek.com.pl\/sv\/wp-json\/wp\/v2\/product\/11096","targetHints":{"allow":["GET"]}}],"collection":[{"href":"https:\/\/jacekplacek.com.pl\/sv\/wp-json\/wp\/v2\/product"}],"about":[{"href":"https:\/\/jacekplacek.com.pl\/sv\/wp-json\/wp\/v2\/types\/product"}],"replies":[{"embeddable":true,"href":"https:\/\/jacekplacek.com.pl\/sv\/wp-json\/wp\/v2\/comments?post=11096"}],"wp:featuredmedia":[{"embeddable":true,"href":"https:\/\/jacekplacek.com.pl\/sv\/wp-json\/wp\/v2\/media\/11332"}],"wp:attachment":[{"href":"https:\/\/jacekplacek.com.pl\/sv\/wp-json\/wp\/v2\/media?parent=11096"}],"wp:term":[{"taxonomy":"product_brand","embeddable":true,"href":"https:\/\/jacekplacek.com.pl\/sv\/wp-json\/wp\/v2\/product_brand?post=11096"},{"taxonomy":"product_cat","embeddable":true,"href":"https:\/\/jacekplacek.com.pl\/sv\/wp-json\/wp\/v2\/product_cat?post=11096"},{"taxonomy":"product_tag","embeddable":true,"href":"https:\/\/jacekplacek.com.pl\/sv\/wp-json\/wp\/v2\/product_tag?post=11096"}],"curies":[{"name":"wp","href":"https:\/\/api.w.org\/{rel}","templated":true}]}}