{"id":11066,"date":"2023-10-26T14:02:41","date_gmt":"2023-10-26T12:02:41","guid":{"rendered":"https:\/\/jacekplacek.com.pl\/?post_type=product&#038;p=11066"},"modified":"2025-11-18T18:31:00","modified_gmt":"2025-11-18T17:31:00","slug":"kung-kaka-2","status":"publish","type":"product","link":"https:\/\/jacekplacek.com.pl\/sv\/lagra\/torty_i_desery\/kakor-2\/kung-kaka-2\/","title":{"rendered":"kunglig t\u00e5rta"},"content":{"rendered":"<p><strong>Vi presenterar kungst\u00e5rtan - en unik kombination av smaker som gl\u00e4der gommen. <\/strong><\/p>\n<p><span style=\"font-weight: 400;\">V\u00e5rt recept \u00e4r baserat p\u00e5 den intensiva smaken av chokladkaka med tillsats av n\u00f6tter, vilket ger den en unik karakt\u00e4r. T\u00e5rtan \u00e4r toppad med chokladkr\u00e4m, fylld med plommonsylt och citronsm\u00f6rkr\u00e4m som ger den l\u00e4tthet och fr\u00e4sch\u00f6r. F\u00f6r att l\u00e4gga till \u00e4nnu fler smak\u00f6verraskningar berikar vi v\u00e5r t\u00e5rta med krispig halva.\u00a0<\/span><\/p>\n<p><strong>Det \u00e4r en s\u00f6t upplevelse och f\u00f6rtj\u00e4nar att kallas kunglig. Kom och se varf\u00f6r kungst\u00e5rtan \u00e4r v\u00e5r obestridda hit!<\/strong><\/p>\n<p><span style=\"font-weight: 400;\">Vi uppmuntrar dig att best\u00e4lla en t\u00e5rta i form av en g\u00e5va, med den utvalda <\/span><b>gratulationskort<\/b><span style=\"font-weight: 400;\"> och matchande <\/span><b>ljus<\/b><span style=\"font-weight: 400;\">.<\/span><\/p>","protected":false},"excerpt":{"rendered":"<p><span data-sheets-root=\"1\">En rikt smaksatt chokladkaka med plommonsylt, citron- och chokladkr\u00e4m och bitar av halva.<\/span><\/p>","protected":false},"featured_media":10969,"comment_status":"closed","ping_status":"closed","template":"","meta":{"content-type":""},"product_brand":[],"product_cat":[123],"product_tag":[747,166,176,309,730,733,731,746,732,734],"class_list":{"0":"post-11066","1":"product","2":"type-product","3":"status-publish","4":"has-post-thumbnail","6":"product_cat-torty","7":"product_tag-luksusowy-tort","8":"product_tag-tort","9":"product_tag-tort-czekoladowy","10":"product_tag-tort-krolewski","11":"product_tag-tort-na-urodziny","12":"product_tag-tort-naturalny","13":"product_tag-tort-urodzinowy","14":"product_tag-tort-z-czekolada-jadalne-zloto","15":"product_tag-torty-naturalne","16":"product_tag-zdrowy-sklad","18":"entry","19":"has-media","21":"first","22":"instock","23":"shipping-taxable","24":"product-type-variable","25":"has-default-attributes","26":"has-product-nav","27":"col","28":"span_1_of_4","29":"owp-content-center","30":"owp-thumbs-layout-horizontal","31":"owp-btn-normal","32":"owp-tabs-layout-horizontal"},"acf":[],"_links":{"self":[{"href":"https:\/\/jacekplacek.com.pl\/sv\/wp-json\/wp\/v2\/product\/11066","targetHints":{"allow":["GET"]}}],"collection":[{"href":"https:\/\/jacekplacek.com.pl\/sv\/wp-json\/wp\/v2\/product"}],"about":[{"href":"https:\/\/jacekplacek.com.pl\/sv\/wp-json\/wp\/v2\/types\/product"}],"replies":[{"embeddable":true,"href":"https:\/\/jacekplacek.com.pl\/sv\/wp-json\/wp\/v2\/comments?post=11066"}],"wp:featuredmedia":[{"embeddable":true,"href":"https:\/\/jacekplacek.com.pl\/sv\/wp-json\/wp\/v2\/media\/10969"}],"wp:attachment":[{"href":"https:\/\/jacekplacek.com.pl\/sv\/wp-json\/wp\/v2\/media?parent=11066"}],"wp:term":[{"taxonomy":"product_brand","embeddable":true,"href":"https:\/\/jacekplacek.com.pl\/sv\/wp-json\/wp\/v2\/product_brand?post=11066"},{"taxonomy":"product_cat","embeddable":true,"href":"https:\/\/jacekplacek.com.pl\/sv\/wp-json\/wp\/v2\/product_cat?post=11066"},{"taxonomy":"product_tag","embeddable":true,"href":"https:\/\/jacekplacek.com.pl\/sv\/wp-json\/wp\/v2\/product_tag?post=11066"}],"curies":[{"name":"wp","href":"https:\/\/api.w.org\/{rel}","templated":true}]}}