{"id":11050,"date":"2023-10-26T14:02:29","date_gmt":"2023-10-26T12:02:29","guid":{"rendered":"https:\/\/jacekplacek.com.pl\/?post_type=product&#038;p=11050"},"modified":"2025-11-18T18:30:59","modified_gmt":"2025-11-18T17:30:59","slug":"pistaschkaka","status":"publish","type":"product","link":"https:\/\/jacekplacek.com.pl\/sv\/lagra\/torty_i_desery\/kakor-2\/pistaschkaka\/","title":{"rendered":"Pistaschkaka"},"content":{"rendered":"<p><span style=\"font-weight: 400;\"><strong>V\u00e4lkommen till en v\u00e4rld av den unika smaken av Pistaschkaka!<\/strong> <\/span><\/p>\n<p><span style=\"font-weight: 400;\">Det \u00e4r en kombination av delikat medelhavspistagemousse och skogsfruktssylt. Insidan av kakan berikades med krispig sm\u00f6rdeg, vilket gav den en intressant konsistens. V\u00e5r pistagekaka \u00e4r en riktig njutning f\u00f6r \u00e4lskare av pistagen\u00f6tter och fruktsmaker. Till\u00e5t dig sj\u00e4lv en stund av njutning med denna unika t\u00e5rta!<\/span><\/p>\n<p><span style=\"font-weight: 400;\">Vi uppmuntrar dig att best\u00e4lla en t\u00e5rta i form av en g\u00e5va, med den utvalda <\/span><b>gratulationskort<\/b><span style=\"font-weight: 400;\"> och matchande <\/span><b>ljus<\/b><span style=\"font-weight: 400;\">.<\/span><\/p>","protected":false},"excerpt":{"rendered":"<p><span data-sheets-root=\"1\">En t\u00e5rta med en delikat kr\u00e4m baserad p\u00e5 medelhavspistagen\u00f6tter, uppbruten med skogsfruktssylt och berikad med krispigt rostat br\u00f6d.<\/span><\/p>","protected":false},"featured_media":10905,"comment_status":"closed","ping_status":"closed","template":"","meta":{"content-type":""},"product_brand":[],"product_cat":[123],"product_tag":[744,166,730,733,743,731,745,732,734],"class_list":{"0":"post-11050","1":"product","2":"type-product","3":"status-publish","4":"has-post-thumbnail","6":"product_cat-torty","7":"product_tag-deser-pistacjowy","8":"product_tag-tort","9":"product_tag-tort-na-urodziny","10":"product_tag-tort-naturalny","11":"product_tag-tort-pistacjowy","12":"product_tag-tort-urodzinowy","13":"product_tag-tort-z-pistacjami","14":"product_tag-torty-naturalne","15":"product_tag-zdrowy-sklad","17":"entry","18":"has-media","20":"first","21":"instock","22":"shipping-taxable","23":"product-type-variable","24":"has-default-attributes","25":"has-product-nav","26":"col","27":"span_1_of_4","28":"owp-content-center","29":"owp-thumbs-layout-horizontal","30":"owp-btn-normal","31":"owp-tabs-layout-horizontal"},"acf":[],"_links":{"self":[{"href":"https:\/\/jacekplacek.com.pl\/sv\/wp-json\/wp\/v2\/product\/11050","targetHints":{"allow":["GET"]}}],"collection":[{"href":"https:\/\/jacekplacek.com.pl\/sv\/wp-json\/wp\/v2\/product"}],"about":[{"href":"https:\/\/jacekplacek.com.pl\/sv\/wp-json\/wp\/v2\/types\/product"}],"replies":[{"embeddable":true,"href":"https:\/\/jacekplacek.com.pl\/sv\/wp-json\/wp\/v2\/comments?post=11050"}],"wp:featuredmedia":[{"embeddable":true,"href":"https:\/\/jacekplacek.com.pl\/sv\/wp-json\/wp\/v2\/media\/10905"}],"wp:attachment":[{"href":"https:\/\/jacekplacek.com.pl\/sv\/wp-json\/wp\/v2\/media?parent=11050"}],"wp:term":[{"taxonomy":"product_brand","embeddable":true,"href":"https:\/\/jacekplacek.com.pl\/sv\/wp-json\/wp\/v2\/product_brand?post=11050"},{"taxonomy":"product_cat","embeddable":true,"href":"https:\/\/jacekplacek.com.pl\/sv\/wp-json\/wp\/v2\/product_cat?post=11050"},{"taxonomy":"product_tag","embeddable":true,"href":"https:\/\/jacekplacek.com.pl\/sv\/wp-json\/wp\/v2\/product_tag?post=11050"}],"curies":[{"name":"wp","href":"https:\/\/api.w.org\/{rel}","templated":true}]}}