{"id":11041,"date":"2023-10-26T14:02:24","date_gmt":"2023-10-26T12:02:24","guid":{"rendered":"https:\/\/jacekplacek.com.pl\/?post_type=product&#038;p=11041"},"modified":"2025-11-18T18:30:55","modified_gmt":"2025-11-18T17:30:55","slug":"italiensk-tiramisu-kaka","status":"publish","type":"product","link":"https:\/\/jacekplacek.com.pl\/sv\/lagra\/torty_i_desery\/kakor-2\/italiensk-tiramisu-kaka\/","title":{"rendered":"Italiensk tiramisu t\u00e5rta"},"content":{"rendered":"<p><strong>En italiensk klassiker i sin godaste version - v\u00e5r italienska Tiramisu Cake. <\/strong><\/p>\n<p><span style=\"font-weight: 400;\">V\u00e5r t\u00e5rta \u00e4r en hyllning till den traditionella italienska desserten baserad p\u00e5 mascarponeost, som inte bara \u00e4r extremt kr\u00e4mig, utan ocks\u00e5 rik p\u00e5 smak. F\u00f6r att tillf\u00f6ra \u00e4nnu mer arom bl\u00f6tl\u00e4gger vi den i kaffepunch med en hint av amarettolik\u00f6r. Det \u00e4r en kombination av smaker som gl\u00e4djer sinnena och f\u00f6rtrollar gommen. <\/span><\/p>\n<p><strong>Italiensk tiramisu-kaka \u00e4r det perfekta valet f\u00f6r den som vill f\u00f6rdjupa sig i Italiens tradition och smaker. Kom till v\u00e5r konditoributik och g\u00e5 p\u00e5 denna smakresa med oss idag! <\/strong><\/p>\n<p><span style=\"font-weight: 400;\">Vi uppmuntrar dig att best\u00e4lla en t\u00e5rta i form av en g\u00e5va, med den utvalda <\/span><b>gratulationskort<\/b><span style=\"font-weight: 400;\"> och matchande <\/span><b>ljus<\/b><span style=\"font-weight: 400;\">.<\/span><\/p>","protected":false},"excerpt":{"rendered":"<p><span data-sheets-root=\"1\">Lager av sockerkaka indr\u00e4nkt i kaffe och amarettolik\u00f6r, kombinerat med kr\u00e4mig mascarpone. Klassiska italienska desserter i form av en uts\u00f6kt t\u00e5rta.<\/span><\/p>","protected":false},"featured_media":10947,"comment_status":"closed","ping_status":"closed","template":"","meta":{"content-type":""},"product_brand":[],"product_cat":[123],"product_tag":[748,749,267,166,304,730,733,296,731,732,702,734],"class_list":{"0":"post-11041","1":"product","2":"type-product","3":"status-publish","4":"has-post-thumbnail","6":"product_cat-torty","7":"product_tag-deser-kawowy","8":"product_tag-deser-tiramisu","9":"product_tag-tiramisu","10":"product_tag-tort","11":"product_tag-tort-kawowy","12":"product_tag-tort-na-urodziny","13":"product_tag-tort-naturalny","14":"product_tag-tort-tiramisu","15":"product_tag-tort-urodzinowy","16":"product_tag-torty-naturalne","17":"product_tag-wloskie-tiramisu","18":"product_tag-zdrowy-sklad","20":"entry","21":"has-media","23":"first","24":"instock","25":"shipping-taxable","26":"product-type-variable","27":"has-default-attributes","28":"has-product-nav","29":"col","30":"span_1_of_4","31":"owp-content-center","32":"owp-thumbs-layout-horizontal","33":"owp-btn-normal","34":"owp-tabs-layout-horizontal"},"acf":[],"_links":{"self":[{"href":"https:\/\/jacekplacek.com.pl\/sv\/wp-json\/wp\/v2\/product\/11041","targetHints":{"allow":["GET"]}}],"collection":[{"href":"https:\/\/jacekplacek.com.pl\/sv\/wp-json\/wp\/v2\/product"}],"about":[{"href":"https:\/\/jacekplacek.com.pl\/sv\/wp-json\/wp\/v2\/types\/product"}],"replies":[{"embeddable":true,"href":"https:\/\/jacekplacek.com.pl\/sv\/wp-json\/wp\/v2\/comments?post=11041"}],"wp:featuredmedia":[{"embeddable":true,"href":"https:\/\/jacekplacek.com.pl\/sv\/wp-json\/wp\/v2\/media\/10947"}],"wp:attachment":[{"href":"https:\/\/jacekplacek.com.pl\/sv\/wp-json\/wp\/v2\/media?parent=11041"}],"wp:term":[{"taxonomy":"product_brand","embeddable":true,"href":"https:\/\/jacekplacek.com.pl\/sv\/wp-json\/wp\/v2\/product_brand?post=11041"},{"taxonomy":"product_cat","embeddable":true,"href":"https:\/\/jacekplacek.com.pl\/sv\/wp-json\/wp\/v2\/product_cat?post=11041"},{"taxonomy":"product_tag","embeddable":true,"href":"https:\/\/jacekplacek.com.pl\/sv\/wp-json\/wp\/v2\/product_tag?post=11041"}],"curies":[{"name":"wp","href":"https:\/\/api.w.org\/{rel}","templated":true}]}}