{"id":11036,"date":"2023-10-26T14:02:09","date_gmt":"2023-10-26T12:02:09","guid":{"rendered":"https:\/\/jacekplacek.com.pl\/?post_type=product&#038;p=11036"},"modified":"2025-11-18T18:30:55","modified_gmt":"2025-11-18T17:30:55","slug":"rodsammetstarta-2","status":"publish","type":"product","link":"https:\/\/jacekplacek.com.pl\/sv\/lagra\/torty_i_desery\/kakor-2\/rodsammetstarta-2\/","title":{"rendered":"R\u00f6dsammetst\u00e5rta"},"content":{"rendered":"<p><strong>Vi inbjuder dig att prova v\u00e5rt flaggskepp Red Velvet Cake - en klassisk dessert med en ny twist. <\/strong><\/p>\n<p><span style=\"font-weight: 400;\"><strong>V\u00e5r t\u00e5rta \u00e4r inte bara aptitretande, utan ocks\u00e5 h\u00e4lsosam eftersom vi undviker konstgjorda tillsatser genom att anv\u00e4nda ett naturligt lykopenf\u00e4rg\u00e4mne fr\u00e5n tomater.<\/strong> Vi fyller insidan av t\u00e5rtan med l\u00e4cker mascarponekr\u00e4m och hallonsylt, vilket ger den en unik smak. <\/span><span style=\"font-weight: 400;\">Se sj\u00e4lv att traditionell smak kan g\u00e5 hand i hand med uppm\u00e4rksamhet p\u00e5 ingrediensernas kvalitet.<\/span><\/p>\n<p><span style=\"font-weight: 400;\">Vi uppmuntrar dig att best\u00e4lla en t\u00e5rta i form av en g\u00e5va, med den utvalda <\/span><b>gratulationskort<\/b><span style=\"font-weight: 400;\"> och matchande <\/span><b>ljus<\/b><span style=\"font-weight: 400;\">.<\/span><\/p>","protected":false},"excerpt":{"rendered":"<p><span data-sheets-root=\"1\">R\u00f6d sockerkaka, f\u00e4rgad med naturlig lykopen fr\u00e5n tomater, lager med mascarponekr\u00e4m och hallonsylt. En klassiker i modern utg\u00e5va, utan konstgjorda till\u00e4gg.<\/span><\/p>","protected":false},"featured_media":9379,"comment_status":"closed","ping_status":"closed","template":"","meta":{"content-type":""},"product_brand":[],"product_cat":[123],"product_tag":[336,166,730,733,447,731,732,734],"class_list":{"0":"post-11036","1":"product","2":"type-product","3":"status-publish","4":"has-post-thumbnail","6":"product_cat-torty","7":"product_tag-red-velvet","8":"product_tag-tort","9":"product_tag-tort-na-urodziny","10":"product_tag-tort-naturalny","11":"product_tag-tort-red-velvet","12":"product_tag-tort-urodzinowy","13":"product_tag-torty-naturalne","14":"product_tag-zdrowy-sklad","16":"entry","17":"has-media","19":"first","20":"instock","21":"shipping-taxable","22":"product-type-variable","23":"has-default-attributes","24":"has-product-nav","25":"col","26":"span_1_of_4","27":"owp-content-center","28":"owp-thumbs-layout-horizontal","29":"owp-btn-normal","30":"owp-tabs-layout-horizontal"},"acf":[],"_links":{"self":[{"href":"https:\/\/jacekplacek.com.pl\/sv\/wp-json\/wp\/v2\/product\/11036","targetHints":{"allow":["GET"]}}],"collection":[{"href":"https:\/\/jacekplacek.com.pl\/sv\/wp-json\/wp\/v2\/product"}],"about":[{"href":"https:\/\/jacekplacek.com.pl\/sv\/wp-json\/wp\/v2\/types\/product"}],"replies":[{"embeddable":true,"href":"https:\/\/jacekplacek.com.pl\/sv\/wp-json\/wp\/v2\/comments?post=11036"}],"wp:featuredmedia":[{"embeddable":true,"href":"https:\/\/jacekplacek.com.pl\/sv\/wp-json\/wp\/v2\/media\/9379"}],"wp:attachment":[{"href":"https:\/\/jacekplacek.com.pl\/sv\/wp-json\/wp\/v2\/media?parent=11036"}],"wp:term":[{"taxonomy":"product_brand","embeddable":true,"href":"https:\/\/jacekplacek.com.pl\/sv\/wp-json\/wp\/v2\/product_brand?post=11036"},{"taxonomy":"product_cat","embeddable":true,"href":"https:\/\/jacekplacek.com.pl\/sv\/wp-json\/wp\/v2\/product_cat?post=11036"},{"taxonomy":"product_tag","embeddable":true,"href":"https:\/\/jacekplacek.com.pl\/sv\/wp-json\/wp\/v2\/product_tag?post=11036"}],"curies":[{"name":"wp","href":"https:\/\/api.w.org\/{rel}","templated":true}]}}