{"id":11031,"date":"2023-10-26T14:00:48","date_gmt":"2023-10-26T12:00:48","guid":{"rendered":"https:\/\/jacekplacek.com.pl\/?post_type=product&#038;p=11031"},"modified":"2025-11-18T18:30:54","modified_gmt":"2025-11-18T17:30:54","slug":"jordgubbstarta-2","status":"publish","type":"product","link":"https:\/\/jacekplacek.com.pl\/sv\/lagra\/torty_i_desery\/kakor-2\/jordgubbstarta-2\/","title":{"rendered":"jordgubbst\u00e5rta"},"content":{"rendered":"<p><b>Jordgubbst\u00e5rta \u2013 en fr\u00f6jd f\u00f6r gommen. V\u00e5r version av denna klassiska delikatess \u00e4r en riktig fest f\u00f6r sinnena!<\/b><\/p>\n<p><span style=\"font-weight: 400;\">T\u00e5rtan \u00e4r gjord av delikat vispgr\u00e4dde och unik jordgubbssylt \u2013 den kommer att tillfredsst\u00e4lla b\u00e5de sm\u00e5 och stora gourmeter! Vad g\u00f6r att det sticker ut? Dess extraordin\u00e4ra smak, som endast kommer fr\u00e5n naturliga ingredienser. Detta \u00e4r s\u00f6tman fr\u00e5n jordgubbar skapade av naturen - njut av deras smak i varje tugga och l\u00e5t dina sinnen njuta av en liten fest!<\/span><\/p>\n<p><span style=\"font-weight: 400;\">Vi uppmuntrar dig att best\u00e4lla en t\u00e5rta i form av en g\u00e5va, med den utvalda <\/span><b>gratulationskort<\/b><span style=\"font-weight: 400;\"> och matchande <\/span><b>ljus<\/b><span style=\"font-weight: 400;\">.<\/span><\/p>","protected":false},"excerpt":{"rendered":"<p><span data-sheets-root=\"1\">En l\u00e4tt t\u00e5rta baserad p\u00e5 vispgr\u00e4dde och jordgubbssylt. Jordgubbarnas naturliga s\u00f6tma njuter av sin smak och g\u00f6r varje tugga till ett rent n\u00f6je.<\/span><\/p>","protected":false},"featured_media":10321,"comment_status":"closed","ping_status":"closed","template":"","meta":{"content-type":""},"product_brand":[],"product_cat":[123],"product_tag":[728,166,730,733,735,297,731,729,732,734],"class_list":{"0":"post-11031","1":"product","2":"type-product","3":"status-publish","4":"has-post-thumbnail","6":"product_cat-torty","7":"product_tag-ciasto-truskawkowe","8":"product_tag-tort","9":"product_tag-tort-na-urodziny","10":"product_tag-tort-naturalny","11":"product_tag-tort-owocowy","12":"product_tag-tort-truskawkowy","13":"product_tag-tort-urodzinowy","14":"product_tag-tort-z-truskawkami","15":"product_tag-torty-naturalne","16":"product_tag-zdrowy-sklad","18":"entry","19":"has-media","21":"first","22":"instock","23":"shipping-taxable","24":"product-type-variable","25":"has-default-attributes","26":"has-product-nav","27":"col","28":"span_1_of_4","29":"owp-content-center","30":"owp-thumbs-layout-horizontal","31":"owp-btn-normal","32":"owp-tabs-layout-horizontal"},"acf":[],"_links":{"self":[{"href":"https:\/\/jacekplacek.com.pl\/sv\/wp-json\/wp\/v2\/product\/11031","targetHints":{"allow":["GET"]}}],"collection":[{"href":"https:\/\/jacekplacek.com.pl\/sv\/wp-json\/wp\/v2\/product"}],"about":[{"href":"https:\/\/jacekplacek.com.pl\/sv\/wp-json\/wp\/v2\/types\/product"}],"replies":[{"embeddable":true,"href":"https:\/\/jacekplacek.com.pl\/sv\/wp-json\/wp\/v2\/comments?post=11031"}],"wp:featuredmedia":[{"embeddable":true,"href":"https:\/\/jacekplacek.com.pl\/sv\/wp-json\/wp\/v2\/media\/10321"}],"wp:attachment":[{"href":"https:\/\/jacekplacek.com.pl\/sv\/wp-json\/wp\/v2\/media?parent=11031"}],"wp:term":[{"taxonomy":"product_brand","embeddable":true,"href":"https:\/\/jacekplacek.com.pl\/sv\/wp-json\/wp\/v2\/product_brand?post=11031"},{"taxonomy":"product_cat","embeddable":true,"href":"https:\/\/jacekplacek.com.pl\/sv\/wp-json\/wp\/v2\/product_cat?post=11031"},{"taxonomy":"product_tag","embeddable":true,"href":"https:\/\/jacekplacek.com.pl\/sv\/wp-json\/wp\/v2\/product_tag?post=11031"}],"curies":[{"name":"wp","href":"https:\/\/api.w.org\/{rel}","templated":true}]}}